{"id":96,"date":"2021-09-24T16:21:59","date_gmt":"2021-09-24T14:21:59","guid":{"rendered":"https:\/\/www.profilc.com\/boutique\/?page_id=96"},"modified":"2023-01-18T16:14:59","modified_gmt":"2023-01-18T15:14:59","slug":"contact","status":"publish","type":"page","link":"https:\/\/www.profilc.com\/boutique\/contact\/","title":{"rendered":"Contact"},"content":{"rendered":"<p>[vc_row full_width=\u00a0\u00bbstretch_row\u00a0\u00bb css=\u00a0\u00bb.vc_custom_1666272527297{background-image: url(https:\/\/www.profilc.com\/boutique\/wp-content\/uploads\/sites\/3\/2022\/10\/entreprise-fabricant-plaque-en-acier-pour-construction.jpg?id=1688) !important;background-position: center !important;background-repeat: no-repeat !important;background-size: cover !important;}\u00a0\u00bb][vc_column][vc_empty_space height=\u00a0\u00bb100px\u00a0\u00bb][vc_column_text el_class=\u00a0\u00bbtitre-tres-grand\u00a0\u00bb]<\/p>\n<p style=\"text-align: center;\">CONTACT<\/p>\n<p>[\/vc_column_text][vc_empty_space height=\u00a0\u00bb100px\u00a0\u00bb][\/vc_column][\/vc_row][vc_row el_class=\u00a0\u00bbblock-coordonnees\u00a0\u00bb][vc_column width=\u00a0\u00bb1\/2&Prime;][vc_column_text el_class=\u00a0\u00bbmoyen-titre fort\u00a0\u00bb]<\/p>\n<h4>Coordonn\u00e9es :<\/h4>\n<p>[\/vc_column_text][vc_raw_html]JTNDcCUzRTEwJTIwUlVFJTIwREVTJTIwSEFZRVMlMjAlRTIlODAlOTMlMjAzOTM4MCUyMFZBVURSRVklM0NiciUzRSUwQSUzQ2ElMjBjbGFzcyUzRCUyMiUyMiUyMGhyZWYlM0QlMjJ0ZWwlM0ElMkIzMzM4NDcxNzI3MiUyMiUyMG9uY2xpY2slM0QlMjJfcGFxLnB1c2glMjglNUIlMjd0cmFja0xpbmslMjclMkMlMjAlMjdodHRwcyUzQSUyRiUyRnd3dy5wcm9maWxjLmNvbSUyRmNsaWMtdGVsJTI3JTJDJTIwJTI3bGluayUyNyU1RCUyOSUzQiUyMiUzRVQlQzMlQTlsJTIwJTNBJTIwMDMlMjA4NCUyMDcxJTIwNzIlMjA3MiUzQyUyRmElM0UlM0NiciUzRSUwQUVtYWlsJTIwJTNBJTBBJTNDYSUyMGNsYXNzJTNEJTIybWFpbCUyMiUyMGhyZWYlM0QlMjJtYWlsdG8lM0Fjb250YWN0JTQwcHJvZmlsYy5jb20lMjIlMjBvbmNsaWNrJTNEJTIyX3BhcS5wdXNoJTI4JTVCJTI3dHJhY2tMaW5rJTI3JTJDJTIwJTI3aHR0cHMlM0ElMkYlMkZ3d3cucHJvZmlsYy5jb20lMkZlbnZvaS1lbWFpbCUyNyUyQyUyMCUyN2xpbmslMjclNUQlMjklM0IlMjIlM0Vjb250YWN0JTQwcHJvZmlsYy5jb20lM0MlMkZhJTNFJTNDJTJGcCUzRQ==[\/vc_raw_html][vc_single_image image=\u00a0\u00bb1261&Prime; img_size=\u00a0\u00bbfull\u00a0\u00bb alignment=\u00a0\u00bbcenter\u00a0\u00bb][\/vc_column][vc_column width=\u00a0\u00bb1\/2&Prime;][vc_column_text]\n<div class=\"wpcf7 no-js\" id=\"wpcf7-f106-o1\" lang=\"fr-FR\" dir=\"ltr\">\n<div class=\"screen-reader-response\"><p role=\"status\" aria-live=\"polite\" aria-atomic=\"true\"><\/p> <ul><\/ul><\/div>\n<form action=\"\/boutique\/wp-json\/wp\/v2\/pages\/96#wpcf7-f106-o1\" method=\"post\" class=\"wpcf7-form init\" aria-label=\"Formulaire de contact\" novalidate=\"novalidate\" data-status=\"init\">\n<div style=\"display: none;\">\n<input type=\"hidden\" name=\"_wpcf7\" value=\"106\" \/>\n<input type=\"hidden\" name=\"_wpcf7_version\" value=\"5.8.7\" \/>\n<input type=\"hidden\" name=\"_wpcf7_locale\" value=\"fr_FR\" \/>\n<input type=\"hidden\" name=\"_wpcf7_unit_tag\" value=\"wpcf7-f106-o1\" \/>\n<input type=\"hidden\" name=\"_wpcf7_container_post\" value=\"0\" \/>\n<input type=\"hidden\" name=\"_wpcf7_posted_data_hash\" value=\"\" \/>\n<\/div>\n<div  class=\"col-md-12 inp1\">\n\t<p><span class=\"wpcf7-form-control-wrap\" data-name=\"your-name\"><input size=\"40\" class=\"wpcf7-form-control wpcf7-text wpcf7-validates-as-required\" aria-required=\"true\" aria-invalid=\"false\" placeholder=\"Nom &amp; Pr\u00e9nom *\" value=\"\" type=\"text\" name=\"your-name\" \/><\/span>\n\t<\/p>\n<\/div>\n<div  class=\"col-md-12 inp1\">\n\t<p><span class=\"wpcf7-form-control-wrap\" data-name=\"tel-11\"><input size=\"40\" class=\"wpcf7-form-control wpcf7-tel wpcf7-validates-as-required wpcf7-text wpcf7-validates-as-tel\" aria-required=\"true\" aria-invalid=\"false\" placeholder=\"T\u00e9l\u00e9phone *\" value=\"\" type=\"tel\" name=\"tel-11\" \/><\/span>\n\t<\/p>\n<\/div>\n<div  class=\"col-md-12 inp1\">\n\t<p><span class=\"wpcf7-form-control-wrap\" data-name=\"your-email\"><input size=\"40\" class=\"wpcf7-form-control wpcf7-email wpcf7-validates-as-required wpcf7-text wpcf7-validates-as-email\" aria-required=\"true\" aria-invalid=\"false\" placeholder=\"E-mail *\" value=\"\" type=\"email\" name=\"your-email\" \/><\/span>\n\t<\/p>\n<\/div>\n<div  class=\"col-md-12 inp1\">\n\t<p><span class=\"wpcf7-form-control-wrap\" data-name=\"societe\"><input size=\"40\" class=\"wpcf7-form-control wpcf7-text wpcf7-validates-as-required\" aria-required=\"true\" aria-invalid=\"false\" placeholder=\"Entreprise *\" value=\"\" type=\"text\" name=\"societe\" \/><\/span>\n\t<\/p>\n<\/div>\n<div  class=\"col-md-12 inp1\">\n\t<p><span class=\"wpcf7-form-control-wrap\" data-name=\"ville\"><input size=\"40\" class=\"wpcf7-form-control wpcf7-text wpcf7-validates-as-required\" aria-required=\"true\" aria-invalid=\"false\" placeholder=\"Ville *\" value=\"\" type=\"text\" name=\"ville\" \/><\/span>\n\t<\/p>\n<\/div>\n<div  class=\"col-md-12 inp1\">\n\t<p><span class=\"wpcf7-form-control-wrap\" data-name=\"your-message\"><textarea cols=\"40\" rows=\"10\" class=\"wpcf7-form-control wpcf7-textarea\" aria-invalid=\"false\" placeholder=\"Message\" name=\"your-message\"><\/textarea><\/span><br \/>\n<span id=\"wpcf7-69d7597eeff2d-wrapper\" class=\"wpcf7-form-control-wrap honeypot-288-wrap\" style=\"display:none !important; visibility:hidden !important;\"><input type=\"hidden\" name=\"honeypot-288-time-start\" value=\"1775720830\"><input type=\"hidden\" name=\"honeypot-288-time-check\" value=\"10\"><label for=\"wpcf7-69d7597eeff2d-field\" class=\"hp-message\">Veuillez laisser ce champ vide.<\/label><input id=\"wpcf7-69d7597eeff2d-field\"  class=\"wpcf7-form-control wpcf7-text\" type=\"text\" name=\"honeypot-288\" value=\"\" size=\"40\" tabindex=\"-1\" autocomplete=\"new-password\" \/><\/span>\n\t<\/p>\n<\/div>\n<div  class=\"col-md-12 inp1\">\n\t<p><span class=\"wpcf7-form-control-wrap\" data-name=\"quiz-69\"><label><span class=\"wpcf7-quiz-label\">Combien font 2 et 2 ?<\/span> <input size=\"40\" class=\"wpcf7-form-control wpcf7-quiz\" autocomplete=\"off\" aria-required=\"true\" aria-invalid=\"false\" type=\"text\" name=\"quiz-69\" \/><\/label><input type=\"hidden\" name=\"_wpcf7_quiz_answer_quiz-69\" value=\"e3d1e839285fdf1f169fcaf452797f93\" \/><\/span><br \/>\n<input class=\"wpcf7-form-control wpcf7-submit has-spinner\" type=\"submit\" value=\"Envoyer\" \/>\n\t<\/p>\n<\/div><div class=\"wpcf7-response-output\" aria-hidden=\"true\"><\/div>\n<\/form>\n<\/div>\n[\/vc_column_text][\/vc_column][\/vc_row][vc_row content_placement=\u00a0\u00bbmiddle\u00a0\u00bb][vc_column][vc_column_text]<\/p>\n<h4>Nous localiser:<\/h4>\n<p>[\/vc_column_text][vc_row_inner][vc_column_inner width=\u00a0\u00bb1\/2&Prime;][vc_gmaps link=\u00a0\u00bb#E-8_JTNDaWZyYW1lJTIwc3JjJTNEJTIyaHR0cHMlM0ElMkYlMkZ3d3cuZ29vZ2xlLmNvbSUyRm1hcHMlMkZlbWJlZCUzRnBiJTNEJTIxMW0xNCUyMTFtOCUyMTFtMyUyMTFkNjk2OTIxLjY0ODU4MjQxOTYlMjEyZDUuNjIxMjk0JTIxM2Q0Ni45NzQ0NTYlMjEzbTIlMjExaTEwMjQlMjEyaTc2OCUyMTRmMTMuMSUyMTNtMyUyMTFtMiUyMTFzMHgwJTI1M0EweGI3YTNhMjQ1OTM4NDE0NDUlMjEyc1Byb2ZpbCUyNTIwQyUyMTVlMCUyMTNtMiUyMTFzZnIlMjEyc3VzJTIxNHYxNjMyNDkyOTQ2ODcyJTIxNW0yJTIxMXNmciUyMTJzdXMlMjIlMjB3aWR0aCUzRCUyMjYwMCUyMiUyMGhlaWdodCUzRCUyMjQ1MCUyMiUyMHN0eWxlJTNEJTIyYm9yZGVyJTNBMCUzQiUyMiUyMGFsbG93ZnVsbHNjcmVlbiUzRCUyMiUyMiUyMGxvYWRpbmclM0QlMjJsYXp5JTIyJTNFJTNDJTJGaWZyYW1lJTNF\u00a0\u00bb][\/vc_column_inner][vc_column_inner width=\u00a0\u00bb1\/2&Prime;][vc_single_image image=\u00a0\u00bb1258&Prime; img_size=\u00a0\u00bbfull\u00a0\u00bb alignment=\u00a0\u00bbcenter\u00a0\u00bb][\/vc_column_inner][\/vc_row_inner][\/vc_column][\/vc_row]<\/p>\n","protected":false},"excerpt":{"rendered":"<p>[vc_row full_width=\u00a0\u00bbstretch_row\u00a0\u00bb css=\u00a0\u00bb.vc_custom_1666272527297{background-image: url(https:\/\/www.profilc.com\/boutique\/wp-content\/uploads\/sites\/3\/2022\/10\/entreprise-fabricant-plaque-en-acier-pour-construction.jpg?id=1688) !important;background-position: center !important;background-repeat: no-repeat !important;background-size: cover !important;}\u00a0\u00bb][vc_column][vc_empty_space height=\u00a0\u00bb100px\u00a0\u00bb][vc_column_text el_class=\u00a0\u00bbtitre-tres-grand\u00a0\u00bb] CONTACT [\/vc_column_text][vc_empty_space height=\u00a0\u00bb100px\u00a0\u00bb][\/vc_column][\/vc_row][vc_row el_class=\u00a0\u00bbblock-coordonnees\u00a0\u00bb][vc_column width=\u00a0\u00bb1\/2&Prime;][vc_column_text el_class=\u00a0\u00bbmoyen-titre fort\u00a0\u00bb] Coordonn\u00e9es : [\/vc_column_text][vc_raw_html]JTNDcCUzRTEwJTIwUlVFJTIwREVTJTIwSEFZRVMlMjAlRTIlODAlOTMlMjAzOTM4MCUyMFZBVURSRVklM0NiciUzRSUwQSUzQ2ElMjBjbGFzcyUzRCUyMiUyMiUyMGhyZWYlM0QlMjJ0ZWwlM0ElMkIzMzM4NDcxNzI3MiUyMiUyMG9uY2xpY2slM0QlMjJfcGFxLnB1c2glMjglNUIlMjd0cmFja0xpbmslMjclMkMlMjAlMjdodHRwcyUzQSUyRiUyRnd3dy5wcm9maWxjLmNvbSUyRmNsaWMtdGVsJTI3JTJDJTIwJTI3bGluayUyNyU1RCUyOSUzQiUyMiUzRVQlQzMlQTlsJTIwJTNBJTIwMDMlMjA4NCUyMDcxJTIwNzIlMjA3MiUzQyUyRmElM0UlM0NiciUzRSUwQUVtYWlsJTIwJTNBJTBBJTNDYSUyMGNsYXNzJTNEJTIybWFpbCUyMiUyMGhyZWYlM0QlMjJtYWlsdG8lM0Fjb250YWN0JTQwcHJvZmlsYy5jb20lMjIlMjBvbmNsaWNrJTNEJTIyX3BhcS5wdXNoJTI4JTVCJTI3dHJhY2tMaW5rJTI3JTJDJTIwJTI3aHR0cHMlM0ElMkYlMkZ3d3cucHJvZmlsYy5jb20lMkZlbnZvaS1lbWFpbCUyNyUyQyUyMCUyN2xpbmslMjclNUQlMjklM0IlMjIlM0Vjb250YWN0JTQwcHJvZmlsYy5jb20lM0MlMkZhJTNFJTNDJTJGcCUzRQ==[\/vc_raw_html][vc_single_image image=\u00a0\u00bb1261&Prime; img_size=\u00a0\u00bbfull\u00a0\u00bb alignment=\u00a0\u00bbcenter\u00a0\u00bb][\/vc_column][vc_column<span class=\"excerpt-hellip\"> [\u2026]<\/span><\/p>\n","protected":false},"author":1,"featured_media":0,"parent":0,"menu_order":0,"comment_status":"closed","ping_status":"closed","template":"","meta":[],"yoast_head":"<!-- This site is optimized with the Yoast SEO plugin v21.7 - https:\/\/yoast.com\/wordpress\/plugins\/seo\/ -->\n<title>Demande devis bardage, plateau couverture, support plancher b\u00e2timent<\/title>\n<meta name=\"description\" content=\"PROFIL C propose des devis gratuits la fabrication d&#039;\u00e9quipement d&#039;habillage m\u00e9tallique pour les b\u00e2timents. Contactez-nous !\" \/>\n<meta name=\"robots\" content=\"index, follow, max-snippet:-1, max-image-preview:large, max-video-preview:-1\" \/>\n<link rel=\"canonical\" href=\"https:\/\/www.profilc.com\/boutique\/contact\/\" \/>\n<meta property=\"og:locale\" content=\"fr_FR\" \/>\n<meta property=\"og:type\" content=\"article\" \/>\n<meta property=\"og:title\" content=\"Demande devis bardage, plateau couverture, support plancher b\u00e2timent\" \/>\n<meta property=\"og:description\" content=\"PROFIL C propose des devis gratuits la fabrication d&#039;\u00e9quipement d&#039;habillage m\u00e9tallique pour les b\u00e2timents. Contactez-nous !\" \/>\n<meta property=\"og:url\" content=\"https:\/\/www.profilc.com\/boutique\/contact\/\" \/>\n<meta property=\"og:site_name\" content=\"la boutique Profil C\" \/>\n<meta property=\"article:modified_time\" content=\"2023-01-18T15:14:59+00:00\" \/>\n<meta name=\"twitter:card\" content=\"summary_large_image\" \/>\n<meta name=\"twitter:label1\" content=\"Dur\u00e9e de lecture estim\u00e9e\" \/>\n\t<meta name=\"twitter:data1\" content=\"1 minute\" \/>\n<script type=\"application\/ld+json\" class=\"yoast-schema-graph\">{\"@context\":\"https:\/\/schema.org\",\"@graph\":[{\"@type\":\"WebPage\",\"@id\":\"https:\/\/www.profilc.com\/boutique\/contact\/\",\"url\":\"https:\/\/www.profilc.com\/boutique\/contact\/\",\"name\":\"Demande devis bardage, plateau couverture, support plancher b\u00e2timent\",\"isPartOf\":{\"@id\":\"https:\/\/www.profilc.com\/boutique\/#website\"},\"datePublished\":\"2021-09-24T14:21:59+00:00\",\"dateModified\":\"2023-01-18T15:14:59+00:00\",\"description\":\"PROFIL C propose des devis gratuits la fabrication d'\u00e9quipement d'habillage m\u00e9tallique pour les b\u00e2timents. Contactez-nous !\",\"breadcrumb\":{\"@id\":\"https:\/\/www.profilc.com\/boutique\/contact\/#breadcrumb\"},\"inLanguage\":\"fr-FR\",\"potentialAction\":[{\"@type\":\"ReadAction\",\"target\":[\"https:\/\/www.profilc.com\/boutique\/contact\/\"]}]},{\"@type\":\"BreadcrumbList\",\"@id\":\"https:\/\/www.profilc.com\/boutique\/contact\/#breadcrumb\",\"itemListElement\":[{\"@type\":\"ListItem\",\"position\":1,\"name\":\"Accueil\",\"item\":\"https:\/\/www.profilc.com\/boutique\/\"},{\"@type\":\"ListItem\",\"position\":2,\"name\":\"Contact\"}]},{\"@type\":\"WebSite\",\"@id\":\"https:\/\/www.profilc.com\/boutique\/#website\",\"url\":\"https:\/\/www.profilc.com\/boutique\/\",\"name\":\"la boutique Profil C\",\"description\":\"Profilages et pliage acier\",\"publisher\":{\"@id\":\"https:\/\/www.profilc.com\/boutique\/#organization\"},\"potentialAction\":[{\"@type\":\"SearchAction\",\"target\":{\"@type\":\"EntryPoint\",\"urlTemplate\":\"https:\/\/www.profilc.com\/boutique\/?s={search_term_string}\"},\"query-input\":\"required name=search_term_string\"}],\"inLanguage\":\"fr-FR\"},{\"@type\":\"Organization\",\"@id\":\"https:\/\/www.profilc.com\/boutique\/#organization\",\"name\":\"la boutique Profil C\",\"url\":\"https:\/\/www.profilc.com\/boutique\/\",\"logo\":{\"@type\":\"ImageObject\",\"inLanguage\":\"fr-FR\",\"@id\":\"https:\/\/www.profilc.com\/boutique\/#\/schema\/logo\/image\/\",\"url\":\"https:\/\/www.profilc.com\/boutique\/wp-content\/uploads\/sites\/3\/2021\/09\/logo.png\",\"contentUrl\":\"https:\/\/www.profilc.com\/boutique\/wp-content\/uploads\/sites\/3\/2021\/09\/logo.png\",\"width\":329,\"height\":112,\"caption\":\"la boutique Profil C\"},\"image\":{\"@id\":\"https:\/\/www.profilc.com\/boutique\/#\/schema\/logo\/image\/\"}}]}<\/script>\n<!-- \/ Yoast SEO plugin. -->","yoast_head_json":{"title":"Demande devis bardage, plateau couverture, support plancher b\u00e2timent","description":"PROFIL C propose des devis gratuits la fabrication d'\u00e9quipement d'habillage m\u00e9tallique pour les b\u00e2timents. Contactez-nous !","robots":{"index":"index","follow":"follow","max-snippet":"max-snippet:-1","max-image-preview":"max-image-preview:large","max-video-preview":"max-video-preview:-1"},"canonical":"https:\/\/www.profilc.com\/boutique\/contact\/","og_locale":"fr_FR","og_type":"article","og_title":"Demande devis bardage, plateau couverture, support plancher b\u00e2timent","og_description":"PROFIL C propose des devis gratuits la fabrication d'\u00e9quipement d'habillage m\u00e9tallique pour les b\u00e2timents. Contactez-nous !","og_url":"https:\/\/www.profilc.com\/boutique\/contact\/","og_site_name":"la boutique Profil C","article_modified_time":"2023-01-18T15:14:59+00:00","twitter_card":"summary_large_image","twitter_misc":{"Dur\u00e9e de lecture estim\u00e9e":"1 minute"},"schema":{"@context":"https:\/\/schema.org","@graph":[{"@type":"WebPage","@id":"https:\/\/www.profilc.com\/boutique\/contact\/","url":"https:\/\/www.profilc.com\/boutique\/contact\/","name":"Demande devis bardage, plateau couverture, support plancher b\u00e2timent","isPartOf":{"@id":"https:\/\/www.profilc.com\/boutique\/#website"},"datePublished":"2021-09-24T14:21:59+00:00","dateModified":"2023-01-18T15:14:59+00:00","description":"PROFIL C propose des devis gratuits la fabrication d'\u00e9quipement d'habillage m\u00e9tallique pour les b\u00e2timents. Contactez-nous !","breadcrumb":{"@id":"https:\/\/www.profilc.com\/boutique\/contact\/#breadcrumb"},"inLanguage":"fr-FR","potentialAction":[{"@type":"ReadAction","target":["https:\/\/www.profilc.com\/boutique\/contact\/"]}]},{"@type":"BreadcrumbList","@id":"https:\/\/www.profilc.com\/boutique\/contact\/#breadcrumb","itemListElement":[{"@type":"ListItem","position":1,"name":"Accueil","item":"https:\/\/www.profilc.com\/boutique\/"},{"@type":"ListItem","position":2,"name":"Contact"}]},{"@type":"WebSite","@id":"https:\/\/www.profilc.com\/boutique\/#website","url":"https:\/\/www.profilc.com\/boutique\/","name":"la boutique Profil C","description":"Profilages et pliage acier","publisher":{"@id":"https:\/\/www.profilc.com\/boutique\/#organization"},"potentialAction":[{"@type":"SearchAction","target":{"@type":"EntryPoint","urlTemplate":"https:\/\/www.profilc.com\/boutique\/?s={search_term_string}"},"query-input":"required name=search_term_string"}],"inLanguage":"fr-FR"},{"@type":"Organization","@id":"https:\/\/www.profilc.com\/boutique\/#organization","name":"la boutique Profil C","url":"https:\/\/www.profilc.com\/boutique\/","logo":{"@type":"ImageObject","inLanguage":"fr-FR","@id":"https:\/\/www.profilc.com\/boutique\/#\/schema\/logo\/image\/","url":"https:\/\/www.profilc.com\/boutique\/wp-content\/uploads\/sites\/3\/2021\/09\/logo.png","contentUrl":"https:\/\/www.profilc.com\/boutique\/wp-content\/uploads\/sites\/3\/2021\/09\/logo.png","width":329,"height":112,"caption":"la boutique Profil C"},"image":{"@id":"https:\/\/www.profilc.com\/boutique\/#\/schema\/logo\/image\/"}}]}},"_links":{"self":[{"href":"https:\/\/www.profilc.com\/boutique\/wp-json\/wp\/v2\/pages\/96"}],"collection":[{"href":"https:\/\/www.profilc.com\/boutique\/wp-json\/wp\/v2\/pages"}],"about":[{"href":"https:\/\/www.profilc.com\/boutique\/wp-json\/wp\/v2\/types\/page"}],"author":[{"embeddable":true,"href":"https:\/\/www.profilc.com\/boutique\/wp-json\/wp\/v2\/users\/1"}],"replies":[{"embeddable":true,"href":"https:\/\/www.profilc.com\/boutique\/wp-json\/wp\/v2\/comments?post=96"}],"version-history":[{"count":30,"href":"https:\/\/www.profilc.com\/boutique\/wp-json\/wp\/v2\/pages\/96\/revisions"}],"predecessor-version":[{"id":1893,"href":"https:\/\/www.profilc.com\/boutique\/wp-json\/wp\/v2\/pages\/96\/revisions\/1893"}],"wp:attachment":[{"href":"https:\/\/www.profilc.com\/boutique\/wp-json\/wp\/v2\/media?parent=96"}],"curies":[{"name":"wp","href":"https:\/\/api.w.org\/{rel}","templated":true}]}}