{"id":1465,"date":"2022-09-26T11:54:48","date_gmt":"2022-09-26T09:54:48","guid":{"rendered":"https:\/\/www.profilc.com\/boutique\/?post_type=product&#038;p=1465"},"modified":"2022-09-26T11:54:48","modified_gmt":"2022-09-26T09:54:48","slug":"echantillon-ral-9016-blanc-signalisation","status":"publish","type":"product","link":"https:\/\/www.profilc.com\/boutique\/produit\/echantillon-ral-9016-blanc-signalisation\/","title":{"rendered":"Echantillon RAL 9016 &#8211; Blanc signalisation"},"content":{"rendered":"","protected":false},"excerpt":{"rendered":"<p class=\"txt-gris titre-grand\">Tonique &#8211; coloris standard <\/p>\n<p class=\"baseline-title\">Pour tout rev\u00eatement polyester de 0,75 mm d&rsquo;\u00e9paisseur<\/p>\n<p>Les pr\u00e9sents \u00e9chantillons sont destin\u00e9s \u00e0 promouvoir les couleurs et les nuances de l\u2019acier rev\u00eatu dans un but purement publicitaire et le rendu des couleurs n\u2019est pas contractuel. En conclusion, le pr\u00e9sent \u00e9chantillon ne doit aucunement \u00eatre consid\u00e9r\u00e9 comme mod\u00e8le de r\u00e9f\u00e9rence.<\/p>\n","protected":false},"featured_media":1466,"template":"","meta":[],"product_cat":[100],"product_tag":[],"yoast_head":"<!-- This site is optimized with the Yoast SEO plugin v21.7 - https:\/\/yoast.com\/wordpress\/plugins\/seo\/ -->\n<title>Fabricant support \u00e9tanch\u00e9it\u00e9 et bardage b\u00e2timent<\/title>\n<meta name=\"robots\" content=\"index, follow, max-snippet:-1, max-image-preview:large, max-video-preview:-1\" \/>\n<link rel=\"canonical\" href=\"https:\/\/www.profilc.com\/boutique\/produit\/echantillon-ral-9016-blanc-signalisation\/\" \/>\n<meta property=\"og:locale\" content=\"fr_FR\" \/>\n<meta property=\"og:type\" content=\"article\" \/>\n<meta property=\"og:title\" content=\"Fabricant support \u00e9tanch\u00e9it\u00e9 et bardage b\u00e2timent\" \/>\n<meta property=\"og:description\" content=\"Tonique - coloris standard  Pour tout rev\u00eatement polyester de 0,75 mm d&#039;\u00e9paisseur Les pr\u00e9sents \u00e9chantillons sont destin\u00e9s \u00e0 promouvoir les couleurs et les nuances de l\u2019acier rev\u00eatu dans un but purement publicitaire et le rendu des couleurs n\u2019est pas contractuel. En conclusion, le pr\u00e9sent \u00e9chantillon ne doit aucunement \u00eatre consid\u00e9r\u00e9 comme mod\u00e8le de r\u00e9f\u00e9rence.\" \/>\n<meta property=\"og:url\" content=\"https:\/\/www.profilc.com\/boutique\/produit\/echantillon-ral-9016-blanc-signalisation\/\" \/>\n<meta property=\"og:site_name\" content=\"la boutique Profil C\" \/>\n<meta property=\"og:image\" content=\"https:\/\/www.profilc.com\/boutique\/wp-content\/uploads\/sites\/3\/2022\/09\/ral-9016-blanc-signalisation.jpg\" \/>\n\t<meta property=\"og:image:width\" content=\"205\" \/>\n\t<meta property=\"og:image:height\" content=\"79\" \/>\n\t<meta property=\"og:image:type\" content=\"image\/jpeg\" \/>\n<meta name=\"twitter:card\" content=\"summary_large_image\" \/>\n<script type=\"application\/ld+json\" class=\"yoast-schema-graph\">{\"@context\":\"https:\/\/schema.org\",\"@graph\":[{\"@type\":\"WebPage\",\"@id\":\"https:\/\/www.profilc.com\/boutique\/produit\/echantillon-ral-9016-blanc-signalisation\/\",\"url\":\"https:\/\/www.profilc.com\/boutique\/produit\/echantillon-ral-9016-blanc-signalisation\/\",\"name\":\"Fabricant support \u00e9tanch\u00e9it\u00e9 et bardage b\u00e2timent\",\"isPartOf\":{\"@id\":\"https:\/\/www.profilc.com\/boutique\/#website\"},\"datePublished\":\"2022-09-26T09:54:48+00:00\",\"dateModified\":\"2022-09-26T09:54:48+00:00\",\"breadcrumb\":{\"@id\":\"https:\/\/www.profilc.com\/boutique\/produit\/echantillon-ral-9016-blanc-signalisation\/#breadcrumb\"},\"inLanguage\":\"fr-FR\",\"potentialAction\":[{\"@type\":\"ReadAction\",\"target\":[\"https:\/\/www.profilc.com\/boutique\/produit\/echantillon-ral-9016-blanc-signalisation\/\"]}]},{\"@type\":\"BreadcrumbList\",\"@id\":\"https:\/\/www.profilc.com\/boutique\/produit\/echantillon-ral-9016-blanc-signalisation\/#breadcrumb\",\"itemListElement\":[{\"@type\":\"ListItem\",\"position\":1,\"name\":\"Accueil\",\"item\":\"https:\/\/www.profilc.com\/boutique\/\"},{\"@type\":\"ListItem\",\"position\":2,\"name\":\"Boutique\",\"item\":\"https:\/\/www.profilc.com\/boutique\/boutique\/\"},{\"@type\":\"ListItem\",\"position\":3,\"name\":\"Echantillon RAL 9016 &#8211; Blanc signalisation\"}]},{\"@type\":\"WebSite\",\"@id\":\"https:\/\/www.profilc.com\/boutique\/#website\",\"url\":\"https:\/\/www.profilc.com\/boutique\/\",\"name\":\"la boutique Profil C\",\"description\":\"Profilages et pliage acier\",\"publisher\":{\"@id\":\"https:\/\/www.profilc.com\/boutique\/#organization\"},\"potentialAction\":[{\"@type\":\"SearchAction\",\"target\":{\"@type\":\"EntryPoint\",\"urlTemplate\":\"https:\/\/www.profilc.com\/boutique\/?s={search_term_string}\"},\"query-input\":\"required name=search_term_string\"}],\"inLanguage\":\"fr-FR\"},{\"@type\":\"Organization\",\"@id\":\"https:\/\/www.profilc.com\/boutique\/#organization\",\"name\":\"la boutique Profil C\",\"url\":\"https:\/\/www.profilc.com\/boutique\/\",\"logo\":{\"@type\":\"ImageObject\",\"inLanguage\":\"fr-FR\",\"@id\":\"https:\/\/www.profilc.com\/boutique\/#\/schema\/logo\/image\/\",\"url\":\"https:\/\/www.profilc.com\/boutique\/wp-content\/uploads\/sites\/3\/2021\/09\/logo.png\",\"contentUrl\":\"https:\/\/www.profilc.com\/boutique\/wp-content\/uploads\/sites\/3\/2021\/09\/logo.png\",\"width\":329,\"height\":112,\"caption\":\"la boutique Profil C\"},\"image\":{\"@id\":\"https:\/\/www.profilc.com\/boutique\/#\/schema\/logo\/image\/\"}}]}<\/script>\n<!-- \/ Yoast SEO plugin. -->","yoast_head_json":{"title":"Fabricant support \u00e9tanch\u00e9it\u00e9 et bardage b\u00e2timent","robots":{"index":"index","follow":"follow","max-snippet":"max-snippet:-1","max-image-preview":"max-image-preview:large","max-video-preview":"max-video-preview:-1"},"canonical":"https:\/\/www.profilc.com\/boutique\/produit\/echantillon-ral-9016-blanc-signalisation\/","og_locale":"fr_FR","og_type":"article","og_title":"Fabricant support \u00e9tanch\u00e9it\u00e9 et bardage b\u00e2timent","og_description":"Tonique - coloris standard  Pour tout rev\u00eatement polyester de 0,75 mm d'\u00e9paisseur Les pr\u00e9sents \u00e9chantillons sont destin\u00e9s \u00e0 promouvoir les couleurs et les nuances de l\u2019acier rev\u00eatu dans un but purement publicitaire et le rendu des couleurs n\u2019est pas contractuel. En conclusion, le pr\u00e9sent \u00e9chantillon ne doit aucunement \u00eatre consid\u00e9r\u00e9 comme mod\u00e8le de r\u00e9f\u00e9rence.","og_url":"https:\/\/www.profilc.com\/boutique\/produit\/echantillon-ral-9016-blanc-signalisation\/","og_site_name":"la boutique Profil C","og_image":[{"width":205,"height":79,"url":"https:\/\/www.profilc.com\/boutique\/wp-content\/uploads\/sites\/3\/2022\/09\/ral-9016-blanc-signalisation.jpg","type":"image\/jpeg"}],"twitter_card":"summary_large_image","schema":{"@context":"https:\/\/schema.org","@graph":[{"@type":"WebPage","@id":"https:\/\/www.profilc.com\/boutique\/produit\/echantillon-ral-9016-blanc-signalisation\/","url":"https:\/\/www.profilc.com\/boutique\/produit\/echantillon-ral-9016-blanc-signalisation\/","name":"Fabricant support \u00e9tanch\u00e9it\u00e9 et bardage b\u00e2timent","isPartOf":{"@id":"https:\/\/www.profilc.com\/boutique\/#website"},"datePublished":"2022-09-26T09:54:48+00:00","dateModified":"2022-09-26T09:54:48+00:00","breadcrumb":{"@id":"https:\/\/www.profilc.com\/boutique\/produit\/echantillon-ral-9016-blanc-signalisation\/#breadcrumb"},"inLanguage":"fr-FR","potentialAction":[{"@type":"ReadAction","target":["https:\/\/www.profilc.com\/boutique\/produit\/echantillon-ral-9016-blanc-signalisation\/"]}]},{"@type":"BreadcrumbList","@id":"https:\/\/www.profilc.com\/boutique\/produit\/echantillon-ral-9016-blanc-signalisation\/#breadcrumb","itemListElement":[{"@type":"ListItem","position":1,"name":"Accueil","item":"https:\/\/www.profilc.com\/boutique\/"},{"@type":"ListItem","position":2,"name":"Boutique","item":"https:\/\/www.profilc.com\/boutique\/boutique\/"},{"@type":"ListItem","position":3,"name":"Echantillon RAL 9016 &#8211; Blanc signalisation"}]},{"@type":"WebSite","@id":"https:\/\/www.profilc.com\/boutique\/#website","url":"https:\/\/www.profilc.com\/boutique\/","name":"la boutique Profil C","description":"Profilages et pliage acier","publisher":{"@id":"https:\/\/www.profilc.com\/boutique\/#organization"},"potentialAction":[{"@type":"SearchAction","target":{"@type":"EntryPoint","urlTemplate":"https:\/\/www.profilc.com\/boutique\/?s={search_term_string}"},"query-input":"required name=search_term_string"}],"inLanguage":"fr-FR"},{"@type":"Organization","@id":"https:\/\/www.profilc.com\/boutique\/#organization","name":"la boutique Profil C","url":"https:\/\/www.profilc.com\/boutique\/","logo":{"@type":"ImageObject","inLanguage":"fr-FR","@id":"https:\/\/www.profilc.com\/boutique\/#\/schema\/logo\/image\/","url":"https:\/\/www.profilc.com\/boutique\/wp-content\/uploads\/sites\/3\/2021\/09\/logo.png","contentUrl":"https:\/\/www.profilc.com\/boutique\/wp-content\/uploads\/sites\/3\/2021\/09\/logo.png","width":329,"height":112,"caption":"la boutique Profil C"},"image":{"@id":"https:\/\/www.profilc.com\/boutique\/#\/schema\/logo\/image\/"}}]}},"_links":{"self":[{"href":"https:\/\/www.profilc.com\/boutique\/wp-json\/wp\/v2\/product\/1465"}],"collection":[{"href":"https:\/\/www.profilc.com\/boutique\/wp-json\/wp\/v2\/product"}],"about":[{"href":"https:\/\/www.profilc.com\/boutique\/wp-json\/wp\/v2\/types\/product"}],"wp:featuredmedia":[{"embeddable":true,"href":"https:\/\/www.profilc.com\/boutique\/wp-json\/wp\/v2\/media\/1466"}],"wp:attachment":[{"href":"https:\/\/www.profilc.com\/boutique\/wp-json\/wp\/v2\/media?parent=1465"}],"wp:term":[{"taxonomy":"product_cat","embeddable":true,"href":"https:\/\/www.profilc.com\/boutique\/wp-json\/wp\/v2\/product_cat?post=1465"},{"taxonomy":"product_tag","embeddable":true,"href":"https:\/\/www.profilc.com\/boutique\/wp-json\/wp\/v2\/product_tag?post=1465"}],"curies":[{"name":"wp","href":"https:\/\/api.w.org\/{rel}","templated":true}]}}