{"id":1469,"date":"2022-09-26T12:14:56","date_gmt":"2022-09-26T10:14:56","guid":{"rendered":"https:\/\/www.profilc.com\/boutique\/?post_type=product&#038;p=1469"},"modified":"2022-09-26T12:14:57","modified_gmt":"2022-09-26T10:14:57","slug":"echantillon-ral-8014-brun-sepia","status":"publish","type":"product","link":"https:\/\/www.profilc.com\/boutique\/produit\/echantillon-ral-8014-brun-sepia\/","title":{"rendered":"Echantillon RAL 8014 &#8211; Brun s\u00e9pia"},"content":{"rendered":"","protected":false},"excerpt":{"rendered":"<p class=\"txt-gris titre-grand\">Classique &#8211; coloris standard <\/p>\n<p class=\"baseline-title\">Pour tout rev\u00eatement polyester de 0,63 et 0,75 mm d&rsquo;\u00e9paisseur<\/p>\n<p>Les pr\u00e9sents \u00e9chantillons sont destin\u00e9s \u00e0 promouvoir les couleurs et les nuances de l\u2019acier rev\u00eatu dans un but purement publicitaire et le rendu des couleurs n\u2019est pas contractuel. En conclusion, le pr\u00e9sent \u00e9chantillon ne doit aucunement \u00eatre consid\u00e9r\u00e9 comme mod\u00e8le de r\u00e9f\u00e9rence.<\/p>\n","protected":false},"featured_media":1470,"template":"","meta":[],"product_cat":[100],"product_tag":[],"yoast_head":"<!-- This site is optimized with the Yoast SEO plugin v21.7 - https:\/\/yoast.com\/wordpress\/plugins\/seo\/ -->\n<title>Entreprise bardage couverture, support \u00e9tanch\u00e9it\u00e9, large choix de coloris<\/title>\n<meta name=\"robots\" content=\"index, follow, max-snippet:-1, max-image-preview:large, max-video-preview:-1\" \/>\n<link rel=\"canonical\" href=\"https:\/\/www.profilc.com\/boutique\/produit\/echantillon-ral-8014-brun-sepia\/\" \/>\n<meta property=\"og:locale\" content=\"fr_FR\" \/>\n<meta property=\"og:type\" content=\"article\" \/>\n<meta property=\"og:title\" content=\"Entreprise bardage couverture, support \u00e9tanch\u00e9it\u00e9, large choix de coloris\" \/>\n<meta property=\"og:description\" content=\"Classique - coloris standard  Pour tout rev\u00eatement polyester de 0,63 et 0,75 mm d&#039;\u00e9paisseur Les pr\u00e9sents \u00e9chantillons sont destin\u00e9s \u00e0 promouvoir les couleurs et les nuances de l\u2019acier rev\u00eatu dans un but purement publicitaire et le rendu des couleurs n\u2019est pas contractuel. En conclusion, le pr\u00e9sent \u00e9chantillon ne doit aucunement \u00eatre consid\u00e9r\u00e9 comme mod\u00e8le de r\u00e9f\u00e9rence.\" \/>\n<meta property=\"og:url\" content=\"https:\/\/www.profilc.com\/boutique\/produit\/echantillon-ral-8014-brun-sepia\/\" \/>\n<meta property=\"og:site_name\" content=\"la boutique Profil C\" \/>\n<meta property=\"article:modified_time\" content=\"2022-09-26T10:14:57+00:00\" \/>\n<meta property=\"og:image\" content=\"https:\/\/www.profilc.com\/boutique\/wp-content\/uploads\/sites\/3\/2022\/09\/ral-8014-brun-sepia.jpg\" \/>\n\t<meta property=\"og:image:width\" content=\"202\" \/>\n\t<meta property=\"og:image:height\" content=\"75\" \/>\n\t<meta property=\"og:image:type\" content=\"image\/jpeg\" \/>\n<meta name=\"twitter:card\" content=\"summary_large_image\" \/>\n<script type=\"application\/ld+json\" class=\"yoast-schema-graph\">{\"@context\":\"https:\/\/schema.org\",\"@graph\":[{\"@type\":\"WebPage\",\"@id\":\"https:\/\/www.profilc.com\/boutique\/produit\/echantillon-ral-8014-brun-sepia\/\",\"url\":\"https:\/\/www.profilc.com\/boutique\/produit\/echantillon-ral-8014-brun-sepia\/\",\"name\":\"Entreprise bardage couverture, support \u00e9tanch\u00e9it\u00e9, large choix de coloris\",\"isPartOf\":{\"@id\":\"https:\/\/www.profilc.com\/boutique\/#website\"},\"datePublished\":\"2022-09-26T10:14:56+00:00\",\"dateModified\":\"2022-09-26T10:14:57+00:00\",\"breadcrumb\":{\"@id\":\"https:\/\/www.profilc.com\/boutique\/produit\/echantillon-ral-8014-brun-sepia\/#breadcrumb\"},\"inLanguage\":\"fr-FR\",\"potentialAction\":[{\"@type\":\"ReadAction\",\"target\":[\"https:\/\/www.profilc.com\/boutique\/produit\/echantillon-ral-8014-brun-sepia\/\"]}]},{\"@type\":\"BreadcrumbList\",\"@id\":\"https:\/\/www.profilc.com\/boutique\/produit\/echantillon-ral-8014-brun-sepia\/#breadcrumb\",\"itemListElement\":[{\"@type\":\"ListItem\",\"position\":1,\"name\":\"Accueil\",\"item\":\"https:\/\/www.profilc.com\/boutique\/\"},{\"@type\":\"ListItem\",\"position\":2,\"name\":\"Boutique\",\"item\":\"https:\/\/www.profilc.com\/boutique\/boutique\/\"},{\"@type\":\"ListItem\",\"position\":3,\"name\":\"Echantillon RAL 8014 &#8211; Brun s\u00e9pia\"}]},{\"@type\":\"WebSite\",\"@id\":\"https:\/\/www.profilc.com\/boutique\/#website\",\"url\":\"https:\/\/www.profilc.com\/boutique\/\",\"name\":\"la boutique Profil C\",\"description\":\"Profilages et pliage acier\",\"publisher\":{\"@id\":\"https:\/\/www.profilc.com\/boutique\/#organization\"},\"potentialAction\":[{\"@type\":\"SearchAction\",\"target\":{\"@type\":\"EntryPoint\",\"urlTemplate\":\"https:\/\/www.profilc.com\/boutique\/?s={search_term_string}\"},\"query-input\":\"required name=search_term_string\"}],\"inLanguage\":\"fr-FR\"},{\"@type\":\"Organization\",\"@id\":\"https:\/\/www.profilc.com\/boutique\/#organization\",\"name\":\"la boutique Profil C\",\"url\":\"https:\/\/www.profilc.com\/boutique\/\",\"logo\":{\"@type\":\"ImageObject\",\"inLanguage\":\"fr-FR\",\"@id\":\"https:\/\/www.profilc.com\/boutique\/#\/schema\/logo\/image\/\",\"url\":\"https:\/\/www.profilc.com\/boutique\/wp-content\/uploads\/sites\/3\/2021\/09\/logo.png\",\"contentUrl\":\"https:\/\/www.profilc.com\/boutique\/wp-content\/uploads\/sites\/3\/2021\/09\/logo.png\",\"width\":329,\"height\":112,\"caption\":\"la boutique Profil C\"},\"image\":{\"@id\":\"https:\/\/www.profilc.com\/boutique\/#\/schema\/logo\/image\/\"}}]}<\/script>\n<!-- \/ Yoast SEO plugin. -->","yoast_head_json":{"title":"Entreprise bardage couverture, support \u00e9tanch\u00e9it\u00e9, large choix de coloris","robots":{"index":"index","follow":"follow","max-snippet":"max-snippet:-1","max-image-preview":"max-image-preview:large","max-video-preview":"max-video-preview:-1"},"canonical":"https:\/\/www.profilc.com\/boutique\/produit\/echantillon-ral-8014-brun-sepia\/","og_locale":"fr_FR","og_type":"article","og_title":"Entreprise bardage couverture, support \u00e9tanch\u00e9it\u00e9, large choix de coloris","og_description":"Classique - coloris standard  Pour tout rev\u00eatement polyester de 0,63 et 0,75 mm d'\u00e9paisseur Les pr\u00e9sents \u00e9chantillons sont destin\u00e9s \u00e0 promouvoir les couleurs et les nuances de l\u2019acier rev\u00eatu dans un but purement publicitaire et le rendu des couleurs n\u2019est pas contractuel. En conclusion, le pr\u00e9sent \u00e9chantillon ne doit aucunement \u00eatre consid\u00e9r\u00e9 comme mod\u00e8le de r\u00e9f\u00e9rence.","og_url":"https:\/\/www.profilc.com\/boutique\/produit\/echantillon-ral-8014-brun-sepia\/","og_site_name":"la boutique Profil C","article_modified_time":"2022-09-26T10:14:57+00:00","og_image":[{"width":202,"height":75,"url":"https:\/\/www.profilc.com\/boutique\/wp-content\/uploads\/sites\/3\/2022\/09\/ral-8014-brun-sepia.jpg","type":"image\/jpeg"}],"twitter_card":"summary_large_image","schema":{"@context":"https:\/\/schema.org","@graph":[{"@type":"WebPage","@id":"https:\/\/www.profilc.com\/boutique\/produit\/echantillon-ral-8014-brun-sepia\/","url":"https:\/\/www.profilc.com\/boutique\/produit\/echantillon-ral-8014-brun-sepia\/","name":"Entreprise bardage couverture, support \u00e9tanch\u00e9it\u00e9, large choix de coloris","isPartOf":{"@id":"https:\/\/www.profilc.com\/boutique\/#website"},"datePublished":"2022-09-26T10:14:56+00:00","dateModified":"2022-09-26T10:14:57+00:00","breadcrumb":{"@id":"https:\/\/www.profilc.com\/boutique\/produit\/echantillon-ral-8014-brun-sepia\/#breadcrumb"},"inLanguage":"fr-FR","potentialAction":[{"@type":"ReadAction","target":["https:\/\/www.profilc.com\/boutique\/produit\/echantillon-ral-8014-brun-sepia\/"]}]},{"@type":"BreadcrumbList","@id":"https:\/\/www.profilc.com\/boutique\/produit\/echantillon-ral-8014-brun-sepia\/#breadcrumb","itemListElement":[{"@type":"ListItem","position":1,"name":"Accueil","item":"https:\/\/www.profilc.com\/boutique\/"},{"@type":"ListItem","position":2,"name":"Boutique","item":"https:\/\/www.profilc.com\/boutique\/boutique\/"},{"@type":"ListItem","position":3,"name":"Echantillon RAL 8014 &#8211; Brun s\u00e9pia"}]},{"@type":"WebSite","@id":"https:\/\/www.profilc.com\/boutique\/#website","url":"https:\/\/www.profilc.com\/boutique\/","name":"la boutique Profil C","description":"Profilages et pliage acier","publisher":{"@id":"https:\/\/www.profilc.com\/boutique\/#organization"},"potentialAction":[{"@type":"SearchAction","target":{"@type":"EntryPoint","urlTemplate":"https:\/\/www.profilc.com\/boutique\/?s={search_term_string}"},"query-input":"required name=search_term_string"}],"inLanguage":"fr-FR"},{"@type":"Organization","@id":"https:\/\/www.profilc.com\/boutique\/#organization","name":"la boutique Profil C","url":"https:\/\/www.profilc.com\/boutique\/","logo":{"@type":"ImageObject","inLanguage":"fr-FR","@id":"https:\/\/www.profilc.com\/boutique\/#\/schema\/logo\/image\/","url":"https:\/\/www.profilc.com\/boutique\/wp-content\/uploads\/sites\/3\/2021\/09\/logo.png","contentUrl":"https:\/\/www.profilc.com\/boutique\/wp-content\/uploads\/sites\/3\/2021\/09\/logo.png","width":329,"height":112,"caption":"la boutique Profil C"},"image":{"@id":"https:\/\/www.profilc.com\/boutique\/#\/schema\/logo\/image\/"}}]}},"_links":{"self":[{"href":"https:\/\/www.profilc.com\/boutique\/wp-json\/wp\/v2\/product\/1469"}],"collection":[{"href":"https:\/\/www.profilc.com\/boutique\/wp-json\/wp\/v2\/product"}],"about":[{"href":"https:\/\/www.profilc.com\/boutique\/wp-json\/wp\/v2\/types\/product"}],"wp:featuredmedia":[{"embeddable":true,"href":"https:\/\/www.profilc.com\/boutique\/wp-json\/wp\/v2\/media\/1470"}],"wp:attachment":[{"href":"https:\/\/www.profilc.com\/boutique\/wp-json\/wp\/v2\/media?parent=1469"}],"wp:term":[{"taxonomy":"product_cat","embeddable":true,"href":"https:\/\/www.profilc.com\/boutique\/wp-json\/wp\/v2\/product_cat?post=1469"},{"taxonomy":"product_tag","embeddable":true,"href":"https:\/\/www.profilc.com\/boutique\/wp-json\/wp\/v2\/product_tag?post=1469"}],"curies":[{"name":"wp","href":"https:\/\/api.w.org\/{rel}","templated":true}]}}