{"id":1619,"date":"2022-10-03T10:18:12","date_gmt":"2022-10-03T08:18:12","guid":{"rendered":"https:\/\/www.profilc.com\/boutique\/?post_type=product&#038;p=1619"},"modified":"2022-11-30T14:59:05","modified_gmt":"2022-11-30T13:59:05","slug":"25-vis-de-fixation-couverture-en-sommet-donde-pour-panne-metallique-p13-55x80","status":"publish","type":"product","link":"https:\/\/www.profilc.com\/boutique\/produit\/25-vis-de-fixation-couverture-en-sommet-donde-pour-panne-metallique-p13-55x80\/","title":{"rendered":"Kit couverture<br \/>25 vis de fixation m\u00e9tal<br \/>P13 \u2013 5.5&nbsp;X&nbsp;80&nbsp;mm"},"content":{"rendered":"","protected":false},"excerpt":{"rendered":"<p class=\"fort\">Type :<\/p>\n<p>Vis autoper\u00e7euse avec rondelle d&rsquo;\u00e9tanch\u00e9it\u00e9 (pour acier de 5 \u00e0 13 mm) et cavalier<\/p>\n<p class=\"fort\">Conditionnement :<\/p>\n<p>Sachet de 25 vis avec rondelles d&rsquo;\u00e9tanch\u00e9it\u00e9 n\u00e9opr\u00e8ne et cavalier<\/p>\n<p class=\"fort\">Diam\u00e8tre :<\/p>\n<p>5,5 mm<\/p>\n<p class=\"fort\">Longueur :<\/p>\n<p>80 mm<\/p>\n","protected":false},"featured_media":1621,"template":"","meta":[],"product_cat":[106,44,103],"product_tag":[],"yoast_head":"<!-- This site is optimized with the Yoast SEO plugin v21.7 - https:\/\/yoast.com\/wordpress\/plugins\/seo\/ -->\n<title>Vis de fixation pour panne m\u00e9tallique<\/title>\n<meta name=\"description\" content=\"PROFIL C vend sur sa boutique en ligne des vis de fixation pour les pannes m\u00e9talliques. Commandez en ligne d\u00e8s maintenant !\" \/>\n<meta name=\"robots\" content=\"index, follow, max-snippet:-1, max-image-preview:large, max-video-preview:-1\" \/>\n<link rel=\"canonical\" href=\"https:\/\/www.profilc.com\/boutique\/produit\/25-vis-de-fixation-couverture-en-sommet-donde-pour-panne-metallique-p13-55x80\/\" \/>\n<meta property=\"og:locale\" content=\"fr_FR\" \/>\n<meta property=\"og:type\" content=\"article\" \/>\n<meta property=\"og:title\" content=\"Vis de fixation pour panne m\u00e9tallique\" \/>\n<meta property=\"og:description\" content=\"PROFIL C vend sur sa boutique en ligne des vis de fixation pour les pannes m\u00e9talliques. Commandez en ligne d\u00e8s maintenant !\" \/>\n<meta property=\"og:url\" content=\"https:\/\/www.profilc.com\/boutique\/produit\/25-vis-de-fixation-couverture-en-sommet-donde-pour-panne-metallique-p13-55x80\/\" \/>\n<meta property=\"og:site_name\" content=\"la boutique Profil C\" \/>\n<meta property=\"article:modified_time\" content=\"2022-11-30T13:59:05+00:00\" \/>\n<meta property=\"og:image\" content=\"https:\/\/www.profilc.com\/boutique\/wp-content\/uploads\/sites\/3\/2022\/10\/vis-fixation-panne-couverture.jpg\" \/>\n\t<meta property=\"og:image:width\" content=\"600\" \/>\n\t<meta property=\"og:image:height\" content=\"600\" \/>\n\t<meta property=\"og:image:type\" content=\"image\/jpeg\" \/>\n<meta name=\"twitter:card\" content=\"summary_large_image\" \/>\n<script type=\"application\/ld+json\" class=\"yoast-schema-graph\">{\"@context\":\"https:\/\/schema.org\",\"@graph\":[{\"@type\":\"WebPage\",\"@id\":\"https:\/\/www.profilc.com\/boutique\/produit\/25-vis-de-fixation-couverture-en-sommet-donde-pour-panne-metallique-p13-55x80\/\",\"url\":\"https:\/\/www.profilc.com\/boutique\/produit\/25-vis-de-fixation-couverture-en-sommet-donde-pour-panne-metallique-p13-55x80\/\",\"name\":\"Vis de fixation pour panne m\u00e9tallique\",\"isPartOf\":{\"@id\":\"https:\/\/www.profilc.com\/boutique\/#website\"},\"datePublished\":\"2022-10-03T08:18:12+00:00\",\"dateModified\":\"2022-11-30T13:59:05+00:00\",\"description\":\"PROFIL C vend sur sa boutique en ligne des vis de fixation pour les pannes m\u00e9talliques. Commandez en ligne d\u00e8s maintenant !\",\"breadcrumb\":{\"@id\":\"https:\/\/www.profilc.com\/boutique\/produit\/25-vis-de-fixation-couverture-en-sommet-donde-pour-panne-metallique-p13-55x80\/#breadcrumb\"},\"inLanguage\":\"fr-FR\",\"potentialAction\":[{\"@type\":\"ReadAction\",\"target\":[\"https:\/\/www.profilc.com\/boutique\/produit\/25-vis-de-fixation-couverture-en-sommet-donde-pour-panne-metallique-p13-55x80\/\"]}]},{\"@type\":\"BreadcrumbList\",\"@id\":\"https:\/\/www.profilc.com\/boutique\/produit\/25-vis-de-fixation-couverture-en-sommet-donde-pour-panne-metallique-p13-55x80\/#breadcrumb\",\"itemListElement\":[{\"@type\":\"ListItem\",\"position\":1,\"name\":\"Accueil\",\"item\":\"https:\/\/www.profilc.com\/boutique\/\"},{\"@type\":\"ListItem\",\"position\":2,\"name\":\"Boutique\",\"item\":\"https:\/\/www.profilc.com\/boutique\/boutique\/\"},{\"@type\":\"ListItem\",\"position\":3,\"name\":\"Kit couverture25 vis de fixation m\u00e9talP13 \u2013 5.5&nbsp;X&nbsp;80&nbsp;mm\"}]},{\"@type\":\"WebSite\",\"@id\":\"https:\/\/www.profilc.com\/boutique\/#website\",\"url\":\"https:\/\/www.profilc.com\/boutique\/\",\"name\":\"la boutique Profil C\",\"description\":\"Profilages et pliage acier\",\"publisher\":{\"@id\":\"https:\/\/www.profilc.com\/boutique\/#organization\"},\"potentialAction\":[{\"@type\":\"SearchAction\",\"target\":{\"@type\":\"EntryPoint\",\"urlTemplate\":\"https:\/\/www.profilc.com\/boutique\/?s={search_term_string}\"},\"query-input\":\"required name=search_term_string\"}],\"inLanguage\":\"fr-FR\"},{\"@type\":\"Organization\",\"@id\":\"https:\/\/www.profilc.com\/boutique\/#organization\",\"name\":\"la boutique Profil C\",\"url\":\"https:\/\/www.profilc.com\/boutique\/\",\"logo\":{\"@type\":\"ImageObject\",\"inLanguage\":\"fr-FR\",\"@id\":\"https:\/\/www.profilc.com\/boutique\/#\/schema\/logo\/image\/\",\"url\":\"https:\/\/www.profilc.com\/boutique\/wp-content\/uploads\/sites\/3\/2021\/09\/logo.png\",\"contentUrl\":\"https:\/\/www.profilc.com\/boutique\/wp-content\/uploads\/sites\/3\/2021\/09\/logo.png\",\"width\":329,\"height\":112,\"caption\":\"la boutique Profil C\"},\"image\":{\"@id\":\"https:\/\/www.profilc.com\/boutique\/#\/schema\/logo\/image\/\"}}]}<\/script>\n<!-- \/ Yoast SEO plugin. -->","yoast_head_json":{"title":"Vis de fixation pour panne m\u00e9tallique","description":"PROFIL C vend sur sa boutique en ligne des vis de fixation pour les pannes m\u00e9talliques. Commandez en ligne d\u00e8s maintenant !","robots":{"index":"index","follow":"follow","max-snippet":"max-snippet:-1","max-image-preview":"max-image-preview:large","max-video-preview":"max-video-preview:-1"},"canonical":"https:\/\/www.profilc.com\/boutique\/produit\/25-vis-de-fixation-couverture-en-sommet-donde-pour-panne-metallique-p13-55x80\/","og_locale":"fr_FR","og_type":"article","og_title":"Vis de fixation pour panne m\u00e9tallique","og_description":"PROFIL C vend sur sa boutique en ligne des vis de fixation pour les pannes m\u00e9talliques. Commandez en ligne d\u00e8s maintenant !","og_url":"https:\/\/www.profilc.com\/boutique\/produit\/25-vis-de-fixation-couverture-en-sommet-donde-pour-panne-metallique-p13-55x80\/","og_site_name":"la boutique Profil C","article_modified_time":"2022-11-30T13:59:05+00:00","og_image":[{"width":600,"height":600,"url":"https:\/\/www.profilc.com\/boutique\/wp-content\/uploads\/sites\/3\/2022\/10\/vis-fixation-panne-couverture.jpg","type":"image\/jpeg"}],"twitter_card":"summary_large_image","schema":{"@context":"https:\/\/schema.org","@graph":[{"@type":"WebPage","@id":"https:\/\/www.profilc.com\/boutique\/produit\/25-vis-de-fixation-couverture-en-sommet-donde-pour-panne-metallique-p13-55x80\/","url":"https:\/\/www.profilc.com\/boutique\/produit\/25-vis-de-fixation-couverture-en-sommet-donde-pour-panne-metallique-p13-55x80\/","name":"Vis de fixation pour panne m\u00e9tallique","isPartOf":{"@id":"https:\/\/www.profilc.com\/boutique\/#website"},"datePublished":"2022-10-03T08:18:12+00:00","dateModified":"2022-11-30T13:59:05+00:00","description":"PROFIL C vend sur sa boutique en ligne des vis de fixation pour les pannes m\u00e9talliques. Commandez en ligne d\u00e8s maintenant !","breadcrumb":{"@id":"https:\/\/www.profilc.com\/boutique\/produit\/25-vis-de-fixation-couverture-en-sommet-donde-pour-panne-metallique-p13-55x80\/#breadcrumb"},"inLanguage":"fr-FR","potentialAction":[{"@type":"ReadAction","target":["https:\/\/www.profilc.com\/boutique\/produit\/25-vis-de-fixation-couverture-en-sommet-donde-pour-panne-metallique-p13-55x80\/"]}]},{"@type":"BreadcrumbList","@id":"https:\/\/www.profilc.com\/boutique\/produit\/25-vis-de-fixation-couverture-en-sommet-donde-pour-panne-metallique-p13-55x80\/#breadcrumb","itemListElement":[{"@type":"ListItem","position":1,"name":"Accueil","item":"https:\/\/www.profilc.com\/boutique\/"},{"@type":"ListItem","position":2,"name":"Boutique","item":"https:\/\/www.profilc.com\/boutique\/boutique\/"},{"@type":"ListItem","position":3,"name":"Kit couverture25 vis de fixation m\u00e9talP13 \u2013 5.5&nbsp;X&nbsp;80&nbsp;mm"}]},{"@type":"WebSite","@id":"https:\/\/www.profilc.com\/boutique\/#website","url":"https:\/\/www.profilc.com\/boutique\/","name":"la boutique Profil C","description":"Profilages et pliage acier","publisher":{"@id":"https:\/\/www.profilc.com\/boutique\/#organization"},"potentialAction":[{"@type":"SearchAction","target":{"@type":"EntryPoint","urlTemplate":"https:\/\/www.profilc.com\/boutique\/?s={search_term_string}"},"query-input":"required name=search_term_string"}],"inLanguage":"fr-FR"},{"@type":"Organization","@id":"https:\/\/www.profilc.com\/boutique\/#organization","name":"la boutique Profil C","url":"https:\/\/www.profilc.com\/boutique\/","logo":{"@type":"ImageObject","inLanguage":"fr-FR","@id":"https:\/\/www.profilc.com\/boutique\/#\/schema\/logo\/image\/","url":"https:\/\/www.profilc.com\/boutique\/wp-content\/uploads\/sites\/3\/2021\/09\/logo.png","contentUrl":"https:\/\/www.profilc.com\/boutique\/wp-content\/uploads\/sites\/3\/2021\/09\/logo.png","width":329,"height":112,"caption":"la boutique Profil C"},"image":{"@id":"https:\/\/www.profilc.com\/boutique\/#\/schema\/logo\/image\/"}}]}},"_links":{"self":[{"href":"https:\/\/www.profilc.com\/boutique\/wp-json\/wp\/v2\/product\/1619"}],"collection":[{"href":"https:\/\/www.profilc.com\/boutique\/wp-json\/wp\/v2\/product"}],"about":[{"href":"https:\/\/www.profilc.com\/boutique\/wp-json\/wp\/v2\/types\/product"}],"wp:featuredmedia":[{"embeddable":true,"href":"https:\/\/www.profilc.com\/boutique\/wp-json\/wp\/v2\/media\/1621"}],"wp:attachment":[{"href":"https:\/\/www.profilc.com\/boutique\/wp-json\/wp\/v2\/media?parent=1619"}],"wp:term":[{"taxonomy":"product_cat","embeddable":true,"href":"https:\/\/www.profilc.com\/boutique\/wp-json\/wp\/v2\/product_cat?post=1619"},{"taxonomy":"product_tag","embeddable":true,"href":"https:\/\/www.profilc.com\/boutique\/wp-json\/wp\/v2\/product_tag?post=1619"}],"curies":[{"name":"wp","href":"https:\/\/api.w.org\/{rel}","templated":true}]}}