{"id":1763,"date":"2022-11-15T14:48:29","date_gmt":"2022-11-15T13:48:29","guid":{"rendered":"https:\/\/www.profilc.com\/boutique\/?post_type=product&#038;p=1763"},"modified":"2022-11-29T09:38:29","modified_gmt":"2022-11-29T08:38:29","slug":"bardage-6-180-25-2","status":"publish","type":"product","link":"https:\/\/www.profilc.com\/boutique\/produit\/bardage-6-180-25-2\/","title":{"rendered":"Bardage 6.180.25"},"content":{"rendered":"<p>[vc_row][vc_column][vc_empty_space height=\u00a0\u00bb50&Prime;][vc_column_text el_class=\u00a0\u00bbtitre-gamme\u00a0\u00bb]Dans la m\u00eame gamme[\/vc_column_text][\/vc_column][\/vc_row]<\/p>\n","protected":false},"excerpt":{"rendered":"<p class=\"txt-gris titre-grand\">RAGE \u2013 Juillet 14 \u2013 Annexe L<\/p>\n<p class=\"baseline-title\">Marquage CE \u2013 1166-CPR-0218 suivant NF EN 1090-1<\/p>\n<p>Le <strong class=\"d2b\">bardage 6.180.25<\/strong>\u00a0est un profil de <strong class=\"d2b\">bardage en acier<\/strong> PROFIL C, destin\u00e9 \u00e0 la r\u00e9alisation de fa\u00e7ades neuves ou \u00e0 r\u00e9nover. Pos\u00e9 \u00e0 la verticale ou \u00e0 l\u2019horizontale, ce mod\u00e8le de t\u00f4le trap\u00e9zo\u00efdal se d\u00e9cline dans une large gamme de coloris.<\/p>\n<p class=\"fort\">Longueur au choix:<\/p>\n<p>2,1 m, 3,1m, 4,1 m<\/p>\n<p class=\"fort\">Epaisseur :<\/p>\n<p>0,63 mmm<\/p>\n","protected":false},"featured_media":1767,"template":"","meta":[],"product_cat":[105,44,21],"product_tag":[],"yoast_head":"<!-- This site is optimized with the Yoast SEO plugin v21.7 - https:\/\/yoast.com\/wordpress\/plugins\/seo\/ -->\n<title>Fabricant de bardage en acier pour fa\u00e7ade, particulier et professionnel<\/title>\n<meta name=\"description\" content=\"PROFIL C vend des bardages en acier en pour les fa\u00e7ades neuves ou en r\u00e9novation pour les particulier. Commandez en ligne !\" \/>\n<meta name=\"robots\" content=\"index, follow, max-snippet:-1, max-image-preview:large, max-video-preview:-1\" \/>\n<link rel=\"canonical\" href=\"https:\/\/www.profilc.com\/boutique\/produit\/bardage-6-180-25-2\/\" \/>\n<meta property=\"og:locale\" content=\"fr_FR\" \/>\n<meta property=\"og:type\" content=\"article\" \/>\n<meta property=\"og:title\" content=\"Fabricant de bardage en acier pour fa\u00e7ade, particulier et professionnel\" \/>\n<meta property=\"og:description\" content=\"PROFIL C vend des bardages en acier en pour les fa\u00e7ades neuves ou en r\u00e9novation pour les particulier. Commandez en ligne !\" \/>\n<meta property=\"og:url\" content=\"https:\/\/www.profilc.com\/boutique\/produit\/bardage-6-180-25-2\/\" \/>\n<meta property=\"og:site_name\" content=\"la boutique Profil C\" \/>\n<meta property=\"article:modified_time\" content=\"2022-11-29T08:38:29+00:00\" \/>\n<meta property=\"og:image\" content=\"https:\/\/www.profilc.com\/boutique\/wp-content\/uploads\/sites\/3\/2022\/11\/bardage-6-180-25-pour-toiture.jpg\" \/>\n\t<meta property=\"og:image:width\" content=\"600\" \/>\n\t<meta property=\"og:image:height\" content=\"600\" \/>\n\t<meta property=\"og:image:type\" content=\"image\/jpeg\" \/>\n<meta name=\"twitter:card\" content=\"summary_large_image\" \/>\n<script type=\"application\/ld+json\" class=\"yoast-schema-graph\">{\"@context\":\"https:\/\/schema.org\",\"@graph\":[{\"@type\":\"WebPage\",\"@id\":\"https:\/\/www.profilc.com\/boutique\/produit\/bardage-6-180-25-2\/\",\"url\":\"https:\/\/www.profilc.com\/boutique\/produit\/bardage-6-180-25-2\/\",\"name\":\"Fabricant de bardage en acier pour fa\u00e7ade, particulier et professionnel\",\"isPartOf\":{\"@id\":\"https:\/\/www.profilc.com\/boutique\/#website\"},\"datePublished\":\"2022-11-15T13:48:29+00:00\",\"dateModified\":\"2022-11-29T08:38:29+00:00\",\"description\":\"PROFIL C vend des bardages en acier en pour les fa\u00e7ades neuves ou en r\u00e9novation pour les particulier. Commandez en ligne !\",\"breadcrumb\":{\"@id\":\"https:\/\/www.profilc.com\/boutique\/produit\/bardage-6-180-25-2\/#breadcrumb\"},\"inLanguage\":\"fr-FR\",\"potentialAction\":[{\"@type\":\"ReadAction\",\"target\":[\"https:\/\/www.profilc.com\/boutique\/produit\/bardage-6-180-25-2\/\"]}]},{\"@type\":\"BreadcrumbList\",\"@id\":\"https:\/\/www.profilc.com\/boutique\/produit\/bardage-6-180-25-2\/#breadcrumb\",\"itemListElement\":[{\"@type\":\"ListItem\",\"position\":1,\"name\":\"Accueil\",\"item\":\"https:\/\/www.profilc.com\/boutique\/\"},{\"@type\":\"ListItem\",\"position\":2,\"name\":\"Boutique\",\"item\":\"https:\/\/www.profilc.com\/boutique\/boutique\/\"},{\"@type\":\"ListItem\",\"position\":3,\"name\":\"Bardage 6.180.25\"}]},{\"@type\":\"WebSite\",\"@id\":\"https:\/\/www.profilc.com\/boutique\/#website\",\"url\":\"https:\/\/www.profilc.com\/boutique\/\",\"name\":\"la boutique Profil C\",\"description\":\"Profilages et pliage acier\",\"publisher\":{\"@id\":\"https:\/\/www.profilc.com\/boutique\/#organization\"},\"potentialAction\":[{\"@type\":\"SearchAction\",\"target\":{\"@type\":\"EntryPoint\",\"urlTemplate\":\"https:\/\/www.profilc.com\/boutique\/?s={search_term_string}\"},\"query-input\":\"required name=search_term_string\"}],\"inLanguage\":\"fr-FR\"},{\"@type\":\"Organization\",\"@id\":\"https:\/\/www.profilc.com\/boutique\/#organization\",\"name\":\"la boutique Profil C\",\"url\":\"https:\/\/www.profilc.com\/boutique\/\",\"logo\":{\"@type\":\"ImageObject\",\"inLanguage\":\"fr-FR\",\"@id\":\"https:\/\/www.profilc.com\/boutique\/#\/schema\/logo\/image\/\",\"url\":\"https:\/\/www.profilc.com\/boutique\/wp-content\/uploads\/sites\/3\/2021\/09\/logo.png\",\"contentUrl\":\"https:\/\/www.profilc.com\/boutique\/wp-content\/uploads\/sites\/3\/2021\/09\/logo.png\",\"width\":329,\"height\":112,\"caption\":\"la boutique Profil C\"},\"image\":{\"@id\":\"https:\/\/www.profilc.com\/boutique\/#\/schema\/logo\/image\/\"}}]}<\/script>\n<!-- \/ Yoast SEO plugin. -->","yoast_head_json":{"title":"Fabricant de bardage en acier pour fa\u00e7ade, particulier et professionnel","description":"PROFIL C vend des bardages en acier en pour les fa\u00e7ades neuves ou en r\u00e9novation pour les particulier. Commandez en ligne !","robots":{"index":"index","follow":"follow","max-snippet":"max-snippet:-1","max-image-preview":"max-image-preview:large","max-video-preview":"max-video-preview:-1"},"canonical":"https:\/\/www.profilc.com\/boutique\/produit\/bardage-6-180-25-2\/","og_locale":"fr_FR","og_type":"article","og_title":"Fabricant de bardage en acier pour fa\u00e7ade, particulier et professionnel","og_description":"PROFIL C vend des bardages en acier en pour les fa\u00e7ades neuves ou en r\u00e9novation pour les particulier. Commandez en ligne !","og_url":"https:\/\/www.profilc.com\/boutique\/produit\/bardage-6-180-25-2\/","og_site_name":"la boutique Profil C","article_modified_time":"2022-11-29T08:38:29+00:00","og_image":[{"width":600,"height":600,"url":"https:\/\/www.profilc.com\/boutique\/wp-content\/uploads\/sites\/3\/2022\/11\/bardage-6-180-25-pour-toiture.jpg","type":"image\/jpeg"}],"twitter_card":"summary_large_image","schema":{"@context":"https:\/\/schema.org","@graph":[{"@type":"WebPage","@id":"https:\/\/www.profilc.com\/boutique\/produit\/bardage-6-180-25-2\/","url":"https:\/\/www.profilc.com\/boutique\/produit\/bardage-6-180-25-2\/","name":"Fabricant de bardage en acier pour fa\u00e7ade, particulier et professionnel","isPartOf":{"@id":"https:\/\/www.profilc.com\/boutique\/#website"},"datePublished":"2022-11-15T13:48:29+00:00","dateModified":"2022-11-29T08:38:29+00:00","description":"PROFIL C vend des bardages en acier en pour les fa\u00e7ades neuves ou en r\u00e9novation pour les particulier. Commandez en ligne !","breadcrumb":{"@id":"https:\/\/www.profilc.com\/boutique\/produit\/bardage-6-180-25-2\/#breadcrumb"},"inLanguage":"fr-FR","potentialAction":[{"@type":"ReadAction","target":["https:\/\/www.profilc.com\/boutique\/produit\/bardage-6-180-25-2\/"]}]},{"@type":"BreadcrumbList","@id":"https:\/\/www.profilc.com\/boutique\/produit\/bardage-6-180-25-2\/#breadcrumb","itemListElement":[{"@type":"ListItem","position":1,"name":"Accueil","item":"https:\/\/www.profilc.com\/boutique\/"},{"@type":"ListItem","position":2,"name":"Boutique","item":"https:\/\/www.profilc.com\/boutique\/boutique\/"},{"@type":"ListItem","position":3,"name":"Bardage 6.180.25"}]},{"@type":"WebSite","@id":"https:\/\/www.profilc.com\/boutique\/#website","url":"https:\/\/www.profilc.com\/boutique\/","name":"la boutique Profil C","description":"Profilages et pliage acier","publisher":{"@id":"https:\/\/www.profilc.com\/boutique\/#organization"},"potentialAction":[{"@type":"SearchAction","target":{"@type":"EntryPoint","urlTemplate":"https:\/\/www.profilc.com\/boutique\/?s={search_term_string}"},"query-input":"required name=search_term_string"}],"inLanguage":"fr-FR"},{"@type":"Organization","@id":"https:\/\/www.profilc.com\/boutique\/#organization","name":"la boutique Profil C","url":"https:\/\/www.profilc.com\/boutique\/","logo":{"@type":"ImageObject","inLanguage":"fr-FR","@id":"https:\/\/www.profilc.com\/boutique\/#\/schema\/logo\/image\/","url":"https:\/\/www.profilc.com\/boutique\/wp-content\/uploads\/sites\/3\/2021\/09\/logo.png","contentUrl":"https:\/\/www.profilc.com\/boutique\/wp-content\/uploads\/sites\/3\/2021\/09\/logo.png","width":329,"height":112,"caption":"la boutique Profil C"},"image":{"@id":"https:\/\/www.profilc.com\/boutique\/#\/schema\/logo\/image\/"}}]}},"_links":{"self":[{"href":"https:\/\/www.profilc.com\/boutique\/wp-json\/wp\/v2\/product\/1763"}],"collection":[{"href":"https:\/\/www.profilc.com\/boutique\/wp-json\/wp\/v2\/product"}],"about":[{"href":"https:\/\/www.profilc.com\/boutique\/wp-json\/wp\/v2\/types\/product"}],"wp:featuredmedia":[{"embeddable":true,"href":"https:\/\/www.profilc.com\/boutique\/wp-json\/wp\/v2\/media\/1767"}],"wp:attachment":[{"href":"https:\/\/www.profilc.com\/boutique\/wp-json\/wp\/v2\/media?parent=1763"}],"wp:term":[{"taxonomy":"product_cat","embeddable":true,"href":"https:\/\/www.profilc.com\/boutique\/wp-json\/wp\/v2\/product_cat?post=1763"},{"taxonomy":"product_tag","embeddable":true,"href":"https:\/\/www.profilc.com\/boutique\/wp-json\/wp\/v2\/product_tag?post=1763"}],"curies":[{"name":"wp","href":"https:\/\/api.w.org\/{rel}","templated":true}]}}