{"id":238,"date":"2022-01-21T17:16:51","date_gmt":"2022-01-21T16:16:51","guid":{"rendered":"https:\/\/www.profilc.com\/boutique\/?post_type=product&#038;p=238"},"modified":"2022-09-22T16:14:15","modified_gmt":"2022-09-22T14:14:15","slug":"support-etancheite-5-207-58-appuis-160-mm","status":"publish","type":"product","link":"https:\/\/www.profilc.com\/boutique\/produit\/support-etancheite-5-207-58-appuis-160-mm\/","title":{"rendered":"Support d&rsquo;\u00e9tanch\u00e9it\u00e9 5.207.58 appuis de 160 mm"},"content":{"rendered":"<p>[vc_row full_width=\u00a0\u00bbstretch_row\u00a0\u00bb gap=\u00a0\u00bb20&Prime; equal_height=\u00a0\u00bbyes\u00a0\u00bb][vc_column width=\u00a0\u00bb1\/2&Prime; el_class=\u00a0\u00bbliste-cara\u00a0\u00bb][vc_row_inner equal_height=\u00a0\u00bbyes\u00a0\u00bb gap=\u00a0\u00bb10&Prime;][vc_column_inner el_class=\u00a0\u00bbliste-cara-col\u00a0\u00bb width=\u00a0\u00bb1\/2&Prime; css=\u00a0\u00bb.vc_custom_1662468968637{border-top-width: 1px !important;border-right-width: 1px !important;border-bottom-width: 1px !important;border-left-width: 1px !important;border-left-color: #dbdbdb !important;border-left-style: solid !important;border-right-color: #dbdbdb !important;border-right-style: solid !important;border-top-color: #dbdbdb !important;border-top-style: solid !important;border-bottom-color: #dbdbdb !important;border-bottom-style: solid !important;}\u00a0\u00bb][vc_column_text]<span class=\"titre-moyen\">\u00c9paisseur de l&rsquo;acier<\/span><br \/>\n0,75 mm<br \/>\n0,88 mm<br \/>\n1,00 mm<br \/>\n1,25 mm<\/p>\n<p><span class=\"titre-moyen\">Finition<\/span><br \/>\nGalvanis\u00e9<br \/>\nPolyester 25 microns<br \/>\nPolyester 35 microns<\/p>\n<p><span class=\"titre-moyen\">Longueur<\/span><br \/>\nSur-mesure[\/vc_column_text][\/vc_column_inner][vc_column_inner el_class=\u00a0\u00bbliste-cara-col\u00a0\u00bb width=\u00a0\u00bb1\/2&Prime; css=\u00a0\u00bb.vc_custom_1662468971648{border-top-width: 1px !important;border-right-width: 1px !important;border-bottom-width: 1px !important;border-left-width: 1px !important;border-left-color: #dbdbdb !important;border-left-style: solid !important;border-right-color: #dbdbdb !important;border-right-style: solid !important;border-top-color: #dbdbdb !important;border-top-style: solid !important;border-bottom-color: #dbdbdb !important;border-bottom-style: solid !important;border-radius: 1px !important;}\u00a0\u00bb][vc_column_text]<span class=\"titre-moyen\">Coloris<\/span><br \/>\nGamme Classique<br \/>\nGamme tonique<br \/>\nGamme Extra<\/p>\n<p><span class=\"titre-moyen\">Options<\/span><br \/>\nAccessoires de couverture<br \/>\nPliages \u00e9tanch\u00e9it\u00e9<br \/>\n[\/vc_column_text][\/vc_column_inner][\/vc_row_inner][\/vc_column][vc_column width=\u00a0\u00bb1\/2&Prime; css=\u00a0\u00bb.vc_custom_1662469014132{margin-bottom: 0px !important;border-top-width: 1px !important;border-right-width: 1px !important;border-bottom-width: 1px !important;border-left-width: 1px !important;padding-bottom: 0px !important;border-left-color: #dbdbdb !important;border-left-style: solid !important;border-right-color: #dbdbdb !important;border-right-style: solid !important;border-top-color: #dbdbdb !important;border-top-style: solid !important;border-bottom-color: #dbdbdb !important;border-bottom-style: solid !important;border-radius: 1px !important;}\u00a0\u00bb][vc_column_text el_class=\u00a0\u00bbtxt-rouge titre-grand\u00a0\u00bb]<\/p>\n<h3>Caract\u00e9ristiques du support d&rsquo;\u00e9tanch\u00e9it\u00e9 5.207.58, appui de 160 mm<\/h3>\n<p>[\/vc_column_text][vc_row_inner][vc_column_inner width=\u00a0\u00bb1\/2&Prime;][vc_column_text el_class=\u00a0\u00bbpetit-titre fort\u00a0\u00bb css=\u00a0\u00bb.vc_custom_1662469038483{margin-bottom: 0px !important;padding-bottom: 0px !important;}\u00a0\u00bb]Type[\/vc_column_text][\/vc_column_inner][vc_column_inner width=\u00a0\u00bb1\/2&Prime;][vc_column_text css=\u00a0\u00bb.vc_custom_1662469052168{margin-bottom: 0px !important;padding-bottom: 0px !important;}\u00a0\u00bb]Support d&rsquo;\u00e9tanch\u00e9it\u00e9[\/vc_column_text][\/vc_column_inner][\/vc_row_inner][vc_row_inner][vc_column_inner width=\u00a0\u00bb1\/2&Prime;][vc_column_text el_class=\u00a0\u00bbpetit-titre fort\u00a0\u00bb css=\u00a0\u00bb.vc_custom_1662469061440{margin-bottom: 0px !important;padding-bottom: 0px !important;}\u00a0\u00bb]Hauteur utile[\/vc_column_text][\/vc_column_inner][vc_column_inner width=\u00a0\u00bb1\/2&Prime;][vc_column_text css=\u00a0\u00bb.vc_custom_1662469069564{margin-bottom: 0px !important;padding-bottom: 0px !important;}\u00a0\u00bb]58 mm[\/vc_column_text][\/vc_column_inner][\/vc_row_inner][vc_row_inner][vc_column_inner width=\u00a0\u00bb1\/2&Prime;][vc_column_text el_class=\u00a0\u00bbpetit-titre fort\u00a0\u00bb css=\u00a0\u00bb.vc_custom_1662469077108{margin-bottom: 0px !important;padding-bottom: 0px !important;}\u00a0\u00bb]Largeur utile[\/vc_column_text][\/vc_column_inner][vc_column_inner width=\u00a0\u00bb1\/2&Prime;][vc_column_text css=\u00a0\u00bb.vc_custom_1662469084338{margin-bottom: 0px !important;padding-bottom: 0px !important;}\u00a0\u00bb]1035 mm[\/vc_column_text][\/vc_column_inner][\/vc_row_inner][vc_row_inner][vc_column_inner width=\u00a0\u00bb1\/2&Prime;][vc_column_text el_class=\u00a0\u00bbpetit-titre fort\u00a0\u00bb css=\u00a0\u00bb.vc_custom_1662469150640{margin-bottom: 0px !important;padding-bottom: 0px !important;}\u00a0\u00bb]Rapport d&rsquo;essai[\/vc_column_text][\/vc_column_inner][vc_column_inner width=\u00a0\u00bb1\/2&Prime;][vc_column_text css=\u00a0\u00bb.vc_custom_1662469168552{margin-bottom: 0px !important;padding-bottom: 0px !important;}\u00a0\u00bb]<em>Num\u00e9ro \u00e0 venir pour chaque produit<\/em>[\/vc_column_text][\/vc_column_inner][\/vc_row_inner][vc_row_inner][vc_column_inner width=\u00a0\u00bb1\/2&Prime;][vc_column_text el_class=\u00a0\u00bbpetit-titre fort\u00a0\u00bb css=\u00a0\u00bb.vc_custom_1662469176546{margin-bottom: 0px !important;padding-bottom: 0px !important;}\u00a0\u00bb]Application[\/vc_column_text][\/vc_column_inner][vc_column_inner width=\u00a0\u00bb1\/2&Prime;][vc_column_text css=\u00a0\u00bb.vc_custom_1662469187668{margin-bottom: 0px !important;padding-bottom: 0px !important;}\u00a0\u00bb]Toiture &amp; couverture[\/vc_column_text][\/vc_column_inner][\/vc_row_inner][\/vc_column][\/vc_row][vc_row content_placement=\u00a0\u00bbmiddle\u00a0\u00bb][vc_column width=\u00a0\u00bb1\/2&Prime; css=\u00a0\u00bb.vc_custom_1662469199220{background-color: #bababa !important;}\u00a0\u00bb el_class=\u00a0\u00bbtxt-blanc docu\u00a0\u00bb][vc_row_inner][vc_column_inner width=\u00a0\u00bb1\/4&Prime;][\/vc_column_inner][vc_column_inner width=\u00a0\u00bb3\/4&Prime;][vc_column_text el_class=\u00a0\u00bb.titre-grand .txt-blanc\u00a0\u00bb]Documentations[\/vc_column_text][\/vc_column_inner][\/vc_row_inner][vc_row_inner][vc_column_inner width=\u00a0\u00bb1\/4&Prime;][vc_single_image image=\u00a0\u00bb420&Prime; img_size=\u00a0\u00bb70&#215;70&Prime; alignment=\u00a0\u00bbcenter\u00a0\u00bb onclick=\u00a0\u00bbcustom_link\u00a0\u00bb img_link_target=\u00a0\u00bb_blank\u00a0\u00bb link=\u00a0\u00bb\/wp-content\/uploads\/sites\/3\/2022\/07\/Couverture-toiture-4.250.35-fiche-technique.pdf\u00a0\u00bb][vc_column_text]<\/p>\n<p style=\"text-align: center;\"><a href=\"\/wp-content\/uploads\/sites\/3\/2022\/07\/Couverture-toiture-4.250.35-fiche-technique.pdf\" target=\"_blank\" rel=\"noopener\">Fiche technique<\/a><\/p>\n<p>[\/vc_column_text][\/vc_column_inner][vc_column_inner width=\u00a0\u00bb1\/4&Prime;][vc_single_image image=\u00a0\u00bb421&Prime; img_size=\u00a0\u00bb70&#215;70&Prime; alignment=\u00a0\u00bbcenter\u00a0\u00bb][vc_column_text]<\/p>\n<p style=\"text-align: center;\"><a href=\"\/wp-content\/uploads\/sites\/3\/2022\/07\/Support-detancheite-5-207-58.pdf\" target=\"_blank\" rel=\"noopener\">Fichier 2D DWG<\/a><\/p>\n<p>[\/vc_column_text][\/vc_column_inner][vc_column_inner width=\u00a0\u00bb1\/4&Prime;][vc_single_image image=\u00a0\u00bb422&Prime; img_size=\u00a0\u00bb70&#215;70&Prime; alignment=\u00a0\u00bbcenter\u00a0\u00bb][vc_column_text]<\/p>\n<p style=\"text-align: center;\">Cahier de pose PDF<\/p>\n<p>[\/vc_column_text][\/vc_column_inner][vc_column_inner width=\u00a0\u00bb1\/4&Prime;][vc_single_image image=\u00a0\u00bb423&Prime; img_size=\u00a0\u00bb70&#215;70&Prime; alignment=\u00a0\u00bbcenter\u00a0\u00bb][vc_column_text]<\/p>\n<p style=\"text-align: center;\">Certificat PDF<\/p>\n<p>[\/vc_column_text][\/vc_column_inner][\/vc_row_inner][vc_row_inner][vc_column_inner width=\u00a0\u00bb1\/4&Prime;][vc_single_image image=\u00a0\u00bb424&Prime; img_size=\u00a0\u00bb70&#215;70&Prime; alignment=\u00a0\u00bbcenter\u00a0\u00bb][vc_column_text]<\/p>\n<p style=\"text-align: center;\">D\u00e9claration performance PDF<\/p>\n<p>[\/vc_column_text][\/vc_column_inner][vc_column_inner width=\u00a0\u00bb1\/4&Prime;][vc_single_image image=\u00a0\u00bb420&Prime; img_size=\u00a0\u00bb70&#215;70&Prime; alignment=\u00a0\u00bbcenter\u00a0\u00bb onclick=\u00a0\u00bbcustom_link\u00a0\u00bb img_link_target=\u00a0\u00bb_blank\u00a0\u00bb link=\u00a0\u00bb\/wp-content\/uploads\/sites\/3\/2022\/07\/Couverture-toiture-4.250.35-fiche-pliage.pdf\u00a0\u00bb][vc_column_text]<\/p>\n<p style=\"text-align: center;\"><a href=\"\/wp-content\/uploads\/sites\/3\/2022\/07\/Couverture-toiture-4.250.35-fiche-pliage.pdf\" target=\"_blank\" rel=\"noopener\">Fiche pliages PDF<\/a><\/p>\n<p>[\/vc_column_text][\/vc_column_inner][vc_column_inner width=\u00a0\u00bb1\/4&Prime;][vc_single_image image=\u00a0\u00bb420&Prime; img_size=\u00a0\u00bb70&#215;70&Prime; alignment=\u00a0\u00bbcenter\u00a0\u00bb onclick=\u00a0\u00bbcustom_link\u00a0\u00bb img_link_target=\u00a0\u00bb_blank\u00a0\u00bb link=\u00a0\u00bb\/wp-content\/uploads\/sites\/3\/2022\/07\/Couverture-toiture-4.250.35-fiche-accessoire.pdf\u00a0\u00bb][vc_column_text]<\/p>\n<p style=\"text-align: center;\"><a href=\"\/wp-content\/uploads\/sites\/3\/2022\/07\/Couverture-toiture-4.250.35-fiche-accessoire.pdf\" target=\"_blank\" rel=\"noopener\">Fiche accessoires PDF<\/a><\/p>\n<p>[\/vc_column_text][\/vc_column_inner][vc_column_inner width=\u00a0\u00bb1\/4&Prime;][vc_btn title=\u00a0\u00bbDEMANDE DE DEVIS\u00a0\u00bb style=\u00a0\u00bbcustom\u00a0\u00bb custom_background=\u00a0\u00bb#ed0000&Prime; custom_text=\u00a0\u00bb#ffffff\u00a0\u00bb shape=\u00a0\u00bbsquare\u00a0\u00bb align=\u00a0\u00bbcenter\u00a0\u00bb link=\u00a0\u00bburl:%2Fcontact%2F|title:Contact|target:_blank\u00a0\u00bb][\/vc_column_inner][\/vc_row_inner][\/vc_column][vc_column width=\u00a0\u00bb1\/2&Prime;][vc_row_inner][vc_column_inner width=\u00a0\u00bb1\/2&Prime;][vc_column_text el_class=\u00a0\u00bbtxt-rouge titre-grand\u00a0\u00bb]<\/p>\n<p style=\"text-align: center;\">Echantillon profil<\/p>\n<p>[\/vc_column_text][vc_single_image image=\u00a0\u00bb434&Prime; img_size=\u00a0\u00bbmedium\u00a0\u00bb alignment=\u00a0\u00bbcenter\u00a0\u00bb css=\u00a0\u00bb.vc_custom_1659519029057{background-color: #bababa !important;}\u00a0\u00bb el_class=\u00a0\u00bbcerclage\u00a0\u00bb][vc_btn title=\u00a0\u00bbCOMMANDER\u00a0\u00bb style=\u00a0\u00bbcustom\u00a0\u00bb custom_background=\u00a0\u00bb#ed0000&Prime; custom_text=\u00a0\u00bb#ffffff\u00a0\u00bb shape=\u00a0\u00bbsquare\u00a0\u00bb align=\u00a0\u00bbcenter\u00a0\u00bb link=\u00a0\u00bburl:%2Fechantillon-profil-support-etancheite-5-207-58%2F|target:_blank\u00a0\u00bb][\/vc_column_inner][vc_column_inner width=\u00a0\u00bb1\/2&Prime;][vc_column_text el_class=\u00a0\u00bbtxt-rouge titre-grand\u00a0\u00bb]<\/p>\n<p style=\"text-align: center;\">Echantillon couleur<\/p>\n<p>[\/vc_column_text][vc_single_image image=\u00a0\u00bb435&Prime; img_size=\u00a0\u00bbmedium\u00a0\u00bb alignment=\u00a0\u00bbcenter\u00a0\u00bb css=\u00a0\u00bb.vc_custom_1659519035369{background-color: #bababa !important;}\u00a0\u00bb el_class=\u00a0\u00bbcerclage\u00a0\u00bb][vc_btn title=\u00a0\u00bbCOMMANDER\u00a0\u00bb style=\u00a0\u00bbcustom\u00a0\u00bb custom_background=\u00a0\u00bb#ed0000&Prime; custom_text=\u00a0\u00bb#ffffff\u00a0\u00bb shape=\u00a0\u00bbsquare\u00a0\u00bb align=\u00a0\u00bbcenter\u00a0\u00bb link=\u00a0\u00bburl:%2Fcontact%2F|title:Contact|target:_blank\u00a0\u00bb][\/vc_column_inner][\/vc_row_inner][\/vc_column][\/vc_row][vc_row][vc_column][vc_empty_space height=\u00a0\u00bb50&Prime;][vc_column_text el_class=\u00a0\u00bbtitre-gamme\u00a0\u00bb]Dans la m\u00eame gamme[\/vc_column_text][\/vc_column][\/vc_row]<\/p>\n","protected":false},"excerpt":{"rendered":"<p class=\"txt-gris titre-grand\">Norme EN &#8211; 1993-1-3<\/p>\n<p class=\"baseline-title\">Marquage CE &#8211; 1166-CPR-0218 suivant NF EN 1090-1<\/p>\n<p>Le <strong class=\"d2b\">support d\u2019\u00e9tanch\u00e9it\u00e9 pour toiture 5.207.58 en acier<\/strong> est indispensable \u00e0 la r\u00e9alisation de couvertures \u00e9tanch\u00e9es et fait partie des 4 mod\u00e8les de supports d\u2019\u00e9tanch\u00e9it\u00e9 PROFIL C (de 45 \u00e0 106 mm de hauteur). \u00c9l\u00e9ment porteur en t\u00f4le d\u2019acier nervur\u00e9e, il sert de support \u00e0 un rev\u00eatement d\u2019\u00e9tanch\u00e9it\u00e9 ou \u00e0 un profil de couverture.<\/p>\n<p>Diff\u00e9rentes possibilit\u00e9s de finitions selon les produits : galvanis\u00e9s ou laqu\u00e9s. Une large gamme de coloris RAL est disponible en stock et sur commande.<\/p>\n","protected":false},"featured_media":529,"template":"","meta":[],"product_cat":[22],"product_tag":[],"yoast_head":"<!-- This site is optimized with the Yoast SEO plugin v21.7 - https:\/\/yoast.com\/wordpress\/plugins\/seo\/ -->\n<title>Fabrication support \u00e9tanch\u00e9it\u00e9 sur mesure<\/title>\n<meta name=\"description\" content=\"PROFIL C propose des supports d&#039;\u00e9tanch\u00e9it\u00e9 pour les toitures sur mesure et en diff\u00e9rent coloris. Demander un devis !\" \/>\n<meta name=\"robots\" content=\"index, follow, max-snippet:-1, max-image-preview:large, max-video-preview:-1\" \/>\n<link rel=\"canonical\" href=\"https:\/\/www.profilc.com\/boutique\/produit\/support-etancheite-5-207-58-appuis-160-mm\/\" \/>\n<meta property=\"og:locale\" content=\"fr_FR\" \/>\n<meta property=\"og:type\" content=\"article\" \/>\n<meta property=\"og:title\" content=\"Fabrication support \u00e9tanch\u00e9it\u00e9 sur mesure\" \/>\n<meta property=\"og:description\" content=\"PROFIL C propose des supports d&#039;\u00e9tanch\u00e9it\u00e9 pour les toitures sur mesure et en diff\u00e9rent coloris. Demander un devis !\" \/>\n<meta property=\"og:url\" content=\"https:\/\/www.profilc.com\/boutique\/produit\/support-etancheite-5-207-58-appuis-160-mm\/\" \/>\n<meta property=\"og:site_name\" content=\"la boutique Profil C\" \/>\n<meta property=\"article:modified_time\" content=\"2022-09-22T14:14:15+00:00\" \/>\n<meta property=\"og:image\" content=\"https:\/\/www.profilc.com\/boutique\/wp-content\/uploads\/sites\/3\/2022\/07\/support-etancheite-5.207.58-toiture.png\" \/>\n\t<meta property=\"og:image:width\" content=\"600\" \/>\n\t<meta property=\"og:image:height\" content=\"600\" \/>\n\t<meta property=\"og:image:type\" content=\"image\/png\" \/>\n<meta name=\"twitter:card\" content=\"summary_large_image\" \/>\n<meta name=\"twitter:label1\" content=\"Dur\u00e9e de lecture estim\u00e9e\" \/>\n\t<meta name=\"twitter:data1\" content=\"2 minutes\" \/>\n<script type=\"application\/ld+json\" class=\"yoast-schema-graph\">{\"@context\":\"https:\/\/schema.org\",\"@graph\":[{\"@type\":\"WebPage\",\"@id\":\"https:\/\/www.profilc.com\/boutique\/produit\/support-etancheite-5-207-58-appuis-160-mm\/\",\"url\":\"https:\/\/www.profilc.com\/boutique\/produit\/support-etancheite-5-207-58-appuis-160-mm\/\",\"name\":\"Fabrication support \u00e9tanch\u00e9it\u00e9 sur mesure\",\"isPartOf\":{\"@id\":\"https:\/\/www.profilc.com\/boutique\/#website\"},\"datePublished\":\"2022-01-21T16:16:51+00:00\",\"dateModified\":\"2022-09-22T14:14:15+00:00\",\"description\":\"PROFIL C propose des supports d'\u00e9tanch\u00e9it\u00e9 pour les toitures sur mesure et en diff\u00e9rent coloris. Demander un devis !\",\"breadcrumb\":{\"@id\":\"https:\/\/www.profilc.com\/boutique\/produit\/support-etancheite-5-207-58-appuis-160-mm\/#breadcrumb\"},\"inLanguage\":\"fr-FR\",\"potentialAction\":[{\"@type\":\"ReadAction\",\"target\":[\"https:\/\/www.profilc.com\/boutique\/produit\/support-etancheite-5-207-58-appuis-160-mm\/\"]}]},{\"@type\":\"BreadcrumbList\",\"@id\":\"https:\/\/www.profilc.com\/boutique\/produit\/support-etancheite-5-207-58-appuis-160-mm\/#breadcrumb\",\"itemListElement\":[{\"@type\":\"ListItem\",\"position\":1,\"name\":\"Accueil\",\"item\":\"https:\/\/www.profilc.com\/boutique\/\"},{\"@type\":\"ListItem\",\"position\":2,\"name\":\"Boutique\",\"item\":\"https:\/\/www.profilc.com\/boutique\/boutique\/\"},{\"@type\":\"ListItem\",\"position\":3,\"name\":\"Support d&#8217;\u00e9tanch\u00e9it\u00e9 5.207.58 appuis de 160 mm\"}]},{\"@type\":\"WebSite\",\"@id\":\"https:\/\/www.profilc.com\/boutique\/#website\",\"url\":\"https:\/\/www.profilc.com\/boutique\/\",\"name\":\"la boutique Profil C\",\"description\":\"Profilages et pliage acier\",\"publisher\":{\"@id\":\"https:\/\/www.profilc.com\/boutique\/#organization\"},\"potentialAction\":[{\"@type\":\"SearchAction\",\"target\":{\"@type\":\"EntryPoint\",\"urlTemplate\":\"https:\/\/www.profilc.com\/boutique\/?s={search_term_string}\"},\"query-input\":\"required name=search_term_string\"}],\"inLanguage\":\"fr-FR\"},{\"@type\":\"Organization\",\"@id\":\"https:\/\/www.profilc.com\/boutique\/#organization\",\"name\":\"la boutique Profil C\",\"url\":\"https:\/\/www.profilc.com\/boutique\/\",\"logo\":{\"@type\":\"ImageObject\",\"inLanguage\":\"fr-FR\",\"@id\":\"https:\/\/www.profilc.com\/boutique\/#\/schema\/logo\/image\/\",\"url\":\"https:\/\/www.profilc.com\/boutique\/wp-content\/uploads\/sites\/3\/2021\/09\/logo.png\",\"contentUrl\":\"https:\/\/www.profilc.com\/boutique\/wp-content\/uploads\/sites\/3\/2021\/09\/logo.png\",\"width\":329,\"height\":112,\"caption\":\"la boutique Profil C\"},\"image\":{\"@id\":\"https:\/\/www.profilc.com\/boutique\/#\/schema\/logo\/image\/\"}}]}<\/script>\n<!-- \/ Yoast SEO plugin. -->","yoast_head_json":{"title":"Fabrication support \u00e9tanch\u00e9it\u00e9 sur mesure","description":"PROFIL C propose des supports d'\u00e9tanch\u00e9it\u00e9 pour les toitures sur mesure et en diff\u00e9rent coloris. Demander un devis !","robots":{"index":"index","follow":"follow","max-snippet":"max-snippet:-1","max-image-preview":"max-image-preview:large","max-video-preview":"max-video-preview:-1"},"canonical":"https:\/\/www.profilc.com\/boutique\/produit\/support-etancheite-5-207-58-appuis-160-mm\/","og_locale":"fr_FR","og_type":"article","og_title":"Fabrication support \u00e9tanch\u00e9it\u00e9 sur mesure","og_description":"PROFIL C propose des supports d'\u00e9tanch\u00e9it\u00e9 pour les toitures sur mesure et en diff\u00e9rent coloris. Demander un devis !","og_url":"https:\/\/www.profilc.com\/boutique\/produit\/support-etancheite-5-207-58-appuis-160-mm\/","og_site_name":"la boutique Profil C","article_modified_time":"2022-09-22T14:14:15+00:00","og_image":[{"width":600,"height":600,"url":"https:\/\/www.profilc.com\/boutique\/wp-content\/uploads\/sites\/3\/2022\/07\/support-etancheite-5.207.58-toiture.png","type":"image\/png"}],"twitter_card":"summary_large_image","twitter_misc":{"Dur\u00e9e de lecture estim\u00e9e":"2 minutes"},"schema":{"@context":"https:\/\/schema.org","@graph":[{"@type":"WebPage","@id":"https:\/\/www.profilc.com\/boutique\/produit\/support-etancheite-5-207-58-appuis-160-mm\/","url":"https:\/\/www.profilc.com\/boutique\/produit\/support-etancheite-5-207-58-appuis-160-mm\/","name":"Fabrication support \u00e9tanch\u00e9it\u00e9 sur mesure","isPartOf":{"@id":"https:\/\/www.profilc.com\/boutique\/#website"},"datePublished":"2022-01-21T16:16:51+00:00","dateModified":"2022-09-22T14:14:15+00:00","description":"PROFIL C propose des supports d'\u00e9tanch\u00e9it\u00e9 pour les toitures sur mesure et en diff\u00e9rent coloris. Demander un devis !","breadcrumb":{"@id":"https:\/\/www.profilc.com\/boutique\/produit\/support-etancheite-5-207-58-appuis-160-mm\/#breadcrumb"},"inLanguage":"fr-FR","potentialAction":[{"@type":"ReadAction","target":["https:\/\/www.profilc.com\/boutique\/produit\/support-etancheite-5-207-58-appuis-160-mm\/"]}]},{"@type":"BreadcrumbList","@id":"https:\/\/www.profilc.com\/boutique\/produit\/support-etancheite-5-207-58-appuis-160-mm\/#breadcrumb","itemListElement":[{"@type":"ListItem","position":1,"name":"Accueil","item":"https:\/\/www.profilc.com\/boutique\/"},{"@type":"ListItem","position":2,"name":"Boutique","item":"https:\/\/www.profilc.com\/boutique\/boutique\/"},{"@type":"ListItem","position":3,"name":"Support d&#8217;\u00e9tanch\u00e9it\u00e9 5.207.58 appuis de 160 mm"}]},{"@type":"WebSite","@id":"https:\/\/www.profilc.com\/boutique\/#website","url":"https:\/\/www.profilc.com\/boutique\/","name":"la boutique Profil C","description":"Profilages et pliage acier","publisher":{"@id":"https:\/\/www.profilc.com\/boutique\/#organization"},"potentialAction":[{"@type":"SearchAction","target":{"@type":"EntryPoint","urlTemplate":"https:\/\/www.profilc.com\/boutique\/?s={search_term_string}"},"query-input":"required name=search_term_string"}],"inLanguage":"fr-FR"},{"@type":"Organization","@id":"https:\/\/www.profilc.com\/boutique\/#organization","name":"la boutique Profil C","url":"https:\/\/www.profilc.com\/boutique\/","logo":{"@type":"ImageObject","inLanguage":"fr-FR","@id":"https:\/\/www.profilc.com\/boutique\/#\/schema\/logo\/image\/","url":"https:\/\/www.profilc.com\/boutique\/wp-content\/uploads\/sites\/3\/2021\/09\/logo.png","contentUrl":"https:\/\/www.profilc.com\/boutique\/wp-content\/uploads\/sites\/3\/2021\/09\/logo.png","width":329,"height":112,"caption":"la boutique Profil C"},"image":{"@id":"https:\/\/www.profilc.com\/boutique\/#\/schema\/logo\/image\/"}}]}},"_links":{"self":[{"href":"https:\/\/www.profilc.com\/boutique\/wp-json\/wp\/v2\/product\/238"}],"collection":[{"href":"https:\/\/www.profilc.com\/boutique\/wp-json\/wp\/v2\/product"}],"about":[{"href":"https:\/\/www.profilc.com\/boutique\/wp-json\/wp\/v2\/types\/product"}],"wp:featuredmedia":[{"embeddable":true,"href":"https:\/\/www.profilc.com\/boutique\/wp-json\/wp\/v2\/media\/529"}],"wp:attachment":[{"href":"https:\/\/www.profilc.com\/boutique\/wp-json\/wp\/v2\/media?parent=238"}],"wp:term":[{"taxonomy":"product_cat","embeddable":true,"href":"https:\/\/www.profilc.com\/boutique\/wp-json\/wp\/v2\/product_cat?post=238"},{"taxonomy":"product_tag","embeddable":true,"href":"https:\/\/www.profilc.com\/boutique\/wp-json\/wp\/v2\/product_tag?post=238"}],"curies":[{"name":"wp","href":"https:\/\/api.w.org\/{rel}","templated":true}]}}