{"id":299,"date":"2022-01-28T16:03:10","date_gmt":"2022-01-28T15:03:10","guid":{"rendered":"https:\/\/www.profilc.com\/boutique\/?post_type=product&#038;p=299"},"modified":"2022-09-29T15:59:34","modified_gmt":"2022-09-29T13:59:34","slug":"plancher-coffrage-perdu-5-207-58","status":"publish","type":"product","link":"https:\/\/www.profilc.com\/boutique\/produit\/plancher-coffrage-perdu-5-207-58\/","title":{"rendered":"Plancher coffrage perdu 5.207.58"},"content":{"rendered":"<p>[vc_row full_width=\u00a0\u00bbstretch_row\u00a0\u00bb gap=\u00a0\u00bb20&Prime; equal_height=\u00a0\u00bbyes\u00a0\u00bb][vc_column width=\u00a0\u00bb1\/2&Prime; el_class=\u00a0\u00bbliste-cara\u00a0\u00bb][vc_row_inner equal_height=\u00a0\u00bbyes\u00a0\u00bb gap=\u00a0\u00bb10&Prime;][vc_column_inner el_class=\u00a0\u00bbliste-cara-col\u00a0\u00bb width=\u00a0\u00bb1\/2&Prime; css=\u00a0\u00bb.vc_custom_1662556628853{border-top-width: 1px !important;border-right-width: 1px !important;border-bottom-width: 1px !important;border-left-width: 1px !important;border-left-color: #dbdbdb !important;border-left-style: solid !important;border-right-color: #dbdbdb !important;border-right-style: solid !important;border-top-color: #dbdbdb !important;border-top-style: solid !important;border-bottom-color: #dbdbdb !important;border-bottom-style: solid !important;}\u00a0\u00bb][vc_column_text]<span class=\"titre-moyen\">\u00c9paisseur de l&rsquo;acier<\/span><br \/>\n0,75 mm<br \/>\n0,88 mm<br \/>\n1,00 mm<br \/>\n1,25 mm<\/p>\n<p><span class=\"titre-moyen\">Finition<\/span><br \/>\nGalvanis\u00e9<br \/>\nPolyester 25 microns<br \/>\nPolyester 35 microns<\/p>\n<p><span class=\"titre-moyen\">Longueur<\/span><br \/>\nSur-mesure[\/vc_column_text][\/vc_column_inner][vc_column_inner el_class=\u00a0\u00bbliste-cara-col\u00a0\u00bb width=\u00a0\u00bb1\/2&Prime; css=\u00a0\u00bb.vc_custom_1662556634188{border-top-width: 1px !important;border-right-width: 1px !important;border-bottom-width: 1px !important;border-left-width: 1px !important;border-left-color: #dbdbdb !important;border-left-style: solid !important;border-right-color: #dbdbdb !important;border-right-style: solid !important;border-top-color: #dbdbdb !important;border-top-style: solid !important;border-bottom-color: #dbdbdb !important;border-bottom-style: solid !important;border-radius: 1px !important;}\u00a0\u00bb][vc_column_text]<span class=\"titre-moyen\">Coloris<\/span><br \/>\nGamme Classique<br \/>\nGamme Tonique<br \/>\nGamme Extra<\/p>\n<p><span class=\"titre-moyen\">Options<\/span><br \/>\nAccessoires de coffrage[\/vc_column_text][\/vc_column_inner][\/vc_row_inner][\/vc_column][vc_column width=\u00a0\u00bb1\/2&Prime; css=\u00a0\u00bb.vc_custom_1662555701934{border-top-width: 1px !important;border-right-width: 1px !important;border-bottom-width: 1px !important;border-left-width: 1px !important;border-left-color: #dbdbdb !important;border-left-style: solid !important;border-right-color: #dbdbdb !important;border-right-style: solid !important;border-top-color: #dbdbdb !important;border-top-style: solid !important;border-bottom-color: #dbdbdb !important;border-bottom-style: solid !important;border-radius: 1px !important;}\u00a0\u00bb][vc_column_text el_class=\u00a0\u00bbtxt-rouge titre-grand\u00a0\u00bb]<\/p>\n<h3>Caract\u00e9ristiques du coffrage perdu 5.207.58<\/h3>\n<p>[\/vc_column_text][vc_row_inner][vc_column_inner width=\u00a0\u00bb1\/2&Prime;][vc_column_text el_class=\u00a0\u00bbpetit-titre fort\u00a0\u00bb css=\u00a0\u00bb.vc_custom_1662555773609{margin-bottom: 0px !important;padding-bottom: 0px !important;}\u00a0\u00bb]Type[\/vc_column_text][\/vc_column_inner][vc_column_inner width=\u00a0\u00bb1\/2&Prime;][vc_column_text css=\u00a0\u00bb.vc_custom_1662555802157{margin-bottom: 0px !important;padding-bottom: 0px !important;}\u00a0\u00bb]Coffrage perdu[\/vc_column_text][\/vc_column_inner][\/vc_row_inner][vc_row_inner][vc_column_inner width=\u00a0\u00bb1\/2&Prime;][vc_column_text el_class=\u00a0\u00bbpetit-titre fort\u00a0\u00bb css=\u00a0\u00bb.vc_custom_1662555817130{margin-bottom: 0px !important;padding-bottom: 0px !important;}\u00a0\u00bb]Hauteur utile[\/vc_column_text][\/vc_column_inner][vc_column_inner width=\u00a0\u00bb1\/2&Prime;][vc_column_text css=\u00a0\u00bb.vc_custom_1662555827817{margin-bottom: 0px !important;padding-bottom: 0px !important;}\u00a0\u00bb]58 mm[\/vc_column_text][\/vc_column_inner][\/vc_row_inner][vc_row_inner][vc_column_inner width=\u00a0\u00bb1\/2&Prime;][vc_column_text el_class=\u00a0\u00bbpetit-titre fort\u00a0\u00bb css=\u00a0\u00bb.vc_custom_1662555842318{margin-bottom: 0px !important;padding-bottom: 0px !important;}\u00a0\u00bb]Largeur utile[\/vc_column_text][\/vc_column_inner][vc_column_inner width=\u00a0\u00bb1\/2&Prime;][vc_column_text css=\u00a0\u00bb.vc_custom_1662555853855{margin-bottom: 0px !important;padding-bottom: 0px !important;}\u00a0\u00bb]1035 mm[\/vc_column_text][\/vc_column_inner][\/vc_row_inner][vc_row_inner][vc_column_inner width=\u00a0\u00bb1\/2&Prime;][vc_column_text el_class=\u00a0\u00bbpetit-titre fort\u00a0\u00bb css=\u00a0\u00bb.vc_custom_1662555867308{margin-bottom: 0px !important;padding-bottom: 0px !important;}\u00a0\u00bb]Rapport d&rsquo;essai[\/vc_column_text][\/vc_column_inner][vc_column_inner width=\u00a0\u00bb1\/2&Prime;][vc_column_text css=\u00a0\u00bb.vc_custom_1662555891095{margin-bottom: 0px !important;padding-bottom: 0px !important;}\u00a0\u00bb]<em>Num\u00e9ro \u00e0 venir pour chaque produit<\/em>[\/vc_column_text][\/vc_column_inner][\/vc_row_inner][vc_row_inner][vc_column_inner width=\u00a0\u00bb1\/2&Prime;][vc_column_text el_class=\u00a0\u00bbpetit-titre fort\u00a0\u00bb css=\u00a0\u00bb.vc_custom_1662555913438{margin-bottom: 0px !important;padding-bottom: 0px !important;}\u00a0\u00bb]Application[\/vc_column_text][\/vc_column_inner][vc_column_inner width=\u00a0\u00bb1\/2&Prime;][vc_column_text css=\u00a0\u00bb.vc_custom_1662556556656{margin-bottom: 0px !important;padding-bottom: 0px !important;}\u00a0\u00bb]Plancher &amp; structure[\/vc_column_text][\/vc_column_inner][\/vc_row_inner][\/vc_column][\/vc_row][vc_row content_placement=\u00a0\u00bbmiddle\u00a0\u00bb][vc_column width=\u00a0\u00bb1\/2&Prime; css=\u00a0\u00bb.vc_custom_1662556576107{background-color: #bababa !important;}\u00a0\u00bb el_class=\u00a0\u00bbtxt-blanc docu\u00a0\u00bb][vc_row_inner][vc_column_inner width=\u00a0\u00bb1\/4&Prime;][\/vc_column_inner][vc_column_inner width=\u00a0\u00bb3\/4&Prime;][vc_column_text el_class=\u00a0\u00bb.titre-grand .txt-blanc\u00a0\u00bb]Documentations[\/vc_column_text][\/vc_column_inner][\/vc_row_inner][vc_row_inner][vc_column_inner width=\u00a0\u00bb1\/4&Prime;][vc_single_image image=\u00a0\u00bb420&Prime; img_size=\u00a0\u00bb70&#215;70&Prime; alignment=\u00a0\u00bbcenter\u00a0\u00bb onclick=\u00a0\u00bbcustom_link\u00a0\u00bb img_link_target=\u00a0\u00bb_blank\u00a0\u00bb link=\u00a0\u00bb\/wp-content\/uploads\/sites\/3\/2022\/07\/Fiche-technique-Plancher-coffrage-perdu-5.207.58.pdf\u00a0\u00bb][vc_column_text]<\/p>\n<p style=\"text-align: center;\"><a href=\"\/wp-content\/uploads\/sites\/3\/2022\/07\/Fiche-technique-Plancher-coffrage-perdu-5.207.58.pdf\" target=\"_blank\" rel=\"noopener\">Fiche technique<\/a><\/p>\n<p>[\/vc_column_text][\/vc_column_inner][vc_column_inner width=\u00a0\u00bb1\/4&Prime;][vc_single_image image=\u00a0\u00bb421&Prime; img_size=\u00a0\u00bb70&#215;70&Prime; alignment=\u00a0\u00bbcenter\u00a0\u00bb][vc_column_text]<\/p>\n<p style=\"text-align: center;\">Fichier 2D DWG<\/p>\n<p>[\/vc_column_text][\/vc_column_inner][vc_column_inner width=\u00a0\u00bb1\/4&Prime;][vc_single_image image=\u00a0\u00bb422&Prime; img_size=\u00a0\u00bb70&#215;70&Prime; alignment=\u00a0\u00bbcenter\u00a0\u00bb][vc_column_text]<\/p>\n<p style=\"text-align: center;\">Cahier de pose PDF<\/p>\n<p>[\/vc_column_text][\/vc_column_inner][vc_column_inner width=\u00a0\u00bb1\/4&Prime;][vc_single_image image=\u00a0\u00bb423&Prime; img_size=\u00a0\u00bb70&#215;70&Prime; alignment=\u00a0\u00bbcenter\u00a0\u00bb][vc_column_text]<\/p>\n<p style=\"text-align: center;\">Certificat PDF<\/p>\n<p>[\/vc_column_text][\/vc_column_inner][\/vc_row_inner][vc_row_inner][vc_column_inner width=\u00a0\u00bb1\/4&Prime;][vc_single_image image=\u00a0\u00bb424&Prime; img_size=\u00a0\u00bb70&#215;70&Prime; alignment=\u00a0\u00bbcenter\u00a0\u00bb][vc_column_text]<\/p>\n<p style=\"text-align: center;\">D\u00e9claration performance PDF<\/p>\n<p>[\/vc_column_text][\/vc_column_inner][vc_column_inner width=\u00a0\u00bb1\/4&Prime;][vc_single_image image=\u00a0\u00bb420&Prime; img_size=\u00a0\u00bb70&#215;70&Prime; alignment=\u00a0\u00bbcenter\u00a0\u00bb onclick=\u00a0\u00bbcustom_link\u00a0\u00bb img_link_target=\u00a0\u00bb_blank\u00a0\u00bb link=\u00a0\u00bb\/wp-content\/uploads\/sites\/3\/2022\/07\/Couverture-toiture-4.250.35-fiche-pliage.pdf\u00a0\u00bb][vc_column_text]<\/p>\n<p style=\"text-align: center;\"><a href=\"\/wp-content\/uploads\/sites\/3\/2022\/07\/Couverture-toiture-4.250.35-fiche-pliage.pdf\" target=\"_blank\" rel=\"noopener\">Fiche pliages PDF<\/a><\/p>\n<p>[\/vc_column_text][\/vc_column_inner][vc_column_inner width=\u00a0\u00bb1\/4&Prime;][vc_single_image image=\u00a0\u00bb420&Prime; img_size=\u00a0\u00bb70&#215;70&Prime; alignment=\u00a0\u00bbcenter\u00a0\u00bb onclick=\u00a0\u00bbcustom_link\u00a0\u00bb img_link_target=\u00a0\u00bb_blank\u00a0\u00bb link=\u00a0\u00bb\/wp-content\/uploads\/sites\/3\/2022\/07\/Couverture-toiture-4.250.35-fiche-accessoire.pdf\u00a0\u00bb][vc_column_text]<\/p>\n<p style=\"text-align: center;\"><a href=\"\/wp-content\/uploads\/sites\/3\/2022\/07\/Couverture-toiture-4.250.35-fiche-accessoire.pdf\" target=\"_blank\" rel=\"noopener\">Fiche accessoires PDF<\/a><\/p>\n<p>[\/vc_column_text][\/vc_column_inner][vc_column_inner width=\u00a0\u00bb1\/4&Prime;][vc_btn title=\u00a0\u00bbDEMANDER UN DEVIS\u00a0\u00bb style=\u00a0\u00bbcustom\u00a0\u00bb custom_background=\u00a0\u00bb#ed0000&Prime; custom_text=\u00a0\u00bb#ffffff\u00a0\u00bb shape=\u00a0\u00bbsquare\u00a0\u00bb align=\u00a0\u00bbcenter\u00a0\u00bb link=\u00a0\u00bburl:%2Fcontact%2F|title:Contact|target:_blank\u00a0\u00bb][\/vc_column_inner][\/vc_row_inner][\/vc_column][vc_column width=\u00a0\u00bb1\/2&Prime;][vc_row_inner][vc_column_inner width=\u00a0\u00bb1\/2&Prime;][vc_column_text el_class=\u00a0\u00bbtxt-rouge titre-grand\u00a0\u00bb]<\/p>\n<p style=\"text-align: center;\">Echantillon profil<\/p>\n<p>[\/vc_column_text][vc_single_image image=\u00a0\u00bb434&Prime; img_size=\u00a0\u00bbmedium\u00a0\u00bb alignment=\u00a0\u00bbcenter\u00a0\u00bb css=\u00a0\u00bb.vc_custom_1659599146940{background-color: #bababa !important;}\u00a0\u00bb el_class=\u00a0\u00bbcerclage\u00a0\u00bb][vc_btn title=\u00a0\u00bbCOMMANDER\u00a0\u00bb style=\u00a0\u00bbcustom\u00a0\u00bb custom_background=\u00a0\u00bb#ed0000&Prime; custom_text=\u00a0\u00bb#ffffff\u00a0\u00bb shape=\u00a0\u00bbsquare\u00a0\u00bb align=\u00a0\u00bbcenter\u00a0\u00bb link=\u00a0\u00bburl:%2Fcategorie-produit%2Fechantillons-profils%2F|title:Contact|target:_blank\u00a0\u00bb][\/vc_column_inner][vc_column_inner width=\u00a0\u00bb1\/2&Prime;][vc_column_text el_class=\u00a0\u00bbtxt-rouge titre-grand\u00a0\u00bb]<\/p>\n<p style=\"text-align: center;\">Echantillon couleur<\/p>\n<p>[\/vc_column_text][vc_single_image image=\u00a0\u00bb435&Prime; img_size=\u00a0\u00bbmedium\u00a0\u00bb alignment=\u00a0\u00bbcenter\u00a0\u00bb css=\u00a0\u00bb.vc_custom_1659599153088{background-color: #bababa !important;}\u00a0\u00bb el_class=\u00a0\u00bbcerclage\u00a0\u00bb][vc_btn title=\u00a0\u00bbCOMMANDER\u00a0\u00bb style=\u00a0\u00bbcustom\u00a0\u00bb custom_background=\u00a0\u00bb#ed0000&Prime; custom_text=\u00a0\u00bb#ffffff\u00a0\u00bb shape=\u00a0\u00bbsquare\u00a0\u00bb align=\u00a0\u00bbcenter\u00a0\u00bb link=\u00a0\u00bburl:%2Fcategorie-produit%2Fechantillon-de-couleur%2F|title:Contact|target:_blank\u00a0\u00bb][\/vc_column_inner][\/vc_row_inner][\/vc_column][\/vc_row][vc_row][vc_column][vc_empty_space height=\u00a0\u00bb50&Prime;][vc_column_text el_class=\u00a0\u00bbtitre-gamme\u00a0\u00bb]Dans la m\u00eame gamme[\/vc_column_text][\/vc_column][\/vc_row]<\/p>\n","protected":false},"excerpt":{"rendered":"<p class=\"txt-gris titre-grand\">Norme NF \u2013 P \u2013 84-206 \/ R\u00e9f\u00e9rence DTU 43-3<\/p>\n<p>Le <strong class=\"d2b\">coffrage perdu 5.207.58<\/strong> PROFIL C est un profil d\u2019acier nervur\u00e9 utilis\u00e9 comme support assurant la meilleure adh\u00e9sion entre la t\u00f4le et le b\u00e9ton. Facile \u00e0 poser gr\u00e2ce \u00e0 sa l\u00e9g\u00e8ret\u00e9, il permet de r\u00e9aliser des planchers et s\u2019utilise pour tout type de plafond et sol (entre les \u00e9tages, en balcon ou en terrasse).<\/p>\n","protected":false},"featured_media":676,"template":"","meta":[],"product_cat":[32],"product_tag":[],"yoast_head":"<!-- This site is optimized with the Yoast SEO plugin v21.7 - https:\/\/yoast.com\/wordpress\/plugins\/seo\/ -->\n<title>Plancher coffrage perdu pour all\u00e8gement de plancher<\/title>\n<meta name=\"description\" content=\"PROFIL C propose des planchers coffrage perdu pour l&#039;all\u00e8gement de structure de plancher. Contactez-nous !\" \/>\n<meta name=\"robots\" content=\"index, follow, max-snippet:-1, max-image-preview:large, max-video-preview:-1\" \/>\n<link rel=\"canonical\" href=\"https:\/\/www.profilc.com\/boutique\/produit\/plancher-coffrage-perdu-5-207-58\/\" \/>\n<meta property=\"og:locale\" content=\"fr_FR\" \/>\n<meta property=\"og:type\" content=\"article\" \/>\n<meta property=\"og:title\" content=\"Plancher coffrage perdu pour all\u00e8gement de plancher\" \/>\n<meta property=\"og:description\" content=\"PROFIL C propose des planchers coffrage perdu pour l&#039;all\u00e8gement de structure de plancher. Contactez-nous !\" \/>\n<meta property=\"og:url\" content=\"https:\/\/www.profilc.com\/boutique\/produit\/plancher-coffrage-perdu-5-207-58\/\" \/>\n<meta property=\"og:site_name\" content=\"la boutique Profil C\" \/>\n<meta property=\"article:modified_time\" content=\"2022-09-29T13:59:34+00:00\" \/>\n<meta property=\"og:image\" content=\"https:\/\/www.profilc.com\/boutique\/wp-content\/uploads\/sites\/3\/2022\/07\/coffrage-perdu-pour-plancher-collaborant.jpg\" \/>\n\t<meta property=\"og:image:width\" content=\"600\" \/>\n\t<meta property=\"og:image:height\" content=\"600\" \/>\n\t<meta property=\"og:image:type\" content=\"image\/jpeg\" \/>\n<meta name=\"twitter:card\" content=\"summary_large_image\" \/>\n<meta name=\"twitter:label1\" content=\"Dur\u00e9e de lecture estim\u00e9e\" \/>\n\t<meta name=\"twitter:data1\" content=\"2 minutes\" \/>\n<script type=\"application\/ld+json\" class=\"yoast-schema-graph\">{\"@context\":\"https:\/\/schema.org\",\"@graph\":[{\"@type\":\"WebPage\",\"@id\":\"https:\/\/www.profilc.com\/boutique\/produit\/plancher-coffrage-perdu-5-207-58\/\",\"url\":\"https:\/\/www.profilc.com\/boutique\/produit\/plancher-coffrage-perdu-5-207-58\/\",\"name\":\"Plancher coffrage perdu pour all\u00e8gement de plancher\",\"isPartOf\":{\"@id\":\"https:\/\/www.profilc.com\/boutique\/#website\"},\"datePublished\":\"2022-01-28T15:03:10+00:00\",\"dateModified\":\"2022-09-29T13:59:34+00:00\",\"description\":\"PROFIL C propose des planchers coffrage perdu pour l'all\u00e8gement de structure de plancher. Contactez-nous !\",\"breadcrumb\":{\"@id\":\"https:\/\/www.profilc.com\/boutique\/produit\/plancher-coffrage-perdu-5-207-58\/#breadcrumb\"},\"inLanguage\":\"fr-FR\",\"potentialAction\":[{\"@type\":\"ReadAction\",\"target\":[\"https:\/\/www.profilc.com\/boutique\/produit\/plancher-coffrage-perdu-5-207-58\/\"]}]},{\"@type\":\"BreadcrumbList\",\"@id\":\"https:\/\/www.profilc.com\/boutique\/produit\/plancher-coffrage-perdu-5-207-58\/#breadcrumb\",\"itemListElement\":[{\"@type\":\"ListItem\",\"position\":1,\"name\":\"Accueil\",\"item\":\"https:\/\/www.profilc.com\/boutique\/\"},{\"@type\":\"ListItem\",\"position\":2,\"name\":\"Boutique\",\"item\":\"https:\/\/www.profilc.com\/boutique\/boutique\/\"},{\"@type\":\"ListItem\",\"position\":3,\"name\":\"Plancher coffrage perdu 5.207.58\"}]},{\"@type\":\"WebSite\",\"@id\":\"https:\/\/www.profilc.com\/boutique\/#website\",\"url\":\"https:\/\/www.profilc.com\/boutique\/\",\"name\":\"la boutique Profil C\",\"description\":\"Profilages et pliage acier\",\"publisher\":{\"@id\":\"https:\/\/www.profilc.com\/boutique\/#organization\"},\"potentialAction\":[{\"@type\":\"SearchAction\",\"target\":{\"@type\":\"EntryPoint\",\"urlTemplate\":\"https:\/\/www.profilc.com\/boutique\/?s={search_term_string}\"},\"query-input\":\"required name=search_term_string\"}],\"inLanguage\":\"fr-FR\"},{\"@type\":\"Organization\",\"@id\":\"https:\/\/www.profilc.com\/boutique\/#organization\",\"name\":\"la boutique Profil C\",\"url\":\"https:\/\/www.profilc.com\/boutique\/\",\"logo\":{\"@type\":\"ImageObject\",\"inLanguage\":\"fr-FR\",\"@id\":\"https:\/\/www.profilc.com\/boutique\/#\/schema\/logo\/image\/\",\"url\":\"https:\/\/www.profilc.com\/boutique\/wp-content\/uploads\/sites\/3\/2021\/09\/logo.png\",\"contentUrl\":\"https:\/\/www.profilc.com\/boutique\/wp-content\/uploads\/sites\/3\/2021\/09\/logo.png\",\"width\":329,\"height\":112,\"caption\":\"la boutique Profil C\"},\"image\":{\"@id\":\"https:\/\/www.profilc.com\/boutique\/#\/schema\/logo\/image\/\"}}]}<\/script>\n<!-- \/ Yoast SEO plugin. -->","yoast_head_json":{"title":"Plancher coffrage perdu pour all\u00e8gement de plancher","description":"PROFIL C propose des planchers coffrage perdu pour l'all\u00e8gement de structure de plancher. Contactez-nous !","robots":{"index":"index","follow":"follow","max-snippet":"max-snippet:-1","max-image-preview":"max-image-preview:large","max-video-preview":"max-video-preview:-1"},"canonical":"https:\/\/www.profilc.com\/boutique\/produit\/plancher-coffrage-perdu-5-207-58\/","og_locale":"fr_FR","og_type":"article","og_title":"Plancher coffrage perdu pour all\u00e8gement de plancher","og_description":"PROFIL C propose des planchers coffrage perdu pour l'all\u00e8gement de structure de plancher. Contactez-nous !","og_url":"https:\/\/www.profilc.com\/boutique\/produit\/plancher-coffrage-perdu-5-207-58\/","og_site_name":"la boutique Profil C","article_modified_time":"2022-09-29T13:59:34+00:00","og_image":[{"width":600,"height":600,"url":"https:\/\/www.profilc.com\/boutique\/wp-content\/uploads\/sites\/3\/2022\/07\/coffrage-perdu-pour-plancher-collaborant.jpg","type":"image\/jpeg"}],"twitter_card":"summary_large_image","twitter_misc":{"Dur\u00e9e de lecture estim\u00e9e":"2 minutes"},"schema":{"@context":"https:\/\/schema.org","@graph":[{"@type":"WebPage","@id":"https:\/\/www.profilc.com\/boutique\/produit\/plancher-coffrage-perdu-5-207-58\/","url":"https:\/\/www.profilc.com\/boutique\/produit\/plancher-coffrage-perdu-5-207-58\/","name":"Plancher coffrage perdu pour all\u00e8gement de plancher","isPartOf":{"@id":"https:\/\/www.profilc.com\/boutique\/#website"},"datePublished":"2022-01-28T15:03:10+00:00","dateModified":"2022-09-29T13:59:34+00:00","description":"PROFIL C propose des planchers coffrage perdu pour l'all\u00e8gement de structure de plancher. Contactez-nous !","breadcrumb":{"@id":"https:\/\/www.profilc.com\/boutique\/produit\/plancher-coffrage-perdu-5-207-58\/#breadcrumb"},"inLanguage":"fr-FR","potentialAction":[{"@type":"ReadAction","target":["https:\/\/www.profilc.com\/boutique\/produit\/plancher-coffrage-perdu-5-207-58\/"]}]},{"@type":"BreadcrumbList","@id":"https:\/\/www.profilc.com\/boutique\/produit\/plancher-coffrage-perdu-5-207-58\/#breadcrumb","itemListElement":[{"@type":"ListItem","position":1,"name":"Accueil","item":"https:\/\/www.profilc.com\/boutique\/"},{"@type":"ListItem","position":2,"name":"Boutique","item":"https:\/\/www.profilc.com\/boutique\/boutique\/"},{"@type":"ListItem","position":3,"name":"Plancher coffrage perdu 5.207.58"}]},{"@type":"WebSite","@id":"https:\/\/www.profilc.com\/boutique\/#website","url":"https:\/\/www.profilc.com\/boutique\/","name":"la boutique Profil C","description":"Profilages et pliage acier","publisher":{"@id":"https:\/\/www.profilc.com\/boutique\/#organization"},"potentialAction":[{"@type":"SearchAction","target":{"@type":"EntryPoint","urlTemplate":"https:\/\/www.profilc.com\/boutique\/?s={search_term_string}"},"query-input":"required name=search_term_string"}],"inLanguage":"fr-FR"},{"@type":"Organization","@id":"https:\/\/www.profilc.com\/boutique\/#organization","name":"la boutique Profil C","url":"https:\/\/www.profilc.com\/boutique\/","logo":{"@type":"ImageObject","inLanguage":"fr-FR","@id":"https:\/\/www.profilc.com\/boutique\/#\/schema\/logo\/image\/","url":"https:\/\/www.profilc.com\/boutique\/wp-content\/uploads\/sites\/3\/2021\/09\/logo.png","contentUrl":"https:\/\/www.profilc.com\/boutique\/wp-content\/uploads\/sites\/3\/2021\/09\/logo.png","width":329,"height":112,"caption":"la boutique Profil C"},"image":{"@id":"https:\/\/www.profilc.com\/boutique\/#\/schema\/logo\/image\/"}}]}},"_links":{"self":[{"href":"https:\/\/www.profilc.com\/boutique\/wp-json\/wp\/v2\/product\/299"}],"collection":[{"href":"https:\/\/www.profilc.com\/boutique\/wp-json\/wp\/v2\/product"}],"about":[{"href":"https:\/\/www.profilc.com\/boutique\/wp-json\/wp\/v2\/types\/product"}],"wp:featuredmedia":[{"embeddable":true,"href":"https:\/\/www.profilc.com\/boutique\/wp-json\/wp\/v2\/media\/676"}],"wp:attachment":[{"href":"https:\/\/www.profilc.com\/boutique\/wp-json\/wp\/v2\/media?parent=299"}],"wp:term":[{"taxonomy":"product_cat","embeddable":true,"href":"https:\/\/www.profilc.com\/boutique\/wp-json\/wp\/v2\/product_cat?post=299"},{"taxonomy":"product_tag","embeddable":true,"href":"https:\/\/www.profilc.com\/boutique\/wp-json\/wp\/v2\/product_tag?post=299"}],"curies":[{"name":"wp","href":"https:\/\/api.w.org\/{rel}","templated":true}]}}