{"id":371,"date":"2022-01-31T16:28:47","date_gmt":"2022-01-31T15:28:47","guid":{"rendered":"https:\/\/www.profilc.com\/boutique\/?post_type=product&#038;p=371"},"modified":"2022-09-29T15:14:07","modified_gmt":"2022-09-29T13:14:07","slug":"plateau-de-bardage-91-500","status":"publish","type":"product","link":"https:\/\/www.profilc.com\/boutique\/produit\/plateau-de-bardage-91-500\/","title":{"rendered":"Plateau de couverture 91.500"},"content":{"rendered":"<p>[vc_row full_width=\u00a0\u00bbstretch_row\u00a0\u00bb gap=\u00a0\u00bb20&Prime; equal_height=\u00a0\u00bbyes\u00a0\u00bb][vc_column width=\u00a0\u00bb1\/2&Prime; el_class=\u00a0\u00bbliste-cara\u00a0\u00bb][vc_row_inner equal_height=\u00a0\u00bbyes\u00a0\u00bb gap=\u00a0\u00bb10&Prime;][vc_column_inner el_class=\u00a0\u00bbliste-cara-col\u00a0\u00bb width=\u00a0\u00bb1\/2&Prime; css=\u00a0\u00bb.vc_custom_1664456859766{border-top-width: 1px !important;border-right-width: 1px !important;border-bottom-width: 1px !important;border-left-width: 1px !important;border-left-color: #dbdbdb !important;border-left-style: solid !important;border-right-color: #dbdbdb !important;border-right-style: solid !important;border-top-color: #dbdbdb !important;border-top-style: solid !important;border-bottom-color: #dbdbdb !important;border-bottom-style: solid !important;}\u00a0\u00bb][vc_column_text]<span class=\"titre-moyen\">\u00c9paisseur de l&rsquo;acier<\/span><br \/>\n0,75 mm<br \/>\n0,88 mm<\/p>\n<p><span class=\"titre-moyen\">Finition<\/span><br \/>\nGalvanis\u00e9<br \/>\nPolyester 15 microns<\/p>\n<p><span class=\"titre-moyen\">Longueur<\/span><br \/>\nSur-mesure[\/vc_column_text][\/vc_column_inner][vc_column_inner el_class=\u00a0\u00bbliste-cara-col\u00a0\u00bb width=\u00a0\u00bb1\/2&Prime; css=\u00a0\u00bb.vc_custom_1664456862774{border-top-width: 1px !important;border-right-width: 1px !important;border-bottom-width: 1px !important;border-left-width: 1px !important;border-left-color: #dbdbdb !important;border-left-style: solid !important;border-right-color: #dbdbdb !important;border-right-style: solid !important;border-top-color: #dbdbdb !important;border-top-style: solid !important;border-bottom-color: #dbdbdb !important;border-bottom-style: solid !important;border-radius: 1px !important;}\u00a0\u00bb][vc_column_text]<span class=\"titre-moyen\">Coloris<\/span><br \/>\nRAL 9010<br \/>\nRAL 7032<br \/>\nAutre teinte sur demande.<\/p>\n<p><span class=\"titre-moyen\">Options<\/span><br \/>\nPerforation<br \/>\nAccessoires de bardage<br \/>\nRockbardage[\/vc_column_text][\/vc_column_inner][\/vc_row_inner][\/vc_column][vc_column width=\u00a0\u00bb1\/2&Prime; css=\u00a0\u00bb.vc_custom_1664457244939{border-top-width: 1px !important;border-right-width: 1px !important;border-bottom-width: 1px !important;border-left-width: 1px !important;border-left-color: #dbdbdb !important;border-left-style: solid !important;border-right-color: #dbdbdb !important;border-right-style: solid !important;border-top-color: #dbdbdb !important;border-top-style: solid !important;border-bottom-color: #dbdbdb !important;border-bottom-style: solid !important;border-radius: 1px !important;}\u00a0\u00bb][vc_column_text el_class=\u00a0\u00bbtxt-rouge titre-grand\u00a0\u00bb]<\/p>\n<h3>Caract\u00e9ristiques du plateau de bardage 91-500<\/h3>\n<p>[\/vc_column_text][vc_row_inner][vc_column_inner width=\u00a0\u00bb1\/2&Prime;][vc_column_text]Type[\/vc_column_text][\/vc_column_inner][vc_column_inner width=\u00a0\u00bb1\/2&Prime;][vc_column_text]Plateau[\/vc_column_text][\/vc_column_inner][\/vc_row_inner][vc_row_inner][vc_column_inner width=\u00a0\u00bb1\/2&Prime;][vc_column_text]Hauteur utile[\/vc_column_text][\/vc_column_inner][vc_column_inner width=\u00a0\u00bb1\/2&Prime;][vc_column_text]91 mm[\/vc_column_text][\/vc_column_inner][\/vc_row_inner][vc_row_inner][vc_column_inner width=\u00a0\u00bb1\/2&Prime;][vc_column_text]Largeur utile[\/vc_column_text][\/vc_column_inner][vc_column_inner width=\u00a0\u00bb1\/2&Prime;][vc_column_text]400 mm[\/vc_column_text][\/vc_column_inner][\/vc_row_inner][vc_row_inner][vc_column_inner width=\u00a0\u00bb1\/2&Prime;][vc_column_text]Rapport d&rsquo;essai[\/vc_column_text][\/vc_column_inner][vc_column_inner width=\u00a0\u00bb1\/2&Prime;][vc_column_text]<em>Num\u00e9ro \u00e0 venir pour chaque produit<\/em>[\/vc_column_text][\/vc_column_inner][\/vc_row_inner][vc_row_inner][vc_column_inner width=\u00a0\u00bb1\/2&Prime;][vc_column_text]Application[\/vc_column_text][\/vc_column_inner][vc_column_inner width=\u00a0\u00bb1\/2&Prime;][vc_column_text]Mur et bardage[\/vc_column_text][\/vc_column_inner][\/vc_row_inner][\/vc_column][\/vc_row][vc_row content_placement=\u00a0\u00bbmiddle\u00a0\u00bb][vc_column width=\u00a0\u00bb1\/2&Prime; css=\u00a0\u00bb.vc_custom_1664457079175{background-color: #bababa !important;}\u00a0\u00bb el_class=\u00a0\u00bbtxt-blanc docu\u00a0\u00bb][vc_row_inner][vc_column_inner width=\u00a0\u00bb1\/4&Prime;][\/vc_column_inner][vc_column_inner width=\u00a0\u00bb3\/4&Prime;][vc_column_text el_class=\u00a0\u00bb.titre-grand .txt-blanc\u00a0\u00bb]Documentations[\/vc_column_text][\/vc_column_inner][\/vc_row_inner][vc_row_inner][vc_column_inner width=\u00a0\u00bb1\/4&Prime;][vc_single_image image=\u00a0\u00bb420&Prime; img_size=\u00a0\u00bb70&#215;70&Prime; alignment=\u00a0\u00bbcenter\u00a0\u00bb onclick=\u00a0\u00bbcustom_link\u00a0\u00bb img_link_target=\u00a0\u00bb_blank\u00a0\u00bb link=\u00a0\u00bb\/wp-content\/uploads\/sites\/3\/2022\/07\/Fiche-produit-Plateau-de-bardage-91.500.pdf\u00a0\u00bb][vc_column_text]<\/p>\n<p style=\"text-align: center;\"><a href=\"\/wp-content\/uploads\/sites\/3\/2022\/07\/Fiche-produit-Plateau-de-bardage-91.500.pdf\" target=\"_blank\" rel=\"noopener\">Fiche technique<\/a><\/p>\n<p>[\/vc_column_text][\/vc_column_inner][vc_column_inner width=\u00a0\u00bb1\/4&Prime;][vc_single_image image=\u00a0\u00bb421&Prime; img_size=\u00a0\u00bb70&#215;70&Prime; alignment=\u00a0\u00bbcenter\u00a0\u00bb onclick=\u00a0\u00bbcustom_link\u00a0\u00bb link=\u00a0\u00bb\/wp-content\/uploads\/sites\/3\/2022\/07\/Plateau-91-500.pdf\u00a0\u00bb][vc_column_text]<\/p>\n<p style=\"text-align: center;\"><a href=\"\/wp-content\/uploads\/sites\/3\/2022\/07\/Plateau-91-500.pdf\" target=\"_blank\" rel=\"noopener\">Fichier 2D DWG<\/a><\/p>\n<p>[\/vc_column_text][\/vc_column_inner][vc_column_inner width=\u00a0\u00bb1\/4&Prime;][vc_single_image image=\u00a0\u00bb422&Prime; img_size=\u00a0\u00bb70&#215;70&Prime; alignment=\u00a0\u00bbcenter\u00a0\u00bb][vc_column_text]<\/p>\n<p style=\"text-align: center;\">Cahier de pose PDF<\/p>\n<p>[\/vc_column_text][\/vc_column_inner][vc_column_inner width=\u00a0\u00bb1\/4&Prime;][vc_single_image image=\u00a0\u00bb423&Prime; img_size=\u00a0\u00bb70&#215;70&Prime; alignment=\u00a0\u00bbcenter\u00a0\u00bb][vc_column_text]<\/p>\n<p style=\"text-align: center;\">Certificat PDF<\/p>\n<p>[\/vc_column_text][\/vc_column_inner][\/vc_row_inner][vc_row_inner][vc_column_inner width=\u00a0\u00bb1\/4&Prime;][vc_single_image image=\u00a0\u00bb424&Prime; img_size=\u00a0\u00bb70&#215;70&Prime; alignment=\u00a0\u00bbcenter\u00a0\u00bb][vc_column_text]<\/p>\n<p style=\"text-align: center;\">D\u00e9claration performance PDF<\/p>\n<p>[\/vc_column_text][\/vc_column_inner][vc_column_inner width=\u00a0\u00bb1\/4&Prime;][vc_single_image image=\u00a0\u00bb420&Prime; img_size=\u00a0\u00bb70&#215;70&Prime; alignment=\u00a0\u00bbcenter\u00a0\u00bb onclick=\u00a0\u00bbcustom_link\u00a0\u00bb img_link_target=\u00a0\u00bb_blank\u00a0\u00bb link=\u00a0\u00bb\/wp-content\/uploads\/sites\/3\/2022\/07\/Fiche-pliages-bardages.pdf\u00a0\u00bb][vc_column_text]<\/p>\n<p style=\"text-align: center;\"><a href=\"\/wp-content\/uploads\/sites\/3\/2022\/07\/Fiche-pliages-bardages.pdf\" target=\"_blank\" rel=\"noopener\">Fiche pliages PDF<\/a><\/p>\n<p>[\/vc_column_text][\/vc_column_inner][vc_column_inner width=\u00a0\u00bb1\/4&Prime;][vc_single_image image=\u00a0\u00bb420&Prime; img_size=\u00a0\u00bb70&#215;70&Prime; alignment=\u00a0\u00bbcenter\u00a0\u00bb onclick=\u00a0\u00bbcustom_link\u00a0\u00bb img_link_target=\u00a0\u00bb_blank\u00a0\u00bb link=\u00a0\u00bb\/wp-content\/uploads\/sites\/3\/2022\/07\/Fiche-accessoires-plateaux-bardage.pdf\u00a0\u00bb][vc_column_text]<\/p>\n<p style=\"text-align: center;\"><a href=\"\/wp-content\/uploads\/sites\/3\/2022\/07\/Fiche-accessoires-plateaux-bardage.pdf\" target=\"_blank\" rel=\"noopener\">Fiche accessoires PDF<\/a><\/p>\n<p>[\/vc_column_text][\/vc_column_inner][vc_column_inner width=\u00a0\u00bb1\/4&Prime;][vc_btn title=\u00a0\u00bbDEMANDER UN DEVIS\u00a0\u00bb style=\u00a0\u00bbcustom\u00a0\u00bb custom_background=\u00a0\u00bb#ed0000&Prime; custom_text=\u00a0\u00bb#ffffff\u00a0\u00bb shape=\u00a0\u00bbsquare\u00a0\u00bb align=\u00a0\u00bbcenter\u00a0\u00bb link=\u00a0\u00bburl:%2Fcontact%2F|target:_blank\u00a0\u00bb][\/vc_column_inner][\/vc_row_inner][\/vc_column][vc_column width=\u00a0\u00bb1\/2&Prime;][vc_row_inner][vc_column_inner width=\u00a0\u00bb1\/2&Prime;][vc_column_text el_class=\u00a0\u00bbtxt-rouge titre-grand\u00a0\u00bb]<\/p>\n<p style=\"text-align: center;\">Echantillon profil<\/p>\n<p>[\/vc_column_text][vc_single_image image=\u00a0\u00bb434&Prime; img_size=\u00a0\u00bbmedium\u00a0\u00bb alignment=\u00a0\u00bbcenter\u00a0\u00bb css=\u00a0\u00bb.vc_custom_1659538617543{background-color: #bababa !important;}\u00a0\u00bb el_class=\u00a0\u00bbcerclage\u00a0\u00bb][vc_btn title=\u00a0\u00bbCOMMANDER\u00a0\u00bb style=\u00a0\u00bbcustom\u00a0\u00bb custom_background=\u00a0\u00bb#ed0000&Prime; custom_text=\u00a0\u00bb#ffffff\u00a0\u00bb shape=\u00a0\u00bbsquare\u00a0\u00bb align=\u00a0\u00bbcenter\u00a0\u00bb link=\u00a0\u00bburl:%2Fcategorie-produit%2Fechantillons-profils%2F|target:_blank\u00a0\u00bb][\/vc_column_inner][vc_column_inner width=\u00a0\u00bb1\/2&Prime;][vc_column_text el_class=\u00a0\u00bbtxt-rouge titre-grand\u00a0\u00bb]<\/p>\n<p style=\"text-align: center;\">Echantillon couleur<\/p>\n<p>[\/vc_column_text][vc_single_image image=\u00a0\u00bb435&Prime; img_size=\u00a0\u00bbmedium\u00a0\u00bb alignment=\u00a0\u00bbcenter\u00a0\u00bb css=\u00a0\u00bb.vc_custom_1659538621287{background-color: #bababa !important;}\u00a0\u00bb el_class=\u00a0\u00bbcerclage\u00a0\u00bb][vc_btn title=\u00a0\u00bbCOMMANDER\u00a0\u00bb style=\u00a0\u00bbcustom\u00a0\u00bb custom_background=\u00a0\u00bb#ed0000&Prime; custom_text=\u00a0\u00bb#ffffff\u00a0\u00bb shape=\u00a0\u00bbsquare\u00a0\u00bb align=\u00a0\u00bbcenter\u00a0\u00bb link=\u00a0\u00bburl:%2Fcategorie-produit%2Fechantillon-de-couleur%2F|title:Contact|target:_blank\u00a0\u00bb][\/vc_column_inner][\/vc_row_inner][\/vc_column][\/vc_row][vc_row][vc_column][vc_empty_space height=\u00a0\u00bb50&Prime;][vc_column_text el_class=\u00a0\u00bbtitre-gamme\u00a0\u00bb]Dans la m\u00eame gamme[\/vc_column_text][\/vc_column][\/vc_row]<\/p>\n","protected":false},"excerpt":{"rendered":"<p class=\"txt-gris titre-grand\">Norme NF-P \u2013 34-205-1<\/p>\n<p>Le\u00a0<strong class=\"d2b\">plateau de bardage 91-500<\/strong>\u00a0PROFIL C est un caisson en acier qui se fixe directement sur la structure du b\u00e2timent. Il offre un aspect lisse sans fixation apparente \u00e0 l\u2019int\u00e9rieur du b\u00e2timent et permet la pose d\u2019un isolant.<\/p>\n","protected":false},"featured_media":635,"template":"","meta":[],"product_cat":[37,33],"product_tag":[],"yoast_head":"<!-- This site is optimized with the Yoast SEO plugin v21.7 - https:\/\/yoast.com\/wordpress\/plugins\/seo\/ -->\n<title>Plateau de bardage, solution pour fa\u00e7ade de b\u00e2timent<\/title>\n<meta name=\"description\" content=\"PROFIL C est fabricant de plateaux de bardage utilis\u00e9 pour les fa\u00e7ade de b\u00e2timent et qui permettent l&#039;isolement thermique et acoustique. Contactez-nous !\" \/>\n<meta name=\"robots\" content=\"index, follow, max-snippet:-1, max-image-preview:large, max-video-preview:-1\" \/>\n<link rel=\"canonical\" href=\"https:\/\/www.profilc.com\/boutique\/produit\/plateau-de-bardage-91-500\/\" \/>\n<meta property=\"og:locale\" content=\"fr_FR\" \/>\n<meta property=\"og:type\" content=\"article\" \/>\n<meta property=\"og:title\" content=\"Plateau de bardage, solution pour fa\u00e7ade de b\u00e2timent\" \/>\n<meta property=\"og:description\" content=\"PROFIL C est fabricant de plateaux de bardage utilis\u00e9 pour les fa\u00e7ade de b\u00e2timent et qui permettent l&#039;isolement thermique et acoustique. Contactez-nous !\" \/>\n<meta property=\"og:url\" content=\"https:\/\/www.profilc.com\/boutique\/produit\/plateau-de-bardage-91-500\/\" \/>\n<meta property=\"og:site_name\" content=\"la boutique Profil C\" \/>\n<meta property=\"article:modified_time\" content=\"2022-09-29T13:14:07+00:00\" \/>\n<meta property=\"og:image\" content=\"https:\/\/www.profilc.com\/boutique\/wp-content\/uploads\/sites\/3\/2022\/07\/fabrication-plateau-bardage-91-500.jpg\" \/>\n\t<meta property=\"og:image:width\" content=\"600\" \/>\n\t<meta property=\"og:image:height\" content=\"600\" \/>\n\t<meta property=\"og:image:type\" content=\"image\/jpeg\" \/>\n<meta name=\"twitter:card\" content=\"summary_large_image\" \/>\n<meta name=\"twitter:label1\" content=\"Dur\u00e9e de lecture estim\u00e9e\" \/>\n\t<meta name=\"twitter:data1\" content=\"2 minutes\" \/>\n<script type=\"application\/ld+json\" class=\"yoast-schema-graph\">{\"@context\":\"https:\/\/schema.org\",\"@graph\":[{\"@type\":\"WebPage\",\"@id\":\"https:\/\/www.profilc.com\/boutique\/produit\/plateau-de-bardage-91-500\/\",\"url\":\"https:\/\/www.profilc.com\/boutique\/produit\/plateau-de-bardage-91-500\/\",\"name\":\"Plateau de bardage, solution pour fa\u00e7ade de b\u00e2timent\",\"isPartOf\":{\"@id\":\"https:\/\/www.profilc.com\/boutique\/#website\"},\"datePublished\":\"2022-01-31T15:28:47+00:00\",\"dateModified\":\"2022-09-29T13:14:07+00:00\",\"description\":\"PROFIL C est fabricant de plateaux de bardage utilis\u00e9 pour les fa\u00e7ade de b\u00e2timent et qui permettent l'isolement thermique et acoustique. Contactez-nous !\",\"breadcrumb\":{\"@id\":\"https:\/\/www.profilc.com\/boutique\/produit\/plateau-de-bardage-91-500\/#breadcrumb\"},\"inLanguage\":\"fr-FR\",\"potentialAction\":[{\"@type\":\"ReadAction\",\"target\":[\"https:\/\/www.profilc.com\/boutique\/produit\/plateau-de-bardage-91-500\/\"]}]},{\"@type\":\"BreadcrumbList\",\"@id\":\"https:\/\/www.profilc.com\/boutique\/produit\/plateau-de-bardage-91-500\/#breadcrumb\",\"itemListElement\":[{\"@type\":\"ListItem\",\"position\":1,\"name\":\"Accueil\",\"item\":\"https:\/\/www.profilc.com\/boutique\/\"},{\"@type\":\"ListItem\",\"position\":2,\"name\":\"Boutique\",\"item\":\"https:\/\/www.profilc.com\/boutique\/boutique\/\"},{\"@type\":\"ListItem\",\"position\":3,\"name\":\"Plateau de couverture 91.500\"}]},{\"@type\":\"WebSite\",\"@id\":\"https:\/\/www.profilc.com\/boutique\/#website\",\"url\":\"https:\/\/www.profilc.com\/boutique\/\",\"name\":\"la boutique Profil C\",\"description\":\"Profilages et pliage acier\",\"publisher\":{\"@id\":\"https:\/\/www.profilc.com\/boutique\/#organization\"},\"potentialAction\":[{\"@type\":\"SearchAction\",\"target\":{\"@type\":\"EntryPoint\",\"urlTemplate\":\"https:\/\/www.profilc.com\/boutique\/?s={search_term_string}\"},\"query-input\":\"required name=search_term_string\"}],\"inLanguage\":\"fr-FR\"},{\"@type\":\"Organization\",\"@id\":\"https:\/\/www.profilc.com\/boutique\/#organization\",\"name\":\"la boutique Profil C\",\"url\":\"https:\/\/www.profilc.com\/boutique\/\",\"logo\":{\"@type\":\"ImageObject\",\"inLanguage\":\"fr-FR\",\"@id\":\"https:\/\/www.profilc.com\/boutique\/#\/schema\/logo\/image\/\",\"url\":\"https:\/\/www.profilc.com\/boutique\/wp-content\/uploads\/sites\/3\/2021\/09\/logo.png\",\"contentUrl\":\"https:\/\/www.profilc.com\/boutique\/wp-content\/uploads\/sites\/3\/2021\/09\/logo.png\",\"width\":329,\"height\":112,\"caption\":\"la boutique Profil C\"},\"image\":{\"@id\":\"https:\/\/www.profilc.com\/boutique\/#\/schema\/logo\/image\/\"}}]}<\/script>\n<!-- \/ Yoast SEO plugin. -->","yoast_head_json":{"title":"Plateau de bardage, solution pour fa\u00e7ade de b\u00e2timent","description":"PROFIL C est fabricant de plateaux de bardage utilis\u00e9 pour les fa\u00e7ade de b\u00e2timent et qui permettent l'isolement thermique et acoustique. Contactez-nous !","robots":{"index":"index","follow":"follow","max-snippet":"max-snippet:-1","max-image-preview":"max-image-preview:large","max-video-preview":"max-video-preview:-1"},"canonical":"https:\/\/www.profilc.com\/boutique\/produit\/plateau-de-bardage-91-500\/","og_locale":"fr_FR","og_type":"article","og_title":"Plateau de bardage, solution pour fa\u00e7ade de b\u00e2timent","og_description":"PROFIL C est fabricant de plateaux de bardage utilis\u00e9 pour les fa\u00e7ade de b\u00e2timent et qui permettent l'isolement thermique et acoustique. Contactez-nous !","og_url":"https:\/\/www.profilc.com\/boutique\/produit\/plateau-de-bardage-91-500\/","og_site_name":"la boutique Profil C","article_modified_time":"2022-09-29T13:14:07+00:00","og_image":[{"width":600,"height":600,"url":"https:\/\/www.profilc.com\/boutique\/wp-content\/uploads\/sites\/3\/2022\/07\/fabrication-plateau-bardage-91-500.jpg","type":"image\/jpeg"}],"twitter_card":"summary_large_image","twitter_misc":{"Dur\u00e9e de lecture estim\u00e9e":"2 minutes"},"schema":{"@context":"https:\/\/schema.org","@graph":[{"@type":"WebPage","@id":"https:\/\/www.profilc.com\/boutique\/produit\/plateau-de-bardage-91-500\/","url":"https:\/\/www.profilc.com\/boutique\/produit\/plateau-de-bardage-91-500\/","name":"Plateau de bardage, solution pour fa\u00e7ade de b\u00e2timent","isPartOf":{"@id":"https:\/\/www.profilc.com\/boutique\/#website"},"datePublished":"2022-01-31T15:28:47+00:00","dateModified":"2022-09-29T13:14:07+00:00","description":"PROFIL C est fabricant de plateaux de bardage utilis\u00e9 pour les fa\u00e7ade de b\u00e2timent et qui permettent l'isolement thermique et acoustique. Contactez-nous !","breadcrumb":{"@id":"https:\/\/www.profilc.com\/boutique\/produit\/plateau-de-bardage-91-500\/#breadcrumb"},"inLanguage":"fr-FR","potentialAction":[{"@type":"ReadAction","target":["https:\/\/www.profilc.com\/boutique\/produit\/plateau-de-bardage-91-500\/"]}]},{"@type":"BreadcrumbList","@id":"https:\/\/www.profilc.com\/boutique\/produit\/plateau-de-bardage-91-500\/#breadcrumb","itemListElement":[{"@type":"ListItem","position":1,"name":"Accueil","item":"https:\/\/www.profilc.com\/boutique\/"},{"@type":"ListItem","position":2,"name":"Boutique","item":"https:\/\/www.profilc.com\/boutique\/boutique\/"},{"@type":"ListItem","position":3,"name":"Plateau de couverture 91.500"}]},{"@type":"WebSite","@id":"https:\/\/www.profilc.com\/boutique\/#website","url":"https:\/\/www.profilc.com\/boutique\/","name":"la boutique Profil C","description":"Profilages et pliage acier","publisher":{"@id":"https:\/\/www.profilc.com\/boutique\/#organization"},"potentialAction":[{"@type":"SearchAction","target":{"@type":"EntryPoint","urlTemplate":"https:\/\/www.profilc.com\/boutique\/?s={search_term_string}"},"query-input":"required name=search_term_string"}],"inLanguage":"fr-FR"},{"@type":"Organization","@id":"https:\/\/www.profilc.com\/boutique\/#organization","name":"la boutique Profil C","url":"https:\/\/www.profilc.com\/boutique\/","logo":{"@type":"ImageObject","inLanguage":"fr-FR","@id":"https:\/\/www.profilc.com\/boutique\/#\/schema\/logo\/image\/","url":"https:\/\/www.profilc.com\/boutique\/wp-content\/uploads\/sites\/3\/2021\/09\/logo.png","contentUrl":"https:\/\/www.profilc.com\/boutique\/wp-content\/uploads\/sites\/3\/2021\/09\/logo.png","width":329,"height":112,"caption":"la boutique Profil C"},"image":{"@id":"https:\/\/www.profilc.com\/boutique\/#\/schema\/logo\/image\/"}}]}},"_links":{"self":[{"href":"https:\/\/www.profilc.com\/boutique\/wp-json\/wp\/v2\/product\/371"}],"collection":[{"href":"https:\/\/www.profilc.com\/boutique\/wp-json\/wp\/v2\/product"}],"about":[{"href":"https:\/\/www.profilc.com\/boutique\/wp-json\/wp\/v2\/types\/product"}],"wp:featuredmedia":[{"embeddable":true,"href":"https:\/\/www.profilc.com\/boutique\/wp-json\/wp\/v2\/media\/635"}],"wp:attachment":[{"href":"https:\/\/www.profilc.com\/boutique\/wp-json\/wp\/v2\/media?parent=371"}],"wp:term":[{"taxonomy":"product_cat","embeddable":true,"href":"https:\/\/www.profilc.com\/boutique\/wp-json\/wp\/v2\/product_cat?post=371"},{"taxonomy":"product_tag","embeddable":true,"href":"https:\/\/www.profilc.com\/boutique\/wp-json\/wp\/v2\/product_tag?post=371"}],"curies":[{"name":"wp","href":"https:\/\/api.w.org\/{rel}","templated":true}]}}