{"id":377,"date":"2022-01-31T16:44:16","date_gmt":"2022-01-31T15:44:16","guid":{"rendered":"https:\/\/www.profilc.com\/boutique\/?post_type=product&#038;p=377"},"modified":"2022-07-11T14:09:48","modified_gmt":"2022-07-11T12:09:48","slug":"accessoires-de-bardage","status":"publish","type":"product","link":"https:\/\/www.profilc.com\/boutique\/produit\/accessoires-de-bardage\/","title":{"rendered":"Accessoires de bardage"},"content":{"rendered":"<p>[vc_row full_width=\u00a0\u00bbstretch_row\u00a0\u00bb css=\u00a0\u00bb.vc_custom_1632842997227{background-position: center !important;background-repeat: no-repeat !important;background-size: cover !important;}\u00a0\u00bb][vc_column][vc_column_text el_class=\u00a0\u00bbtitre-tres-grand-prod\u00a0\u00bb]<\/p>\n<h1 style=\"text-align: center;\">Accessoires de bardage &#8211; pi\u00e8ces de finition<\/h1>\n<p>[\/vc_column_text][\/vc_column][\/vc_row][vc_row full_width=\u00a0\u00bbstretch_row_content\u00a0\u00bb content_placement=\u00a0\u00bbmiddle\u00a0\u00bb css=\u00a0\u00bb.vc_custom_1632906008546{margin-bottom: 30px !important;padding-top: 0px !important;}\u00a0\u00bb][vc_column width=\u00a0\u00bb2\/3&Prime; el_class=\u00a0\u00bbimg-prod\u00a0\u00bb][vc_row_inner][vc_column_inner width=\u00a0\u00bb1\/4&Prime;][\/vc_column_inner][vc_column_inner width=\u00a0\u00bb3\/4&Prime;][vc_images_carousel images=\u00a0\u00bb378&Prime; img_size=\u00a0\u00bbfull\u00a0\u00bb autoplay=\u00a0\u00bbyes\u00a0\u00bb][\/vc_column_inner][\/vc_row_inner][\/vc_column][vc_column width=\u00a0\u00bb1\/3&Prime; css=\u00a0\u00bb.vc_custom_1632906019800{background-color: #ededed !important;}\u00a0\u00bb][vc_btn title=\u00a0\u00bbT\u00e9l\u00e9chargez la fiche int\u00e9grale en PDF\u00a0\u00bb align=\u00a0\u00bbleft\u00a0\u00bb i_icon_fontawesome=\u00a0\u00bbfas fa-file-pdf\u00a0\u00bb add_icon=\u00a0\u00bbtrue\u00a0\u00bb link=\u00a0\u00bburl:%2Fwp-content%2Fuploads%2F2022%2F01%2Faccessoires_de_bardage.pdf|target:_blank\u00a0\u00bb][vc_btn title=\u00a0\u00bbDemande de devis\u00a0\u00bb style=\u00a0\u00bbcustom\u00a0\u00bb custom_background=\u00a0\u00bb#ed0000&Prime; custom_text=\u00a0\u00bb#ffffff\u00a0\u00bb shape=\u00a0\u00bbsquare\u00a0\u00bb align=\u00a0\u00bbleft\u00a0\u00bb link=\u00a0\u00bburl:https%3A%2F%2Fwww.profilc.com\/boutique%2Fcontact%2F|title:Contact|target:_blank\u00a0\u00bb][\/vc_column][\/vc_row][vc_row][vc_column][vc_column_text el_class=\u00a0\u00bbtitre-moyen\u00a0\u00bb]Pi\u00e8ces de finition pour bardage[\/vc_column_text][vc_column_text el_class=\u00a0\u00bbbaseline\u00a0\u00bb]<\/p>\n<div class=\"norme\">4.250.35 \/ 5.210.31 \/ 6.180.25<\/div>\n<p>[\/vc_column_text][vc_column_text]Descriptif technique et autres renseignements sur demande. Dimensions en mm.[\/vc_column_text][\/vc_column][\/vc_row][vc_row][vc_column][vc_column_text el_class=\u00a0\u00bbtitre-moyen\u00a0\u00bb]<\/p>\n<h5>Coiffe d\u2019acrot\u00e8re<\/h5>\n<p>[\/vc_column_text][vc_single_image image=\u00a0\u00bb174&Prime; img_size=\u00a0\u00bbfull\u00a0\u00bb][\/vc_column][\/vc_row][vc_row el_class=\u00a0\u00bbdisplay-none-desktop margin-zero\u00a0\u00bb][vc_column][vc_column_text]<em>&lt;Faire d\u00e9filer&gt;<\/em>[\/vc_column_text][\/vc_column][\/vc_row][vc_row gap=\u00a0\u00bb20&Prime; el_class=\u00a0\u00bbtableau-scroll bardage\u00a0\u00bb][vc_column width=\u00a0\u00bb2\/3&Prime; el_class=\u00a0\u00bbtableau-2-3 tableau-unique\u00a0\u00bb][vc_row_inner el_class=\u00a0\u00bbflex-row-mobile\u00a0\u00bb][vc_column_inner width=\u00a0\u00bb1\/4&Prime;][vc_column_text el_class=\u00a0\u00bbtitre-moyen-tableau\u00a0\u00bb css=\u00a0\u00bb.vc_custom_1643991569105{background-color: #886558 !important;}\u00a0\u00bb]<\/p>\n<p style=\"text-align: center;\">D\u00c9VELOPP\u00c9<\/p>\n<p>[\/vc_column_text][\/vc_column_inner][vc_column_inner width=\u00a0\u00bb1\/4&Prime;][vc_column_text el_class=\u00a0\u00bbtitre-moyen-tableau\u00a0\u00bb css=\u00a0\u00bb.vc_custom_1643991575690{background-color: #886558 !important;}\u00a0\u00bb]<\/p>\n<p style=\"text-align: center;\">R\u00c9F\u00c9RENCE<\/p>\n<p>[\/vc_column_text][\/vc_column_inner][vc_column_inner width=\u00a0\u00bb1\/4&Prime;][vc_column_text el_class=\u00a0\u00bbtitre-moyen-tableau\u00a0\u00bb css=\u00a0\u00bb.vc_custom_1643877573912{background-color: #886558 !important;}\u00a0\u00bb]<\/p>\n<p style=\"text-align: center;\">REV\u00caTEMENT<\/p>\n<p>[\/vc_column_text][\/vc_column_inner][vc_column_inner width=\u00a0\u00bb1\/4&Prime;][vc_column_text el_class=\u00a0\u00bbtitre-moyen-tableau\u00a0\u00bb css=\u00a0\u00bb.vc_custom_1643877578748{background-color: #886558 !important;}\u00a0\u00bb]<\/p>\n<p style=\"text-align: center;\">X<\/p>\n<p>[\/vc_column_text][\/vc_column_inner][\/vc_row_inner][vc_row_inner el_class=\u00a0\u00bbflex-row-mobile ligne-sombre grande-ligne\u00a0\u00bb][vc_column_inner el_class=\u00a0\u00bbgrande-celulles\u00a0\u00bb width=\u00a0\u00bb1\/4&Prime;][vc_column_text el_class=\u00a0\u00bbinfo-tableau info-tableau-gris info-tableau-double-h\u00a0\u00bb css=\u00a0\u00bb.vc_custom_1643991585694{background-color: #9c7e73 !important;}\u00a0\u00bb]<\/p>\n<p style=\"text-align: center;\">472<\/p>\n<p>[\/vc_column_text][\/vc_column_inner][vc_column_inner el_class=\u00a0\u00bbflex-row-mobile\u00a0\u00bb width=\u00a0\u00bb1\/4&Prime;][vc_column_text el_class=\u00a0\u00bbinfo-tableau info-tableau-gris\u00a0\u00bb]<\/p>\n<p style=\"text-align: center;\">1217.1.75.0472<\/p>\n<p>[\/vc_column_text][vc_column_text el_class=\u00a0\u00bbinfo-tableau info-tableau-gris\u00a0\u00bb]<\/p>\n<p style=\"text-align: center;\">1217.2.75.0472<\/p>\n<p>[\/vc_column_text][\/vc_column_inner][vc_column_inner el_class=\u00a0\u00bbflex-row-mobile\u00a0\u00bb width=\u00a0\u00bb1\/4&Prime;][vc_column_text el_class=\u00a0\u00bbinfo-tableau info-tableau-gris\u00a0\u00bb]<\/p>\n<p style=\"text-align: center;\">Galvanis\u00e9<\/p>\n<p>[\/vc_column_text][vc_column_text el_class=\u00a0\u00bbinfo-tableau info-tableau-gris\u00a0\u00bb]<\/p>\n<p style=\"text-align: center;\">Pr\u00e9laqu\u00e9<\/p>\n<p>[\/vc_column_text][\/vc_column_inner][vc_column_inner el_class=\u00a0\u00bbgrande-celulles\u00a0\u00bb width=\u00a0\u00bb1\/4&Prime;][vc_column_text el_class=\u00a0\u00bbinfo-tableau\u00a0\u00bb]<\/p>\n<p style=\"text-align: center;\">max. 302<\/p>\n<p>[\/vc_column_text][\/vc_column_inner][\/vc_row_inner][vc_row_inner el_class=\u00a0\u00bbflex-row-mobile grande-ligne\u00a0\u00bb][vc_column_inner el_class=\u00a0\u00bbgrande-celulles\u00a0\u00bb width=\u00a0\u00bb1\/4&Prime;][vc_column_text el_class=\u00a0\u00bbinfo-tableau info-tableau-double-h\u00a0\u00bb]<\/p>\n<p style=\"text-align: center;\">490<\/p>\n<p>[\/vc_column_text][\/vc_column_inner][vc_column_inner el_class=\u00a0\u00bbflex-row-mobile\u00a0\u00bb width=\u00a0\u00bb1\/4&Prime;][vc_column_text el_class=\u00a0\u00bbinfo-tableau\u00a0\u00bb]<\/p>\n<p style=\"text-align: center;\">1218.1.75.0590<\/p>\n<p>[\/vc_column_text][vc_column_text el_class=\u00a0\u00bbinfo-tableau\u00a0\u00bb]<\/p>\n<p style=\"text-align: center;\">1218.2.75.0590<\/p>\n<p>[\/vc_column_text][\/vc_column_inner][vc_column_inner el_class=\u00a0\u00bbflex-row-mobile\u00a0\u00bb width=\u00a0\u00bb1\/4&Prime;][vc_column_text el_class=\u00a0\u00bbinfo-tableau\u00a0\u00bb]<\/p>\n<p style=\"text-align: center;\">Galvanis\u00e9<\/p>\n<p>[\/vc_column_text][vc_column_text el_class=\u00a0\u00bbinfo-tableau\u00a0\u00bb]<\/p>\n<p style=\"text-align: center;\">Pr\u00e9laqu\u00e9<\/p>\n<p>[\/vc_column_text][\/vc_column_inner][vc_column_inner el_class=\u00a0\u00bbgrande-celulles\u00a0\u00bb width=\u00a0\u00bb1\/4&Prime;][vc_column_text el_class=\u00a0\u00bbinfo-tableau\u00a0\u00bb]<\/p>\n<p style=\"text-align: center;\">max. 420<\/p>\n<p>[\/vc_column_text][\/vc_column_inner][\/vc_row_inner][\/vc_column][vc_column width=\u00a0\u00bb1\/3&Prime; el_class=\u00a0\u00bbtableau-1-3 tableau-unique tableau-grande-cellules\u00a0\u00bb][vc_row_inner el_class=\u00a0\u00bbflex-row-mobile\u00a0\u00bb][vc_column_inner width=\u00a0\u00bb1\/2&Prime;][vc_column_text el_class=\u00a0\u00bbtitre-moyen-tableau\u00a0\u00bb css=\u00a0\u00bb.vc_custom_1643877583217{background-color: #886558 !important;}\u00a0\u00bb]<\/p>\n<p style=\"text-align: center;\">LONG. STANDARD<\/p>\n<p>[\/vc_column_text][\/vc_column_inner][vc_column_inner width=\u00a0\u00bb1\/2&Prime;][vc_column_text el_class=\u00a0\u00bbtitre-moyen-tableau\u00a0\u00bb css=\u00a0\u00bb.vc_custom_1643877587437{background-color: #886558 !important;}\u00a0\u00bb]<\/p>\n<p style=\"text-align: center;\">LONG. UTILE<\/p>\n<p>[\/vc_column_text][\/vc_column_inner][\/vc_row_inner][vc_row_inner el_class=\u00a0\u00bbflex-row-mobile grande-ligne\u00a0\u00bb][vc_column_inner el_class=\u00a0\u00bbgrande-celulles\u00a0\u00bb width=\u00a0\u00bb1\/2&Prime;][vc_column_text el_class=\u00a0\u00bbinfo-tableau info-tableau-double-h\u00a0\u00bb]<\/p>\n<p style=\"text-align: center;\">4000<\/p>\n<p>[\/vc_column_text][\/vc_column_inner][vc_column_inner el_class=\u00a0\u00bbgrande-celulles\u00a0\u00bb width=\u00a0\u00bb1\/2&Prime;][vc_column_text el_class=\u00a0\u00bbinfo-tableau info-tableau-double-h\u00a0\u00bb]<\/p>\n<p style=\"text-align: center;\">4000<\/p>\n<p>[\/vc_column_text][\/vc_column_inner][\/vc_row_inner][\/vc_column][\/vc_row][vc_row][vc_column][vc_empty_space][vc_column_text el_class=\u00a0\u00bbtitre-moyen\u00a0\u00bb]<\/p>\n<h5>Coiffe d\u2019acrot\u00e8re<\/h5>\n<p>[\/vc_column_text][vc_single_image image=\u00a0\u00bb173&Prime; img_size=\u00a0\u00bbfull\u00a0\u00bb][\/vc_column][\/vc_row][vc_row el_class=\u00a0\u00bbdisplay-none-desktop margin-zero\u00a0\u00bb][vc_column][vc_column_text]<em>&lt;Faire d\u00e9filer&gt;<\/em>[\/vc_column_text][\/vc_column][\/vc_row][vc_row gap=\u00a0\u00bb20&Prime; el_class=\u00a0\u00bbtableau-scroll bardage\u00a0\u00bb][vc_column width=\u00a0\u00bb2\/3&Prime; el_class=\u00a0\u00bbtableau-2-3 tableau-unique\u00a0\u00bb][vc_row_inner el_class=\u00a0\u00bbflex-row-mobile\u00a0\u00bb][vc_column_inner width=\u00a0\u00bb1\/4&Prime;][vc_column_text el_class=\u00a0\u00bbtitre-moyen-tableau\u00a0\u00bb css=\u00a0\u00bb.vc_custom_1643991676421{background-color: #886558 !important;}\u00a0\u00bb]<\/p>\n<p style=\"text-align: center;\">D\u00c9VELOPP\u00c9<\/p>\n<p>[\/vc_column_text][\/vc_column_inner][vc_column_inner width=\u00a0\u00bb1\/4&Prime;][vc_column_text el_class=\u00a0\u00bbtitre-moyen-tableau\u00a0\u00bb css=\u00a0\u00bb.vc_custom_1643991683240{background-color: #886558 !important;}\u00a0\u00bb]<\/p>\n<p style=\"text-align: center;\">R\u00c9F\u00c9RENCE<\/p>\n<p>[\/vc_column_text][\/vc_column_inner][vc_column_inner width=\u00a0\u00bb1\/4&Prime;][vc_column_text el_class=\u00a0\u00bbtitre-moyen-tableau\u00a0\u00bb css=\u00a0\u00bb.vc_custom_1643877573912{background-color: #886558 !important;}\u00a0\u00bb]<\/p>\n<p style=\"text-align: center;\">REV\u00caTEMENT<\/p>\n<p>[\/vc_column_text][\/vc_column_inner][vc_column_inner width=\u00a0\u00bb1\/4&Prime;][vc_column_text el_class=\u00a0\u00bbtitre-moyen-tableau\u00a0\u00bb css=\u00a0\u00bb.vc_custom_1643877578748{background-color: #886558 !important;}\u00a0\u00bb]<\/p>\n<p style=\"text-align: center;\">X<\/p>\n<p>[\/vc_column_text][\/vc_column_inner][\/vc_row_inner][vc_row_inner el_class=\u00a0\u00bbflex-row-mobile ligne-sombre grande-ligne\u00a0\u00bb][vc_column_inner el_class=\u00a0\u00bbgrande-celulles\u00a0\u00bb width=\u00a0\u00bb1\/4&Prime;][vc_column_text el_class=\u00a0\u00bbinfo-tableau info-tableau-gris info-tableau-double-h\u00a0\u00bb css=\u00a0\u00bb.vc_custom_1643991758779{background-color: #9c7e73 !important;}\u00a0\u00bb]<\/p>\n<p style=\"text-align: center;\">472<\/p>\n<p>[\/vc_column_text][\/vc_column_inner][vc_column_inner el_class=\u00a0\u00bbflex-row-mobile\u00a0\u00bb width=\u00a0\u00bb1\/4&Prime;][vc_column_text el_class=\u00a0\u00bbinfo-tableau info-tableau-gris\u00a0\u00bb]<\/p>\n<p style=\"text-align: center;\">1219.1.75.0472<\/p>\n<p>[\/vc_column_text][vc_column_text el_class=\u00a0\u00bbinfo-tableau info-tableau-gris\u00a0\u00bb]<\/p>\n<p style=\"text-align: center;\">1219.2.75.0472<\/p>\n<p>[\/vc_column_text][\/vc_column_inner][vc_column_inner el_class=\u00a0\u00bbflex-row-mobile\u00a0\u00bb width=\u00a0\u00bb1\/4&Prime;][vc_column_text el_class=\u00a0\u00bbinfo-tableau info-tableau-gris\u00a0\u00bb]<\/p>\n<p style=\"text-align: center;\">Galvanis\u00e9<\/p>\n<p>[\/vc_column_text][vc_column_text el_class=\u00a0\u00bbinfo-tableau info-tableau-gris\u00a0\u00bb]<\/p>\n<p style=\"text-align: center;\">Pr\u00e9laqu\u00e9<\/p>\n<p>[\/vc_column_text][\/vc_column_inner][vc_column_inner el_class=\u00a0\u00bbgrande-celulles\u00a0\u00bb width=\u00a0\u00bb1\/4&Prime;][vc_column_text el_class=\u00a0\u00bbinfo-tableau\u00a0\u00bb]<\/p>\n<p style=\"text-align: center;\">max. 290<\/p>\n<p>[\/vc_column_text][\/vc_column_inner][\/vc_row_inner][vc_row_inner el_class=\u00a0\u00bbflex-row-mobile grande-ligne\u00a0\u00bb][vc_column_inner el_class=\u00a0\u00bbgrande-celulles\u00a0\u00bb width=\u00a0\u00bb1\/4&Prime;][vc_column_text el_class=\u00a0\u00bbinfo-tableau info-tableau-double-h\u00a0\u00bb]<\/p>\n<p style=\"text-align: center;\">590<\/p>\n<p>[\/vc_column_text][\/vc_column_inner][vc_column_inner el_class=\u00a0\u00bbflex-row-mobile\u00a0\u00bb width=\u00a0\u00bb1\/4&Prime;][vc_column_text el_class=\u00a0\u00bbinfo-tableau\u00a0\u00bb]<\/p>\n<p style=\"text-align: center;\">1220.1.75.0590<\/p>\n<p>[\/vc_column_text][vc_column_text el_class=\u00a0\u00bbinfo-tableau\u00a0\u00bb]<\/p>\n<p style=\"text-align: center;\">1220.2.75.0590<\/p>\n<p>[\/vc_column_text][\/vc_column_inner][vc_column_inner el_class=\u00a0\u00bbflex-row-mobile\u00a0\u00bb width=\u00a0\u00bb1\/4&Prime;][vc_column_text el_class=\u00a0\u00bbinfo-tableau\u00a0\u00bb]<\/p>\n<p style=\"text-align: center;\">Galvanis\u00e9<\/p>\n<p>[\/vc_column_text][vc_column_text el_class=\u00a0\u00bbinfo-tableau\u00a0\u00bb]<\/p>\n<p style=\"text-align: center;\">Pr\u00e9laqu\u00e9<\/p>\n<p>[\/vc_column_text][\/vc_column_inner][vc_column_inner el_class=\u00a0\u00bbgrande-celulles\u00a0\u00bb width=\u00a0\u00bb1\/4&Prime;][vc_column_text el_class=\u00a0\u00bbinfo-tableau\u00a0\u00bb]<\/p>\n<p style=\"text-align: center;\">max. 408<\/p>\n<p>[\/vc_column_text][\/vc_column_inner][\/vc_row_inner][\/vc_column][vc_column width=\u00a0\u00bb1\/3&Prime; el_class=\u00a0\u00bbtableau-1-3 tableau-unique tableau-grande-cellules\u00a0\u00bb][vc_row_inner el_class=\u00a0\u00bbflex-row-mobile\u00a0\u00bb][vc_column_inner width=\u00a0\u00bb1\/2&Prime;][vc_column_text el_class=\u00a0\u00bbtitre-moyen-tableau\u00a0\u00bb css=\u00a0\u00bb.vc_custom_1643877583217{background-color: #886558 !important;}\u00a0\u00bb]<\/p>\n<p style=\"text-align: center;\">LONG. STANDARD<\/p>\n<p>[\/vc_column_text][\/vc_column_inner][vc_column_inner width=\u00a0\u00bb1\/2&Prime;][vc_column_text el_class=\u00a0\u00bbtitre-moyen-tableau\u00a0\u00bb css=\u00a0\u00bb.vc_custom_1643877587437{background-color: #886558 !important;}\u00a0\u00bb]<\/p>\n<p style=\"text-align: center;\">LONG. UTILE<\/p>\n<p>[\/vc_column_text][\/vc_column_inner][\/vc_row_inner][vc_row_inner el_class=\u00a0\u00bbflex-row-mobile grande-ligne\u00a0\u00bb][vc_column_inner el_class=\u00a0\u00bbgrande-celulles\u00a0\u00bb width=\u00a0\u00bb1\/2&Prime;][vc_column_text el_class=\u00a0\u00bbinfo-tableau info-tableau-double-h\u00a0\u00bb]<\/p>\n<p style=\"text-align: center;\">4000<\/p>\n<p>[\/vc_column_text][\/vc_column_inner][vc_column_inner el_class=\u00a0\u00bbgrande-celulles\u00a0\u00bb width=\u00a0\u00bb1\/2&Prime;][vc_column_text el_class=\u00a0\u00bbinfo-tableau info-tableau-double-h\u00a0\u00bb]<\/p>\n<p style=\"text-align: center;\">4000<\/p>\n<p>[\/vc_column_text][\/vc_column_inner][\/vc_row_inner][\/vc_column][\/vc_row][vc_row el_class=\u00a0\u00bbdisplay-none-desktop\u00a0\u00bb][vc_column][vc_column_text]<em>&lt;Faire d\u00e9filer&gt;<\/em>[\/vc_column_text][\/vc_column][\/vc_row][vc_row][vc_column width=\u00a0\u00bb1\/2&Prime;][vc_column_text]&#8230; pour les autres pi\u00e8ces de finition, voir le fichier pdf ci-dessus.[\/vc_column_text][\/vc_column][vc_column width=\u00a0\u00bb1\/2&Prime;][\/vc_column][\/vc_row][vc_row][vc_column][vc_column_text el_class=\u00a0\u00bbtitre-moyen\u00a0\u00bb]Applications[\/vc_column_text][\/vc_column][\/vc_row][vc_row][vc_column][vc_column_text el_class=\u00a0\u00bbbaseline\u00a0\u00bb]Profil C offre une large gamme d\u2019<strong>accessoires pour bardage<\/strong>\u00a0: <strong>angle<\/strong>, <strong>coiffe d\u2019acrot\u00e8re<\/strong>, <strong>bavette<\/strong>\u2026 Cette gamme s\u2019adapte \u00e0 tous les bardages Profil C. Les longueurs, les cotes et les angles sont standardis\u00e9s. Ces \u00e9l\u00e9ments permettent une construction rapide et simple suivant le principe d\u2019un jeu de construction. Travail \u00e0 fa\u00e7on <strong>fabrication d\u2019accessoires pour bardage sur mesure<\/strong> en fonction d\u2019un projet sp\u00e9cifique.[\/vc_column_text][\/vc_column][\/vc_row]<\/p>\n","protected":false},"excerpt":{"rendered":"<p>[vc_row full_width=\u00a0\u00bbstretch_row\u00a0\u00bb css=\u00a0\u00bb.vc_custom_1632842997227{background-position: center !important;background-repeat: no-repeat !important;background-size: cover !important;}\u00a0\u00bb][vc_column][vc_column_text el_class=\u00a0\u00bbtitre-tres-grand-prod\u00a0\u00bb] Accessoires de bardage &#8211; pi\u00e8ces de finition [\/vc_column_text][\/vc_column][\/vc_row][vc_row full_width=\u00a0\u00bbstretch_row_content\u00a0\u00bb content_placement=\u00a0\u00bbmiddle\u00a0\u00bb css=\u00a0\u00bb.vc_custom_1632906008546{margin-bottom: 30px !important;padding-top: 0px !important;}\u00a0\u00bb][vc_column width=\u00a0\u00bb2\/3&Prime;<span class=\"excerpt-hellip\"> [\u2026]<\/span><\/p>\n","protected":false},"featured_media":378,"template":"","meta":[],"product_cat":[17,36],"product_tag":[],"yoast_head":"<!-- This site is optimized with the Yoast SEO plugin v21.7 - https:\/\/yoast.com\/wordpress\/plugins\/seo\/ -->\n<title>Accessoire pour bardage sur mesure, fabricant, fournisseur<\/title>\n<meta name=\"description\" content=\"PROFIL C propose des accessoires sur mesure pour les bardages. Consultez-nous pour vos projets. Contactez-nous !\" \/>\n<meta name=\"robots\" content=\"index, follow, max-snippet:-1, max-image-preview:large, max-video-preview:-1\" \/>\n<link rel=\"canonical\" href=\"https:\/\/www.profilc.com\/boutique\/produit\/accessoires-de-bardage\/\" \/>\n<meta property=\"og:locale\" content=\"fr_FR\" \/>\n<meta property=\"og:type\" content=\"article\" \/>\n<meta property=\"og:title\" content=\"Accessoire pour bardage sur mesure, fabricant, fournisseur\" \/>\n<meta property=\"og:description\" content=\"PROFIL C propose des accessoires sur mesure pour les bardages. Consultez-nous pour vos projets. Contactez-nous !\" \/>\n<meta property=\"og:url\" content=\"https:\/\/www.profilc.com\/boutique\/produit\/accessoires-de-bardage\/\" \/>\n<meta property=\"og:site_name\" content=\"la boutique Profil C\" \/>\n<meta property=\"article:modified_time\" content=\"2022-07-11T12:09:48+00:00\" \/>\n<meta property=\"og:image\" content=\"https:\/\/www.profilc.com\/boutique\/wp-content\/uploads\/sites\/3\/2022\/01\/accessoire-pour-bardage.png\" \/>\n\t<meta property=\"og:image:width\" content=\"560\" \/>\n\t<meta property=\"og:image:height\" content=\"437\" \/>\n\t<meta property=\"og:image:type\" content=\"image\/png\" \/>\n<meta name=\"twitter:card\" content=\"summary_large_image\" \/>\n<meta name=\"twitter:label1\" content=\"Dur\u00e9e de lecture estim\u00e9e\" \/>\n\t<meta name=\"twitter:data1\" content=\"3 minutes\" \/>\n<script type=\"application\/ld+json\" class=\"yoast-schema-graph\">{\"@context\":\"https:\/\/schema.org\",\"@graph\":[{\"@type\":\"WebPage\",\"@id\":\"https:\/\/www.profilc.com\/boutique\/produit\/accessoires-de-bardage\/\",\"url\":\"https:\/\/www.profilc.com\/boutique\/produit\/accessoires-de-bardage\/\",\"name\":\"Accessoire pour bardage sur mesure, fabricant, fournisseur\",\"isPartOf\":{\"@id\":\"https:\/\/www.profilc.com\/boutique\/#website\"},\"datePublished\":\"2022-01-31T15:44:16+00:00\",\"dateModified\":\"2022-07-11T12:09:48+00:00\",\"description\":\"PROFIL C propose des accessoires sur mesure pour les bardages. Consultez-nous pour vos projets. Contactez-nous !\",\"breadcrumb\":{\"@id\":\"https:\/\/www.profilc.com\/boutique\/produit\/accessoires-de-bardage\/#breadcrumb\"},\"inLanguage\":\"fr-FR\",\"potentialAction\":[{\"@type\":\"ReadAction\",\"target\":[\"https:\/\/www.profilc.com\/boutique\/produit\/accessoires-de-bardage\/\"]}]},{\"@type\":\"BreadcrumbList\",\"@id\":\"https:\/\/www.profilc.com\/boutique\/produit\/accessoires-de-bardage\/#breadcrumb\",\"itemListElement\":[{\"@type\":\"ListItem\",\"position\":1,\"name\":\"Accueil\",\"item\":\"https:\/\/www.profilc.com\/boutique\/\"},{\"@type\":\"ListItem\",\"position\":2,\"name\":\"Boutique\",\"item\":\"https:\/\/www.profilc.com\/boutique\/boutique\/\"},{\"@type\":\"ListItem\",\"position\":3,\"name\":\"Accessoires de bardage\"}]},{\"@type\":\"WebSite\",\"@id\":\"https:\/\/www.profilc.com\/boutique\/#website\",\"url\":\"https:\/\/www.profilc.com\/boutique\/\",\"name\":\"la boutique Profil C\",\"description\":\"Profilages et pliage acier\",\"publisher\":{\"@id\":\"https:\/\/www.profilc.com\/boutique\/#organization\"},\"potentialAction\":[{\"@type\":\"SearchAction\",\"target\":{\"@type\":\"EntryPoint\",\"urlTemplate\":\"https:\/\/www.profilc.com\/boutique\/?s={search_term_string}\"},\"query-input\":\"required name=search_term_string\"}],\"inLanguage\":\"fr-FR\"},{\"@type\":\"Organization\",\"@id\":\"https:\/\/www.profilc.com\/boutique\/#organization\",\"name\":\"la boutique Profil C\",\"url\":\"https:\/\/www.profilc.com\/boutique\/\",\"logo\":{\"@type\":\"ImageObject\",\"inLanguage\":\"fr-FR\",\"@id\":\"https:\/\/www.profilc.com\/boutique\/#\/schema\/logo\/image\/\",\"url\":\"https:\/\/www.profilc.com\/boutique\/wp-content\/uploads\/sites\/3\/2021\/09\/logo.png\",\"contentUrl\":\"https:\/\/www.profilc.com\/boutique\/wp-content\/uploads\/sites\/3\/2021\/09\/logo.png\",\"width\":329,\"height\":112,\"caption\":\"la boutique Profil C\"},\"image\":{\"@id\":\"https:\/\/www.profilc.com\/boutique\/#\/schema\/logo\/image\/\"}}]}<\/script>\n<!-- \/ Yoast SEO plugin. -->","yoast_head_json":{"title":"Accessoire pour bardage sur mesure, fabricant, fournisseur","description":"PROFIL C propose des accessoires sur mesure pour les bardages. Consultez-nous pour vos projets. Contactez-nous !","robots":{"index":"index","follow":"follow","max-snippet":"max-snippet:-1","max-image-preview":"max-image-preview:large","max-video-preview":"max-video-preview:-1"},"canonical":"https:\/\/www.profilc.com\/boutique\/produit\/accessoires-de-bardage\/","og_locale":"fr_FR","og_type":"article","og_title":"Accessoire pour bardage sur mesure, fabricant, fournisseur","og_description":"PROFIL C propose des accessoires sur mesure pour les bardages. Consultez-nous pour vos projets. Contactez-nous !","og_url":"https:\/\/www.profilc.com\/boutique\/produit\/accessoires-de-bardage\/","og_site_name":"la boutique Profil C","article_modified_time":"2022-07-11T12:09:48+00:00","og_image":[{"width":560,"height":437,"url":"https:\/\/www.profilc.com\/boutique\/wp-content\/uploads\/sites\/3\/2022\/01\/accessoire-pour-bardage.png","type":"image\/png"}],"twitter_card":"summary_large_image","twitter_misc":{"Dur\u00e9e de lecture estim\u00e9e":"3 minutes"},"schema":{"@context":"https:\/\/schema.org","@graph":[{"@type":"WebPage","@id":"https:\/\/www.profilc.com\/boutique\/produit\/accessoires-de-bardage\/","url":"https:\/\/www.profilc.com\/boutique\/produit\/accessoires-de-bardage\/","name":"Accessoire pour bardage sur mesure, fabricant, fournisseur","isPartOf":{"@id":"https:\/\/www.profilc.com\/boutique\/#website"},"datePublished":"2022-01-31T15:44:16+00:00","dateModified":"2022-07-11T12:09:48+00:00","description":"PROFIL C propose des accessoires sur mesure pour les bardages. Consultez-nous pour vos projets. Contactez-nous !","breadcrumb":{"@id":"https:\/\/www.profilc.com\/boutique\/produit\/accessoires-de-bardage\/#breadcrumb"},"inLanguage":"fr-FR","potentialAction":[{"@type":"ReadAction","target":["https:\/\/www.profilc.com\/boutique\/produit\/accessoires-de-bardage\/"]}]},{"@type":"BreadcrumbList","@id":"https:\/\/www.profilc.com\/boutique\/produit\/accessoires-de-bardage\/#breadcrumb","itemListElement":[{"@type":"ListItem","position":1,"name":"Accueil","item":"https:\/\/www.profilc.com\/boutique\/"},{"@type":"ListItem","position":2,"name":"Boutique","item":"https:\/\/www.profilc.com\/boutique\/boutique\/"},{"@type":"ListItem","position":3,"name":"Accessoires de bardage"}]},{"@type":"WebSite","@id":"https:\/\/www.profilc.com\/boutique\/#website","url":"https:\/\/www.profilc.com\/boutique\/","name":"la boutique Profil C","description":"Profilages et pliage acier","publisher":{"@id":"https:\/\/www.profilc.com\/boutique\/#organization"},"potentialAction":[{"@type":"SearchAction","target":{"@type":"EntryPoint","urlTemplate":"https:\/\/www.profilc.com\/boutique\/?s={search_term_string}"},"query-input":"required name=search_term_string"}],"inLanguage":"fr-FR"},{"@type":"Organization","@id":"https:\/\/www.profilc.com\/boutique\/#organization","name":"la boutique Profil C","url":"https:\/\/www.profilc.com\/boutique\/","logo":{"@type":"ImageObject","inLanguage":"fr-FR","@id":"https:\/\/www.profilc.com\/boutique\/#\/schema\/logo\/image\/","url":"https:\/\/www.profilc.com\/boutique\/wp-content\/uploads\/sites\/3\/2021\/09\/logo.png","contentUrl":"https:\/\/www.profilc.com\/boutique\/wp-content\/uploads\/sites\/3\/2021\/09\/logo.png","width":329,"height":112,"caption":"la boutique Profil C"},"image":{"@id":"https:\/\/www.profilc.com\/boutique\/#\/schema\/logo\/image\/"}}]}},"_links":{"self":[{"href":"https:\/\/www.profilc.com\/boutique\/wp-json\/wp\/v2\/product\/377"}],"collection":[{"href":"https:\/\/www.profilc.com\/boutique\/wp-json\/wp\/v2\/product"}],"about":[{"href":"https:\/\/www.profilc.com\/boutique\/wp-json\/wp\/v2\/types\/product"}],"wp:featuredmedia":[{"embeddable":true,"href":"https:\/\/www.profilc.com\/boutique\/wp-json\/wp\/v2\/media\/378"}],"wp:attachment":[{"href":"https:\/\/www.profilc.com\/boutique\/wp-json\/wp\/v2\/media?parent=377"}],"wp:term":[{"taxonomy":"product_cat","embeddable":true,"href":"https:\/\/www.profilc.com\/boutique\/wp-json\/wp\/v2\/product_cat?post=377"},{"taxonomy":"product_tag","embeddable":true,"href":"https:\/\/www.profilc.com\/boutique\/wp-json\/wp\/v2\/product_tag?post=377"}],"curies":[{"name":"wp","href":"https:\/\/api.w.org\/{rel}","templated":true}]}}