{"id":799,"date":"2022-08-01T11:46:38","date_gmt":"2022-08-01T09:46:38","guid":{"rendered":"https:\/\/www.profilc.com\/boutique\/?post_type=product&#038;p=799"},"modified":"2022-12-06T14:23:40","modified_gmt":"2022-12-06T13:23:40","slug":"faitiere-simple-aeree-modele-28","status":"publish","type":"product","link":"https:\/\/www.profilc.com\/boutique\/produit\/faitiere-simple-aeree-modele-28\/","title":{"rendered":"Faiti\u00e8re simple  &#8211; Couverture"},"content":{"rendered":"<p>[vc_row][vc_column][vc_empty_space height=\u00a0\u00bb50&Prime;][vc_column_text el_class=\u00a0\u00bbtitre-gamme\u00a0\u00bb]Dans la m\u00eame gamme[\/vc_column_text][\/vc_column][\/vc_row]<\/p>\n","protected":false},"excerpt":{"rendered":"<p>La fa\u00eeti\u00e8re simple a\u00e9r\u00e9e est un accessoire de couverture compatible avec l&rsquo;ensemble de la gamme de couvertures en acier Profil C.<\/p>\n<p class=\"fort\">Longueur :<\/p>\n<p>2,10 m<\/p>\n<p class=\"fort\">Epaisseur :<\/p>\n<p>0,75 mm<\/p>\n","protected":false},"featured_media":1685,"template":"","meta":[],"product_cat":[106,44,34],"product_tag":[],"yoast_head":"<!-- This site is optimized with the Yoast SEO plugin v21.7 - https:\/\/yoast.com\/wordpress\/plugins\/seo\/ -->\n<title>Fabricant faiti\u00e8re simple et a\u00e9r\u00e9e<\/title>\n<meta name=\"description\" content=\"PROFIL C fabrique des faiti\u00e8res simples et a\u00e9r\u00e9es pour les toitures et couvertures. Demandez un devis !\" \/>\n<meta name=\"robots\" content=\"index, follow, max-snippet:-1, max-image-preview:large, max-video-preview:-1\" \/>\n<link rel=\"canonical\" href=\"https:\/\/www.profilc.com\/boutique\/produit\/faitiere-simple-aeree-modele-28\/\" \/>\n<meta property=\"og:locale\" content=\"fr_FR\" \/>\n<meta property=\"og:type\" content=\"article\" \/>\n<meta property=\"og:title\" content=\"Fabricant faiti\u00e8re simple et a\u00e9r\u00e9e\" \/>\n<meta property=\"og:description\" content=\"PROFIL C fabrique des faiti\u00e8res simples et a\u00e9r\u00e9es pour les toitures et couvertures. Demandez un devis !\" \/>\n<meta property=\"og:url\" content=\"https:\/\/www.profilc.com\/boutique\/produit\/faitiere-simple-aeree-modele-28\/\" \/>\n<meta property=\"og:site_name\" content=\"la boutique Profil C\" \/>\n<meta property=\"article:modified_time\" content=\"2022-12-06T13:23:40+00:00\" \/>\n<meta property=\"og:image\" content=\"https:\/\/www.profilc.com\/boutique\/wp-content\/uploads\/sites\/3\/2022\/08\/faitiere-simple-metallique.jpg\" \/>\n\t<meta property=\"og:image:width\" content=\"600\" \/>\n\t<meta property=\"og:image:height\" content=\"600\" \/>\n\t<meta property=\"og:image:type\" content=\"image\/jpeg\" \/>\n<meta name=\"twitter:card\" content=\"summary_large_image\" \/>\n<meta name=\"twitter:label1\" content=\"Dur\u00e9e de lecture estim\u00e9e\" \/>\n\t<meta name=\"twitter:data1\" content=\"2 minutes\" \/>\n<script type=\"application\/ld+json\" class=\"yoast-schema-graph\">{\"@context\":\"https:\/\/schema.org\",\"@graph\":[{\"@type\":\"WebPage\",\"@id\":\"https:\/\/www.profilc.com\/boutique\/produit\/faitiere-simple-aeree-modele-28\/\",\"url\":\"https:\/\/www.profilc.com\/boutique\/produit\/faitiere-simple-aeree-modele-28\/\",\"name\":\"Fabricant faiti\u00e8re simple et a\u00e9r\u00e9e\",\"isPartOf\":{\"@id\":\"https:\/\/www.profilc.com\/boutique\/#website\"},\"datePublished\":\"2022-08-01T09:46:38+00:00\",\"dateModified\":\"2022-12-06T13:23:40+00:00\",\"description\":\"PROFIL C fabrique des faiti\u00e8res simples et a\u00e9r\u00e9es pour les toitures et couvertures. Demandez un devis !\",\"breadcrumb\":{\"@id\":\"https:\/\/www.profilc.com\/boutique\/produit\/faitiere-simple-aeree-modele-28\/#breadcrumb\"},\"inLanguage\":\"fr-FR\",\"potentialAction\":[{\"@type\":\"ReadAction\",\"target\":[\"https:\/\/www.profilc.com\/boutique\/produit\/faitiere-simple-aeree-modele-28\/\"]}]},{\"@type\":\"BreadcrumbList\",\"@id\":\"https:\/\/www.profilc.com\/boutique\/produit\/faitiere-simple-aeree-modele-28\/#breadcrumb\",\"itemListElement\":[{\"@type\":\"ListItem\",\"position\":1,\"name\":\"Accueil\",\"item\":\"https:\/\/www.profilc.com\/boutique\/\"},{\"@type\":\"ListItem\",\"position\":2,\"name\":\"Boutique\",\"item\":\"https:\/\/www.profilc.com\/boutique\/boutique\/\"},{\"@type\":\"ListItem\",\"position\":3,\"name\":\"Faiti\u00e8re simple &#8211; Couverture\"}]},{\"@type\":\"WebSite\",\"@id\":\"https:\/\/www.profilc.com\/boutique\/#website\",\"url\":\"https:\/\/www.profilc.com\/boutique\/\",\"name\":\"la boutique Profil C\",\"description\":\"Profilages et pliage acier\",\"publisher\":{\"@id\":\"https:\/\/www.profilc.com\/boutique\/#organization\"},\"potentialAction\":[{\"@type\":\"SearchAction\",\"target\":{\"@type\":\"EntryPoint\",\"urlTemplate\":\"https:\/\/www.profilc.com\/boutique\/?s={search_term_string}\"},\"query-input\":\"required name=search_term_string\"}],\"inLanguage\":\"fr-FR\"},{\"@type\":\"Organization\",\"@id\":\"https:\/\/www.profilc.com\/boutique\/#organization\",\"name\":\"la boutique Profil C\",\"url\":\"https:\/\/www.profilc.com\/boutique\/\",\"logo\":{\"@type\":\"ImageObject\",\"inLanguage\":\"fr-FR\",\"@id\":\"https:\/\/www.profilc.com\/boutique\/#\/schema\/logo\/image\/\",\"url\":\"https:\/\/www.profilc.com\/boutique\/wp-content\/uploads\/sites\/3\/2021\/09\/logo.png\",\"contentUrl\":\"https:\/\/www.profilc.com\/boutique\/wp-content\/uploads\/sites\/3\/2021\/09\/logo.png\",\"width\":329,\"height\":112,\"caption\":\"la boutique Profil C\"},\"image\":{\"@id\":\"https:\/\/www.profilc.com\/boutique\/#\/schema\/logo\/image\/\"}}]}<\/script>\n<!-- \/ Yoast SEO plugin. -->","yoast_head_json":{"title":"Fabricant faiti\u00e8re simple et a\u00e9r\u00e9e","description":"PROFIL C fabrique des faiti\u00e8res simples et a\u00e9r\u00e9es pour les toitures et couvertures. Demandez un devis !","robots":{"index":"index","follow":"follow","max-snippet":"max-snippet:-1","max-image-preview":"max-image-preview:large","max-video-preview":"max-video-preview:-1"},"canonical":"https:\/\/www.profilc.com\/boutique\/produit\/faitiere-simple-aeree-modele-28\/","og_locale":"fr_FR","og_type":"article","og_title":"Fabricant faiti\u00e8re simple et a\u00e9r\u00e9e","og_description":"PROFIL C fabrique des faiti\u00e8res simples et a\u00e9r\u00e9es pour les toitures et couvertures. Demandez un devis !","og_url":"https:\/\/www.profilc.com\/boutique\/produit\/faitiere-simple-aeree-modele-28\/","og_site_name":"la boutique Profil C","article_modified_time":"2022-12-06T13:23:40+00:00","og_image":[{"width":600,"height":600,"url":"https:\/\/www.profilc.com\/boutique\/wp-content\/uploads\/sites\/3\/2022\/08\/faitiere-simple-metallique.jpg","type":"image\/jpeg"}],"twitter_card":"summary_large_image","twitter_misc":{"Dur\u00e9e de lecture estim\u00e9e":"2 minutes"},"schema":{"@context":"https:\/\/schema.org","@graph":[{"@type":"WebPage","@id":"https:\/\/www.profilc.com\/boutique\/produit\/faitiere-simple-aeree-modele-28\/","url":"https:\/\/www.profilc.com\/boutique\/produit\/faitiere-simple-aeree-modele-28\/","name":"Fabricant faiti\u00e8re simple et a\u00e9r\u00e9e","isPartOf":{"@id":"https:\/\/www.profilc.com\/boutique\/#website"},"datePublished":"2022-08-01T09:46:38+00:00","dateModified":"2022-12-06T13:23:40+00:00","description":"PROFIL C fabrique des faiti\u00e8res simples et a\u00e9r\u00e9es pour les toitures et couvertures. Demandez un devis !","breadcrumb":{"@id":"https:\/\/www.profilc.com\/boutique\/produit\/faitiere-simple-aeree-modele-28\/#breadcrumb"},"inLanguage":"fr-FR","potentialAction":[{"@type":"ReadAction","target":["https:\/\/www.profilc.com\/boutique\/produit\/faitiere-simple-aeree-modele-28\/"]}]},{"@type":"BreadcrumbList","@id":"https:\/\/www.profilc.com\/boutique\/produit\/faitiere-simple-aeree-modele-28\/#breadcrumb","itemListElement":[{"@type":"ListItem","position":1,"name":"Accueil","item":"https:\/\/www.profilc.com\/boutique\/"},{"@type":"ListItem","position":2,"name":"Boutique","item":"https:\/\/www.profilc.com\/boutique\/boutique\/"},{"@type":"ListItem","position":3,"name":"Faiti\u00e8re simple &#8211; Couverture"}]},{"@type":"WebSite","@id":"https:\/\/www.profilc.com\/boutique\/#website","url":"https:\/\/www.profilc.com\/boutique\/","name":"la boutique Profil C","description":"Profilages et pliage acier","publisher":{"@id":"https:\/\/www.profilc.com\/boutique\/#organization"},"potentialAction":[{"@type":"SearchAction","target":{"@type":"EntryPoint","urlTemplate":"https:\/\/www.profilc.com\/boutique\/?s={search_term_string}"},"query-input":"required name=search_term_string"}],"inLanguage":"fr-FR"},{"@type":"Organization","@id":"https:\/\/www.profilc.com\/boutique\/#organization","name":"la boutique Profil C","url":"https:\/\/www.profilc.com\/boutique\/","logo":{"@type":"ImageObject","inLanguage":"fr-FR","@id":"https:\/\/www.profilc.com\/boutique\/#\/schema\/logo\/image\/","url":"https:\/\/www.profilc.com\/boutique\/wp-content\/uploads\/sites\/3\/2021\/09\/logo.png","contentUrl":"https:\/\/www.profilc.com\/boutique\/wp-content\/uploads\/sites\/3\/2021\/09\/logo.png","width":329,"height":112,"caption":"la boutique Profil C"},"image":{"@id":"https:\/\/www.profilc.com\/boutique\/#\/schema\/logo\/image\/"}}]}},"_links":{"self":[{"href":"https:\/\/www.profilc.com\/boutique\/wp-json\/wp\/v2\/product\/799"}],"collection":[{"href":"https:\/\/www.profilc.com\/boutique\/wp-json\/wp\/v2\/product"}],"about":[{"href":"https:\/\/www.profilc.com\/boutique\/wp-json\/wp\/v2\/types\/product"}],"wp:featuredmedia":[{"embeddable":true,"href":"https:\/\/www.profilc.com\/boutique\/wp-json\/wp\/v2\/media\/1685"}],"wp:attachment":[{"href":"https:\/\/www.profilc.com\/boutique\/wp-json\/wp\/v2\/media?parent=799"}],"wp:term":[{"taxonomy":"product_cat","embeddable":true,"href":"https:\/\/www.profilc.com\/boutique\/wp-json\/wp\/v2\/product_cat?post=799"},{"taxonomy":"product_tag","embeddable":true,"href":"https:\/\/www.profilc.com\/boutique\/wp-json\/wp\/v2\/product_tag?post=799"}],"curies":[{"name":"wp","href":"https:\/\/api.w.org\/{rel}","templated":true}]}}